{"id":25892,"date":"2020-05-27T13:28:19","date_gmt":"2020-05-27T13:28:19","guid":{"rendered":"https:\/\/tanhuuqui.com\/?page_id=4047"},"modified":"2025-07-05T09:13:19","modified_gmt":"2025-07-05T02:13:19","slug":"ban-quan-ly","status":"publish","type":"page","link":"https:\/\/tanhuuqui.com\/en\/ban-quan-ly\/","title":{"rendered":"Management"},"content":{"rendered":"<div data-elementor-type=\"wp-page\" data-elementor-id=\"25892\" class=\"elementor elementor-25892\" data-elementor-post-type=\"page\">\n\t\t\t\t\t\t<section class=\"elementor-section elementor-top-section elementor-element elementor-element-3cfdc38 elementor-section-boxed elementor-section-height-default elementor-section-height-default sc_fly_static\" data-id=\"3cfdc38\" data-element_type=\"section\" data-e-type=\"section\">\n\t\t\t\t\t\t<div class=\"elementor-container elementor-column-gap-extended\">\n\t\t\t\t\t<div class=\"elementor-column elementor-col-100 elementor-top-column elementor-element elementor-element-57f3237 sc_content_align_inherit sc_layouts_column_icons_position_left sc_fly_static\" data-id=\"57f3237\" data-element_type=\"column\" data-e-type=\"column\">\n\t\t\t<div class=\"elementor-widget-wrap elementor-element-populated\">\n\t\t\t\t\t\t<div class=\"elementor-element elementor-element-4f47506 sc_fly_static elementor-widget elementor-widget-spacer\" data-id=\"4f47506\" data-element_type=\"widget\" data-e-type=\"widget\" data-widget_type=\"spacer.default\">\n\t\t\t\t<div class=\"elementor-widget-container\">\n\t\t\t\t\t\t\t<div class=\"elementor-spacer\">\n\t\t\t<div class=\"elementor-spacer-inner\"><\/div>\n\t\t<\/div>\n\t\t\t\t\t\t<\/div>\n\t\t\t\t<\/div>\n\t\t\t\t<div class=\"elementor-element elementor-element-94a5522 sc_fly_static elementor-widget elementor-widget-heading\" data-id=\"94a5522\" data-element_type=\"widget\" data-e-type=\"widget\" data-widget_type=\"heading.default\">\n\t\t\t\t<div class=\"elementor-widget-container\">\n\t\t\t\t\t<h2 class=\"elementor-heading-title elementor-size-default\">Advisory Team &amp; Management Board<\/h2>\t\t\t\t<\/div>\n\t\t\t\t<\/div>\n\t\t\t\t<div class=\"elementor-element elementor-element-b7fbede sc_fly_static elementor-widget elementor-widget-heading\" data-id=\"b7fbede\" data-element_type=\"widget\" data-e-type=\"widget\" data-widget_type=\"heading.default\">\n\t\t\t\t<div class=\"elementor-widget-container\">\n\t\t\t\t\t<h2 class=\"elementor-heading-title elementor-size-default\">TAN HUU QUI<\/h2>\t\t\t\t<\/div>\n\t\t\t\t<\/div>\n\t\t\t\t<div class=\"elementor-element elementor-element-58b19fd sc_height_large sc_fly_static elementor-widget elementor-widget-spacer\" data-id=\"58b19fd\" data-element_type=\"widget\" data-e-type=\"widget\" data-widget_type=\"spacer.default\">\n\t\t\t\t<div class=\"elementor-widget-container\">\n\t\t\t\t\t\t\t<div class=\"elementor-spacer\">\n\t\t\t<div class=\"elementor-spacer-inner\"><\/div>\n\t\t<\/div>\n\t\t\t\t\t\t<\/div>\n\t\t\t\t<\/div>\n\t\t\t\t<div class=\"elementor-element elementor-element-ae72f7a sc_fly_static elementor-widget elementor-widget-trx_sc_team\" data-id=\"ae72f7a\" data-element_type=\"widget\" data-e-type=\"widget\" data-widget_type=\"trx_sc_team.default\">\n\t\t\t\t<div class=\"elementor-widget-container\">\n\t\t\t\t\t<div \t\tclass=\"sc_team sc_team_metro\"><div class=\"sc_team_columns_wrap sc_item_columns sc_item_posts_container trx_addons_columns_wrap columns_padding_bottom\"><div class=\"trx_addons_column-1_2\"><div data-post-id=\"25887\" class=\"sc_team_item sc_item_container post_container no_links post-25887 cpt_team type-cpt_team status-publish has-post-thumbnail hentry cpt_team_group-experts\">\n\t<div class=\"post_featured with_thumb hover_link sc_team_item_thumb post_featured_bg\"><span class=\"post_thumb post_thumb_bg bg_in pathfinder_inline_892216691\"><\/span>\t\t\t\t\t\t<div class=\"mask\"><\/div>\n\t\t\t\t\t\t<a class=\"post_link sc_team_item_link\" href=\"\"><\/a>\t\t\t<a href=\"https:\/\/tanhuuqui.com\/en\/team\/duong-duy-dong\/\"  aria-hidden=\"true\" class=\"link\"><\/a>\n\t\t\t<\/div>\t<div class=\"sc_team_item_info\">\n\t\t<div class=\"sc_team_item_header\">\n\t\t\t<h4 class=\"sc_team_item_title entry-title\">ASSOC.PhD. Duong Duy Dong<\/h4>\n\t\t\t<div class=\"sc_team_item_subtitle\">Professional advisor<\/div>\t\t\t\t\t\t\t<div class=\"sc_team_item_content\">\n\t\t\t\t\t<p><span style=\"font-size: 14px;\">Nguy\u00ean Tr\u01b0\u1edfng B\u1ed9 m\u00f4n Dinh d\u01b0\u1ee1ng, nguy\u00ean Ph\u00f3 Hi\u1ec7u tr\u01b0\u1edfng Tr\u01b0\u1eddng \u0110H N\u00f4ng L\u00e2m TP.HCM.<\/span><\/p>\n<p><span style=\"font-size:14px;\" class=\"icon-mail-empty\">\u00a0dong.duongduy@hotmail.com<\/span><\/p>\n\t\t\t\t<\/div>\n\t\t\t\t\t\t\t<div class=\"sc_team_item_socials socials_wrap trx_addons_hover_info\"><a target=\"_blank\" rel=\"nofollow\" href=\"https:\/\/facebook.com\/tanhuuqui\/\" class=\"social_item social_item_style_icons sc_icon_type_icons social_item_type_icons\"><span class=\"social_icon social_icon_facebook-1\" style=\"\"><span class=\"screen-reader-text\">facebook-1<\/span><span class=\"icon-facebook-1\"><\/span><\/span><\/a><\/div>\n\t\t\t\t\t<\/div>\n\t<\/div>\n<\/div>\n<\/div><div class=\"trx_addons_column-1_2\"><div data-post-id=\"25886\" class=\"sc_team_item sc_item_container post_container no_links post-25886 cpt_team type-cpt_team status-publish has-post-thumbnail hentry cpt_team_group-experts\">\n\t<div class=\"post_featured with_thumb hover_link sc_team_item_thumb post_featured_bg\"><span class=\"post_thumb post_thumb_bg bg_in pathfinder_inline_512774220\"><\/span>\t\t\t\t\t\t<div class=\"mask\"><\/div>\n\t\t\t\t\t\t<a class=\"post_link sc_team_item_link\" href=\"\"><\/a>\t\t\t<a href=\"https:\/\/tanhuuqui.com\/en\/team\/hoang-ngoc-tri-thuc\/\"  aria-hidden=\"true\" class=\"link\"><\/a>\n\t\t\t<\/div>\t<div class=\"sc_team_item_info\">\n\t\t<div class=\"sc_team_item_header\">\n\t\t\t<h4 class=\"sc_team_item_title entry-title\">Hoang Ngoc Tri Thuc<\/h4>\n\t\t\t<div class=\"sc_team_item_subtitle\">Gi\u00e1m \u0111\u1ed1c<\/div>\t\t\t\t\t\t\t<div class=\"sc_team_item_content\">\n\t\t\t\t\t<p><span style=\"font-size: 14px;\">L\u00e3nh \u0111\u1ea1o chi\u1ebfn l\u01b0\u1ee3c, \u0111\u1ecbnh h\u01b0\u1edbng t\u1ea7m nh\u00ecn, s\u1ee9 m\u1ec7nh v\u00e0 \u0111i\u1ec1u h\u00e0nh to\u00e0n b\u1ed9 ho\u1ea1t \u0111\u1ed9ng doanh nghi\u1ec7p.<\/span><\/p>\n<p><span style=\"font-size:14px;\" class=\"icon-mail-empty\">\u00a0hntthuc@tanhuuqui.com<\/span><\/p>\n\t\t\t\t<\/div>\n\t\t\t\t\t\t\t<div class=\"sc_team_item_socials socials_wrap trx_addons_hover_info\"><a target=\"_blank\" rel=\"nofollow\" href=\"https:\/\/facebook.com\/hntthuc\/\" class=\"social_item social_item_style_icons sc_icon_type_icons social_item_type_icons\"><span class=\"social_icon social_icon_facebook-1\" style=\"\"><span class=\"screen-reader-text\">facebook-1<\/span><span class=\"icon-facebook-1\"><\/span><\/span><\/a><a target=\"_blank\" rel=\"nofollow\" href=\"http:\/\/+8473011456\" class=\"social_item social_item_style_icons sc_icon_type_icons social_item_type_icons\"><span class=\"social_icon social_icon_phone-2\" style=\"\"><span class=\"screen-reader-text\">phone-2<\/span><span class=\"icon-phone-2\"><\/span><\/span><\/a><a target=\"_blank\" rel=\"nofollow\" href=\"mailto:hntthuc@tanhuuqui.com\" class=\"social_item social_item_style_icons sc_icon_type_icons social_item_type_icons\"><span class=\"social_icon social_icon_mail\" style=\"\"><span class=\"screen-reader-text\">mail<\/span><span class=\"icon-mail\"><\/span><\/span><\/a><\/div>\n\t\t\t\t\t<\/div>\n\t<\/div>\n<\/div>\n<\/div><div class=\"trx_addons_column-1_2\"><div data-post-id=\"40471\" class=\"sc_team_item sc_item_container post_container no_links post-40471 cpt_team type-cpt_team status-publish has-post-thumbnail hentry cpt_team_group-experts\">\n\t<div class=\"post_featured with_thumb hover_link sc_team_item_thumb post_featured_bg\"><span class=\"post_thumb post_thumb_bg bg_in pathfinder_inline_1964248698\"><\/span>\t\t\t\t\t\t<div class=\"mask\"><\/div>\n\t\t\t\t\t\t<a class=\"post_link sc_team_item_link\" href=\"\"><\/a>\t\t\t<a href=\"https:\/\/tanhuuqui.com\/en\/team\/nguyen-tuyet-mai\/\"  aria-hidden=\"true\" class=\"link\"><\/a>\n\t\t\t<\/div>\t<div class=\"sc_team_item_info\">\n\t\t<div class=\"sc_team_item_header\">\n\t\t\t<h4 class=\"sc_team_item_title entry-title\">Nguy\u1ec5n Tuy\u1ebft Mai<\/h4>\n\t\t\t<div class=\"sc_team_item_subtitle\">Gi\u00e1m \u0111\u1ed1c Kh\u1ed1i Kinh doanh<\/div>\t\t\t\t\t\t\t<div class=\"sc_team_item_content\">\n\t\t\t\t\t<p><span style=\"font-size: 14px;\">Ph\u1ee5 tr\u00e1ch chi\u1ebfn l\u01b0\u1ee3c v\u00e0 v\u1eadn h\u00e0nh to\u00e0n b\u1ed9 ho\u1ea1t \u0111\u1ed9ng Kh\u1ed1i Kinh doanh.<\/span><\/p>\n<p><span style=\"font-size:14px;\" class=\"icon-mail-empty\"> ntmai@tanhuuqui.com<\/span><\/p>\n\t\t\t\t<\/div>\n\t\t\t\t\t\t\t<div class=\"sc_team_item_socials socials_wrap trx_addons_hover_info\"><a target=\"_blank\" rel=\"nofollow\" href=\"http:\/\/ntmai@tanhuuqui.com\/en\/\" class=\"social_item social_item_style_icons sc_icon_type_icons social_item_type_icons\"><span class=\"social_icon social_icon_mail\" style=\"\"><span class=\"screen-reader-text\">mail<\/span><span class=\"icon-mail\"><\/span><\/span><\/a><\/div>\n\t\t\t\t\t<\/div>\n\t<\/div>\n<\/div>\n<\/div><div class=\"trx_addons_column-1_2\"><div data-post-id=\"25884\" class=\"sc_team_item sc_item_container post_container no_links post-25884 cpt_team type-cpt_team status-publish has-post-thumbnail hentry cpt_team_group-experts\">\n\t<div class=\"post_featured with_thumb hover_link sc_team_item_thumb post_featured_bg\"><span class=\"post_thumb post_thumb_bg bg_in pathfinder_inline_592091801\"><\/span>\t\t\t\t\t\t<div class=\"mask\"><\/div>\n\t\t\t\t\t\t<a class=\"post_link sc_team_item_link\" href=\"\"><\/a>\t\t\t<a href=\"https:\/\/tanhuuqui.com\/en\/team\/le-thi-hong-lam\/\"  aria-hidden=\"true\" class=\"link\"><\/a>\n\t\t\t<\/div>\t<div class=\"sc_team_item_info\">\n\t\t<div class=\"sc_team_item_header\">\n\t\t\t<h4 class=\"sc_team_item_title entry-title\">Le Thi Hong Lam<\/h4>\n\t\t\t<div class=\"sc_team_item_subtitle\">Ph\u00f3 Gi\u00e1m \u0111\u1ed1c T\u00e0i ch\u00ednh \u2013 Nh\u00e2n s\u1ef1<\/div>\t\t\t\t\t\t\t<div class=\"sc_team_item_content\">\n\t\t\t\t\t<p><span style=\"font-size: 14px;\">Qu\u1ea3n l\u00fd v\u00e0 \u0111i\u1ec1u h\u00e0nh t\u00e0i ch\u00ednh v\u00e0 ngu\u1ed3n l\u1ef1c n\u1ed9i b\u1ed9.<\/span><\/p>\n<p><span style=\"font-size: 14px;\" class=\"icon-mail-empty\">\u00a0ketoan01@tanhuuqui.com<\/span><\/p>\n\t\t\t\t<\/div>\n\t\t\t\t\t\t\t<div class=\"sc_team_item_socials socials_wrap trx_addons_hover_info\"><a target=\"_blank\" rel=\"nofollow\" href=\"https:\/\/facebook.com\/tanhuuqui\/\" class=\"social_item social_item_style_icons sc_icon_type_icons social_item_type_icons\"><span class=\"social_icon social_icon_facebook-1\" style=\"\"><span class=\"screen-reader-text\">facebook-1<\/span><span class=\"icon-facebook-1\"><\/span><\/span><\/a><a target=\"_blank\" rel=\"nofollow\" href=\"tel:0916140033\" class=\"social_item social_item_style_icons sc_icon_type_icons social_item_type_icons\"><span class=\"social_icon social_icon_phone-2\" style=\"\"><span class=\"screen-reader-text\">phone-2<\/span><span class=\"icon-phone-2\"><\/span><\/span><\/a><a target=\"_blank\" rel=\"nofollow\" href=\"http:\/\/ketoan01@tanhuuqui.com\/en\/\" class=\"social_item social_item_style_icons sc_icon_type_icons social_item_type_icons\"><span class=\"social_icon social_icon_mail\" style=\"\"><span class=\"screen-reader-text\">mail<\/span><span class=\"icon-mail\"><\/span><\/span><\/a><\/div>\n\t\t\t\t\t<\/div>\n\t<\/div>\n<\/div>\n<\/div><div class=\"trx_addons_column-1_2\"><div data-post-id=\"25883\" class=\"sc_team_item sc_item_container post_container no_links post-25883 cpt_team type-cpt_team status-publish has-post-thumbnail hentry cpt_team_group-experts\">\n\t<div class=\"post_featured with_thumb hover_link sc_team_item_thumb post_featured_bg\"><span class=\"post_thumb post_thumb_bg bg_in pathfinder_inline_219033926\"><\/span>\t\t\t\t\t\t<div class=\"mask\"><\/div>\n\t\t\t\t\t\t<a class=\"post_link sc_team_item_link\" href=\"\"><\/a>\t\t\t<a href=\"https:\/\/tanhuuqui.com\/en\/team\/tran-thi-hong-tuoi\/\"  aria-hidden=\"true\" class=\"link\"><\/a>\n\t\t\t<\/div>\t<div class=\"sc_team_item_info\">\n\t\t<div class=\"sc_team_item_header\">\n\t\t\t<h4 class=\"sc_team_item_title entry-title\">Huynh Thi Hong Tuoi<\/h4>\n\t\t\t<div class=\"sc_team_item_subtitle\">Ph\u00f3 Gi\u00e1m \u0111\u1ed1c Kinh doanh N\u00f4ng s\u1ea3n<\/div>\t\t\t\t\t\t\t<div class=\"sc_team_item_content\">\n\t\t\t\t\t<p><span style=\"font-size: 14px;\">Qu\u1ea3n l\u00fd v\u00e0 \u0111i\u1ec1u h\u00e0nh ho\u1ea1t \u0111\u1ed9ng kinh doanh n\u00f4ng s\u1ea3n.<\/span><\/p>\n<p><span style=\"font-size: 14px;\" class=\"icon-mail-empty\">\u00a0muahang01@tanhuuqui.com<\/span><\/p>\n\t\t\t\t<\/div>\n\t\t\t\t\t\t\t<div class=\"sc_team_item_socials socials_wrap trx_addons_hover_info\"><a target=\"_blank\" rel=\"nofollow\" href=\"https:\/\/facebook.com\/tanhuuqui\/\" class=\"social_item social_item_style_icons sc_icon_type_icons social_item_type_icons\"><span class=\"social_icon social_icon_facebook-1\" style=\"\"><span class=\"screen-reader-text\">facebook-1<\/span><span class=\"icon-facebook-1\"><\/span><\/span><\/a><a target=\"_blank\" rel=\"nofollow\" href=\"tel:0316313069\" class=\"social_item social_item_style_icons sc_icon_type_icons social_item_type_icons\"><span class=\"social_icon social_icon_phone-2\" style=\"\"><span class=\"screen-reader-text\">phone-2<\/span><span class=\"icon-phone-2\"><\/span><\/span><\/a><a target=\"_blank\" rel=\"nofollow\" href=\"mailto:kinhdoanh02@tanhuuqui.com\" class=\"social_item social_item_style_icons sc_icon_type_icons social_item_type_icons\"><span class=\"social_icon social_icon_mail\" style=\"\"><span class=\"screen-reader-text\">mail<\/span><span class=\"icon-mail\"><\/span><\/span><\/a><\/div>\n\t\t\t\t\t<\/div>\n\t<\/div>\n<\/div>\n<\/div><div class=\"trx_addons_column-1_2\"><div data-post-id=\"25882\" class=\"sc_team_item sc_item_container post_container no_links post-25882 cpt_team type-cpt_team status-publish has-post-thumbnail hentry cpt_team_group-experts\">\n\t<div class=\"post_featured with_thumb hover_link sc_team_item_thumb post_featured_bg\"><span class=\"post_thumb post_thumb_bg bg_in pathfinder_inline_677998191\"><\/span>\t\t\t\t\t\t<div class=\"mask\"><\/div>\n\t\t\t\t\t\t<a class=\"post_link sc_team_item_link\" href=\"\"><\/a>\t\t\t<a href=\"https:\/\/tanhuuqui.com\/en\/team\/bui-thi-phalel\/\"  aria-hidden=\"true\" class=\"link\"><\/a>\n\t\t\t<\/div>\t<div class=\"sc_team_item_info\">\n\t\t<div class=\"sc_team_item_header\">\n\t\t\t<h4 class=\"sc_team_item_title entry-title\">Bui Thi Phalel<\/h4>\n\t\t\t<div class=\"sc_team_item_subtitle\">Ph\u00f3 Gi\u00e1m \u0111\u1ed1c Kinh doanh Ph\u1ee5 gia<\/div>\t\t\t\t\t\t\t<div class=\"sc_team_item_content\">\n\t\t\t\t\t<p><span style=\"font-size: 14px;\">Qu\u1ea3n l\u00fd v\u00e0 \u0111i\u1ec1u h\u00e0nh ho\u1ea1t \u0111\u1ed9ng kinh doanh ph\u1ee5 gia.<\/span><\/p>\n<p><span style=\"font-size: 14px;\" class=\"icon-mail-empty\">\u00a0kinhdoanh03@tanhuuqui.com<\/span><\/p>\n\t\t\t\t<\/div>\n\t\t\t\t\t\t\t<div class=\"sc_team_item_socials socials_wrap trx_addons_hover_info\"><a target=\"_blank\" rel=\"nofollow\" href=\"https:\/\/facebook.com\/tanhuuqui\/\" class=\"social_item social_item_style_icons sc_icon_type_icons social_item_type_icons\"><span class=\"social_icon social_icon_facebook-1\" style=\"\"><span class=\"screen-reader-text\">facebook-1<\/span><span class=\"icon-facebook-1\"><\/span><\/span><\/a><a target=\"_blank\" rel=\"nofollow\" href=\"tel:0916497717\" class=\"social_item social_item_style_icons sc_icon_type_icons social_item_type_icons\"><span class=\"social_icon social_icon_phone-2\" style=\"\"><span class=\"screen-reader-text\">phone-2<\/span><span class=\"icon-phone-2\"><\/span><\/span><\/a><a target=\"_blank\" rel=\"nofollow\" href=\"mailto:kinhdoanh03@tanhuuqui.com\" class=\"social_item social_item_style_icons sc_icon_type_icons social_item_type_icons\"><span class=\"social_icon social_icon_mail\" style=\"\"><span class=\"screen-reader-text\">mail<\/span><span class=\"icon-mail\"><\/span><\/span><\/a><\/div>\n\t\t\t\t\t<\/div>\n\t<\/div>\n<\/div>\n<\/div><\/div><\/div>\t\t\t\t<\/div>\n\t\t\t\t<\/div>\n\t\t\t\t<div class=\"elementor-element elementor-element-262b4ca sc_height_huge sc_fly_static elementor-widget elementor-widget-spacer\" data-id=\"262b4ca\" data-element_type=\"widget\" data-e-type=\"widget\" data-widget_type=\"spacer.default\">\n\t\t\t\t<div class=\"elementor-widget-container\">\n\t\t\t\t\t\t\t<div class=\"elementor-spacer\">\n\t\t\t<div class=\"elementor-spacer-inner\"><\/div>\n\t\t<\/div>\n\t\t\t\t\t\t<\/div>\n\t\t\t\t<\/div>\n\t\t\t\t\t<\/div>\n\t\t<\/div>\n\t\t\t\t\t<\/div>\n\t\t<\/section>\n\t\t\t\t<\/div>","protected":false},"excerpt":{"rendered":"<p>\u0110\u1ed9i ng\u0169 C\u1ed1 v\u1ea5n &amp; Ban Qu\u1ea3n L\u00fd T\u00c2N H\u1eeeU QU\u00cd PGS.TS D\u01b0\u01a1ng Duy \u0110\u1ed3ng C\u1ed1 v\u1ea5n chuy\u00ean m\u00f4n Nguy\u00ean Tr\u01b0\u1edfng B\u1ed9 m\u00f4n Dinh d\u01b0\u1ee1ng, nguy\u00ean Ph\u00f3 Hi\u1ec7u tr\u01b0\u1edfng Tr\u01b0\u1eddng&hellip;<\/p>","protected":false},"author":1,"featured_media":0,"parent":0,"menu_order":0,"comment_status":"closed","ping_status":"closed","template":"","meta":{"om_disable_all_campaigns":false,"_mi_skip_tracking":false,"_monsterinsights_sitenote_active":false,"_monsterinsights_sitenote_note":"","_monsterinsights_sitenote_category":0,"footnotes":""},"class_list":["post-25892","page","type-page","status-publish","hentry"],"aioseo_notices":[],"_links":{"self":[{"href":"https:\/\/tanhuuqui.com\/en\/wp-json\/wp\/v2\/pages\/25892","targetHints":{"allow":["GET"]}}],"collection":[{"href":"https:\/\/tanhuuqui.com\/en\/wp-json\/wp\/v2\/pages"}],"about":[{"href":"https:\/\/tanhuuqui.com\/en\/wp-json\/wp\/v2\/types\/page"}],"author":[{"embeddable":true,"href":"https:\/\/tanhuuqui.com\/en\/wp-json\/wp\/v2\/users\/1"}],"replies":[{"embeddable":true,"href":"https:\/\/tanhuuqui.com\/en\/wp-json\/wp\/v2\/comments?post=25892"}],"version-history":[{"count":45,"href":"https:\/\/tanhuuqui.com\/en\/wp-json\/wp\/v2\/pages\/25892\/revisions"}],"predecessor-version":[{"id":40509,"href":"https:\/\/tanhuuqui.com\/en\/wp-json\/wp\/v2\/pages\/25892\/revisions\/40509"}],"wp:attachment":[{"href":"https:\/\/tanhuuqui.com\/en\/wp-json\/wp\/v2\/media?parent=25892"}],"curies":[{"name":"wp","href":"https:\/\/api.w.org\/{rel}","templated":true}]}}