{"id":13482,"date":"2016-06-22T11:25:51","date_gmt":"2016-06-22T04:25:51","guid":{"rendered":"http:\/\/tanhuuqui.com\/san-pham\/dcp-vo-co\/"},"modified":"2025-10-28T16:16:19","modified_gmt":"2025-10-28T09:16:19","slug":"dcp-vo-co-tan-huu-qui","status":"publish","type":"product","link":"https:\/\/tanhuuqui.com\/en\/product\/dcp-vo-co-tan-huu-qui\/","title":{"rendered":"DCP inorganic \u2013 Balanced minerals for pets"},"content":{"rendered":"<h3><span style=\"color: #ff6600;\"><strong>DCP V\u00d4 C\u01a0<\/strong><\/span><\/h3>\n<p>DCP (Dicalcium phosphate) l\u00e0 m\u1ed9t ch\u1ea5t b\u1ed5 sung trong th\u1ee9c \u0103n ch\u0103n nu\u00f4i, gi\u00fap b\u1ed5 sung kho\u00e1ng \u0111a l\u01b0\u1ee3ng. DCP v\u00f4 c\u01a1 l\u00e0 nguy\u00ean li\u1ec7u ch\u00ednh \u0111\u1ec3 cung c\u1ea5p calci v\u00e0 phosphor trong th\u1ee9c \u0103n ch\u0103n nu\u00f4i b\u00f2 s\u1eefa gi\u00fap c\u00e2n b\u1eb1ng dinh d\u01b0\u1ee1ng, \u0111\u1ea3m b\u1ea3o \u0111\u00e1p \u1ee9ng \u0111\u1ee7 h\u00e0m l\u01b0\u1ee3ng calci v\u00e0 phosphor cho nhu c\u1ea7u duy tr\u00ec v\u00e0 ti\u1ebft s\u1eefa tr\u00ean b\u00f2.<\/p>\n<p><strong>\u0110\u1eb7c t\u00ednh v\u1eadt l\u00fd:<\/strong><\/p>\n<p>B\u1ed9t m\u1ecbn m\u00e0u tr\u1eafng<\/p>\n<p><strong>\u0110\u1eb7c t\u00ednh h\u00f3a h\u1ecdc<\/strong><\/p>\n<ul>\n<li>Ca \u2265 20%<\/li>\n<li>P \u2265 17%<\/li>\n<\/ul>\n<p><strong>Specification:<\/strong> H\u00e0ng bao PP (50kg\/bao)<\/p>\n<p><strong>Place of origin:<\/strong> Lilong\/Th\u1ee7y Tr\u00ecnh (Trung Qu\u1ed1c)<\/p>\n<p><strong>B\u1ea3o qu\u1ea3n<\/strong>: N\u01a1i kh\u00f4 r\u00e1o tho\u00e1ng m\u00e1t<\/p>\n<h4><span style=\"color: #ff6600;\"><strong>NH\u00c0 PH\u00c2N PH\u1ed0I DPC V\u00d4 C\u01a0<\/strong><\/span><\/h4>\n<p><strong>C\u00d4NG TY TNHH TH\u01af\u01a0NG M\u1ea0I D\u1ecaCH V\u1ee4 T\u00c2N H\u1eeeU QU\u00cd<\/strong><\/p>\n<p>2, \u0110\u01b0\u1eddng s\u1ed1 2, P. Ph\u01b0\u1edbc Long, TP. H\u1ed3 Ch\u00ed Minh<\/p>\n<h4><span style=\"color: #ff6600;\"><strong>LI\u00caN H\u1ec6 \u0110\u1eb6T H\u00c0NG S\u1ea2N PH\u1ea8M <\/strong><strong>C\u1ee6A CH\u00daNG T\u00d4I:<\/strong><\/span><\/h4>\n<p>Tel: <strong>Ms. Phalel &#8211; <\/strong><em><b>0916.497.717<\/b><\/em>\u00a0\u00a0\u00a0\u00a0\u00a0\u00a0 Email: <a href=\"mailto:kinhdoanh03@tanhuuqui.com\">kinhdoanh03@tanhuuqui.com<\/a><\/p>\n<p>Webstie:\u00a0<a href=\"http:\/\/tanhuuqui.com\/en\/\">www.tanhuuqui.com<\/a><\/p>\n<p>Fanpage:\u00a0<a href=\"https:\/\/www.facebook.com\/tanhuuqui\"><strong>C\u00f4ng ty TNHH TM DV T\u00e2n H\u1eefu Qu\u00ed<\/strong><\/a><\/p>\n<p>Xem th\u00eam s\u1ea3n ph\u1ea9m:\u00a0<a href=\"http:\/\/tanhuuqui.com\/en\/product\/mix-alive-thao-duoc-thay-khang-sinh\/\">Mix-Alive<\/a><\/p>\n<p>&nbsp;<\/p>","protected":false},"excerpt":{"rendered":"<h3><span style=\"color: #ff6600;\"><strong>DCP V\u00d4 C\u01a0<\/strong><\/span><\/h3>\n<p><strong>\u0110\u1eb7c t\u00ednh v\u1eadt l\u00fd:<\/strong><\/p>\n<p>B\u1ed9t m\u1ecbn m\u00e0u tr\u1eafng<\/p>\n<p><strong>\u0110\u1eb7c t\u00ednh h\u00f3a h\u1ecdc<\/strong><\/p>\n<ul>\n<li>Ca \u2265 20%<\/li>\n<li>P \u2265 17%<\/li>\n<\/ul>\n<p>&nbsp;<\/p>","protected":false},"featured_media":16105,"comment_status":"closed","ping_status":"closed","template":"","meta":{"om_disable_all_campaigns":false,"_mi_skip_tracking":false,"_monsterinsights_sitenote_active":false,"_monsterinsights_sitenote_note":"","_monsterinsights_sitenote_category":0},"product_brand":[],"product_cat":[492,529,493],"product_tag":[],"class_list":{"0":"post-13482","1":"product","2":"type-product","3":"status-publish","4":"has-post-thumbnail","6":"product_cat-phu-gia","7":"product_cat-phu-gia-chinh","8":"product_cat-phu-gia-khac","10":"first","11":"instock","12":"shipping-taxable","13":"product-type-simple"},"aioseo_notices":[],"_links":{"self":[{"href":"https:\/\/tanhuuqui.com\/en\/wp-json\/wp\/v2\/product\/13482","targetHints":{"allow":["GET"]}}],"collection":[{"href":"https:\/\/tanhuuqui.com\/en\/wp-json\/wp\/v2\/product"}],"about":[{"href":"https:\/\/tanhuuqui.com\/en\/wp-json\/wp\/v2\/types\/product"}],"replies":[{"embeddable":true,"href":"https:\/\/tanhuuqui.com\/en\/wp-json\/wp\/v2\/comments?post=13482"}],"version-history":[{"count":3,"href":"https:\/\/tanhuuqui.com\/en\/wp-json\/wp\/v2\/product\/13482\/revisions"}],"predecessor-version":[{"id":40810,"href":"https:\/\/tanhuuqui.com\/en\/wp-json\/wp\/v2\/product\/13482\/revisions\/40810"}],"wp:featuredmedia":[{"embeddable":true,"href":"https:\/\/tanhuuqui.com\/en\/wp-json\/wp\/v2\/media\/16105"}],"wp:attachment":[{"href":"https:\/\/tanhuuqui.com\/en\/wp-json\/wp\/v2\/media?parent=13482"}],"wp:term":[{"taxonomy":"product_brand","embeddable":true,"href":"https:\/\/tanhuuqui.com\/en\/wp-json\/wp\/v2\/product_brand?post=13482"},{"taxonomy":"product_cat","embeddable":true,"href":"https:\/\/tanhuuqui.com\/en\/wp-json\/wp\/v2\/product_cat?post=13482"},{"taxonomy":"product_tag","embeddable":true,"href":"https:\/\/tanhuuqui.com\/en\/wp-json\/wp\/v2\/product_tag?post=13482"}],"curies":[{"name":"wp","href":"https:\/\/api.w.org\/{rel}","templated":true}]}}