{"id":25896,"date":"2023-10-22T23:36:40","date_gmt":"2023-10-22T16:36:40","guid":{"rendered":"https:\/\/tanhuuqui.com\/?page_id=25883"},"modified":"2023-10-22T23:36:40","modified_gmt":"2023-10-22T16:36:40","slug":"thu-thach-chay-bo-tan-huu-qui","status":"publish","type":"page","link":"https:\/\/tanhuuqui.com\/ja\/thu-thach-chay-bo-tan-huu-qui\/","title":{"rendered":"T\u00e2n H\u1eefu Qu\u00ed t\u1ed5 ch\u1ee9c ch\u1ea1y b\u1ed9 g\u00e2y qu\u1ef9 v\u00ec tr\u1ebb em"},"content":{"rendered":"<div data-elementor-type=\"wp-page\" data-elementor-id=\"25896\" class=\"elementor elementor-25896\" data-elementor-post-type=\"page\">\n\t\t\t\t\t\t<section class=\"elementor-section elementor-top-section elementor-element elementor-element-bb9c13f elementor-section-full_width sc_layouts_hide_on_tablet sc_layouts_hide_on_mobile elementor-section-height-default elementor-section-height-default sc_fly_static\" data-id=\"bb9c13f\" data-element_type=\"section\" data-e-type=\"section\">\n\t\t\t\t\t\t<div class=\"elementor-container elementor-column-gap-no\">\n\t\t\t\t\t<div class=\"elementor-column elementor-col-100 elementor-top-column elementor-element elementor-element-3e4eb82 sc_content_align_inherit sc_layouts_column_icons_position_left sc_fly_static\" data-id=\"3e4eb82\" data-element_type=\"column\" data-e-type=\"column\">\n\t\t\t<div class=\"elementor-widget-wrap elementor-element-populated\">\n\t\t\t\t\t\t<div class=\"elementor-element elementor-element-7fc1938 sc_fly_static elementor-widget elementor-widget-image\" data-id=\"7fc1938\" data-element_type=\"widget\" data-e-type=\"widget\" data-widget_type=\"image.default\">\n\t\t\t\t<div class=\"elementor-widget-container\">\n\t\t\t\t\t\t\t\t\t\t\t\t\t\t\t<img decoding=\"async\" src=\"https:\/\/tanhuuqui.com\/wp-content\/uploads\/2023\/10\/Banner.jpg\" title=\"\" alt=\"\" loading=\"lazy\" \/>\t\t\t\t\t\t\t\t\t\t\t\t\t\t\t<\/div>\n\t\t\t\t<\/div>\n\t\t\t\t\t<\/div>\n\t\t<\/div>\n\t\t\t\t\t<\/div>\n\t\t<\/section>\n\t\t\t\t<section class=\"elementor-section elementor-top-section elementor-element elementor-element-23f47d5 elementor-section-full_width sc_layouts_hide_on_wide sc_layouts_hide_on_desktop sc_layouts_hide_on_notebook elementor-section-height-default elementor-section-height-default sc_fly_static\" data-id=\"23f47d5\" data-element_type=\"section\" data-e-type=\"section\">\n\t\t\t\t\t\t<div class=\"elementor-container elementor-column-gap-no\">\n\t\t\t\t\t<div class=\"elementor-column elementor-col-100 elementor-top-column elementor-element elementor-element-f73bb2b sc_content_align_inherit sc_layouts_column_icons_position_left sc_fly_static\" data-id=\"f73bb2b\" data-element_type=\"column\" data-e-type=\"column\">\n\t\t\t<div class=\"elementor-widget-wrap elementor-element-populated\">\n\t\t\t\t\t\t<div class=\"elementor-element elementor-element-370055c sc_fly_static elementor-widget elementor-widget-image\" data-id=\"370055c\" data-element_type=\"widget\" data-e-type=\"widget\" data-widget_type=\"image.default\">\n\t\t\t\t<div class=\"elementor-widget-container\">\n\t\t\t\t\t\t\t\t\t\t\t\t\t\t\t<img decoding=\"async\" src=\"https:\/\/tanhuuqui.com\/wp-content\/uploads\/2023\/10\/banner-chay-bo-gay-quy.jpg\" title=\"\" alt=\"\" loading=\"lazy\" \/>\t\t\t\t\t\t\t\t\t\t\t\t\t\t\t<\/div>\n\t\t\t\t<\/div>\n\t\t\t\t\t<\/div>\n\t\t<\/div>\n\t\t\t\t\t<\/div>\n\t\t<\/section>\n\t\t\t\t<section class=\"elementor-section elementor-top-section elementor-element elementor-element-287cdec elementor-section-height-min-height elementor-section-boxed elementor-section-height-default elementor-section-items-middle sc_fly_static\" data-id=\"287cdec\" data-element_type=\"section\" data-e-type=\"section\">\n\t\t\t\t\t\t<div class=\"elementor-container elementor-column-gap-extended\">\n\t\t\t\t\t<div class=\"elementor-column elementor-col-100 elementor-top-column elementor-element elementor-element-6a40d68 sc_content_align_inherit sc_layouts_column_icons_position_left sc_fly_static\" data-id=\"6a40d68\" data-element_type=\"column\" data-e-type=\"column\">\n\t\t\t<div class=\"elementor-widget-wrap elementor-element-populated\">\n\t\t\t\t\t\t<div class=\"elementor-element elementor-element-2914593 sc_fly_static elementor-widget elementor-widget-spacer\" data-id=\"2914593\" data-element_type=\"widget\" data-e-type=\"widget\" data-widget_type=\"spacer.default\">\n\t\t\t\t<div class=\"elementor-widget-container\">\n\t\t\t\t\t\t\t<div class=\"elementor-spacer\">\n\t\t\t<div class=\"elementor-spacer-inner\"><\/div>\n\t\t<\/div>\n\t\t\t\t\t\t<\/div>\n\t\t\t\t<\/div>\n\t\t\t\t<div class=\"elementor-element elementor-element-c225ea1 sc_fly_static elementor-widget elementor-widget-heading\" data-id=\"c225ea1\" data-element_type=\"widget\" data-e-type=\"widget\" data-widget_type=\"heading.default\">\n\t\t\t\t<div class=\"elementor-widget-container\">\n\t\t\t\t\t<h2 class=\"elementor-heading-title elementor-size-default\">T\u00e2n H\u1eefu Qu\u00ed t\u1ed5 ch\u1ee9c ch\u01b0\u01a1ng tr\u00ecnh\nch\u1ea1y b\u1ed9 g\u00e2y qu\u1ef9 v\u00ec tr\u1ebb em<\/h2>\t\t\t\t<\/div>\n\t\t\t\t<\/div>\n\t\t\t\t<div class=\"elementor-element elementor-element-fad1666 sc_fly_static elementor-widget elementor-widget-spacer\" data-id=\"fad1666\" data-element_type=\"widget\" data-e-type=\"widget\" data-widget_type=\"spacer.default\">\n\t\t\t\t<div class=\"elementor-widget-container\">\n\t\t\t\t\t\t\t<div class=\"elementor-spacer\">\n\t\t\t<div class=\"elementor-spacer-inner\"><\/div>\n\t\t<\/div>\n\t\t\t\t\t\t<\/div>\n\t\t\t\t<\/div>\n\t\t\t\t<div class=\"elementor-element elementor-element-3b800b0 sc_fly_static elementor-widget elementor-widget-text-editor\" data-id=\"3b800b0\" data-element_type=\"widget\" data-e-type=\"widget\" data-widget_type=\"text-editor.default\">\n\t\t\t\t<div class=\"elementor-widget-container\">\n\t\t\t\t\t\t\t\t\t<p style=\"text-align: justify;\">S\u1ee9 m\u1ec7nh ph\u00e1t tri\u1ec3n c\u1ee7a <strong>C\u00f4ng ty T\u00e2n H\u1eefu Qu\u00ed<\/strong> kh\u00f4ng ch\u1ec9 tr\u1edf th\u00e0nh Nh\u00e0 cung c\u1ea5p uy t\u00edn h\u00e0ng \u0111\u1ea7u v\u1edbi c\u00e1c s\u1ea3n ph\u1ea9m \u0111\u1ea3m b\u1ea3o ch\u1ea5t l\u01b0\u1ee3ng, l\u00e0 \u0111\u1ed1i t\u00e1c tin c\u1eady quan tr\u1ecdng c\u1ee7a Kh\u00e1ch h\u00e0ng, m\u00e0 c\u00f2n lu\u00f4n coi tr\u1ecdng vi\u1ec7c th\u1ec3 hi\u1ec7n tr\u00e1ch nhi\u1ec7m c\u1ee7a Doanh nghi\u1ec7p v\u1edbi c\u1ed9ng \u0111\u1ed3ng x\u00e3 h\u1ed9i. Trong su\u1ed1t qu\u00e1 tr\u00ecnh th\u00e0nh l\u1eadp v\u00e0 ho\u1ea1t \u0111\u1ed9ng, C\u00f4ng ty kh\u00f4ng ng\u1eebng n\u1ed7 l\u1ef1c \u0111\u1ec3 g\u00f3p ph\u1ea7n v\u00e0o s\u1ef1 ph\u00e1t tri\u1ec3n c\u1ee7a c\u1ed9ng \u0111\u1ed3ng xung quanh v\u1edbi nhi\u1ec1u ho\u1ea1t \u0111\u1ed9ng thi\u1ec7n nguy\u1ec7n c\u00f3 \u00fd ngh\u0129a.<\/p>\t\t\t\t\t\t\t\t<\/div>\n\t\t\t\t<\/div>\n\t\t\t\t<div class=\"elementor-element elementor-element-d59b51f sc_fly_static elementor-widget elementor-widget-spacer\" data-id=\"d59b51f\" data-element_type=\"widget\" data-e-type=\"widget\" data-widget_type=\"spacer.default\">\n\t\t\t\t<div class=\"elementor-widget-container\">\n\t\t\t\t\t\t\t<div class=\"elementor-spacer\">\n\t\t\t<div class=\"elementor-spacer-inner\"><\/div>\n\t\t<\/div>\n\t\t\t\t\t\t<\/div>\n\t\t\t\t<\/div>\n\t\t\t\t<div class=\"elementor-element elementor-element-0a1e856 sc_fly_static elementor-widget elementor-widget-heading\" data-id=\"0a1e856\" data-element_type=\"widget\" data-e-type=\"widget\" data-widget_type=\"heading.default\">\n\t\t\t\t<div class=\"elementor-widget-container\">\n\t\t\t\t\t<h2 class=\"elementor-heading-title elementor-size-default\">Th\u1eddi gian tri\u1ec3n khai<\/h2>\t\t\t\t<\/div>\n\t\t\t\t<\/div>\n\t\t\t\t<div class=\"elementor-element elementor-element-0f9a646 sc_fly_static elementor-widget elementor-widget-heading\" data-id=\"0f9a646\" data-element_type=\"widget\" data-e-type=\"widget\" data-widget_type=\"heading.default\">\n\t\t\t\t<div class=\"elementor-widget-container\">\n\t\t\t\t\t<h2 class=\"elementor-heading-title elementor-size-default\">24\/10\/2023 - 15\/11\/2023<\/h2>\t\t\t\t<\/div>\n\t\t\t\t<\/div>\n\t\t\t\t<div class=\"elementor-element elementor-element-a0fff86 sc_fly_static elementor-widget elementor-widget-spacer\" data-id=\"a0fff86\" data-element_type=\"widget\" data-e-type=\"widget\" data-widget_type=\"spacer.default\">\n\t\t\t\t<div class=\"elementor-widget-container\">\n\t\t\t\t\t\t\t<div class=\"elementor-spacer\">\n\t\t\t<div class=\"elementor-spacer-inner\"><\/div>\n\t\t<\/div>\n\t\t\t\t\t\t<\/div>\n\t\t\t\t<\/div>\n\t\t\t\t<div class=\"elementor-element elementor-element-b12306b sc_fly_static elementor-widget elementor-widget-heading\" data-id=\"b12306b\" data-element_type=\"widget\" data-e-type=\"widget\" data-widget_type=\"heading.default\">\n\t\t\t\t<div class=\"elementor-widget-container\">\n\t\t\t\t\t<h2 class=\"elementor-heading-title elementor-size-default\">Th\u1eddi gian c\u00f2n l\u1ea1i<\/h2>\t\t\t\t<\/div>\n\t\t\t\t<\/div>\n\t\t\t\t<div class=\"elementor-element elementor-element-61260a9 sc_fly_static elementor-widget elementor-widget-spacer\" data-id=\"61260a9\" data-element_type=\"widget\" data-e-type=\"widget\" data-widget_type=\"spacer.default\">\n\t\t\t\t<div class=\"elementor-widget-container\">\n\t\t\t\t\t\t\t<div class=\"elementor-spacer\">\n\t\t\t<div class=\"elementor-spacer-inner\"><\/div>\n\t\t<\/div>\n\t\t\t\t\t\t<\/div>\n\t\t\t\t<\/div>\n\t\t\t\t<div class=\"elementor-element elementor-element-f00db36 elementor-countdown--label-block sc_fly_static elementor-widget elementor-widget-countdown\" data-id=\"f00db36\" data-element_type=\"widget\" data-e-type=\"widget\" data-widget_type=\"countdown.default\">\n\t\t\t\t<div class=\"elementor-widget-container\">\n\t\t\t\t\t\t\t<div class=\"elementor-countdown-wrapper\" data-date=\"1700024400\">\r\n\t\t\t<div class=\"elementor-countdown-item\"><span class=\"elementor-countdown-digits elementor-countdown-days\"><\/span> <span class=\"elementor-countdown-label\">Days<\/span><\/div><div class=\"elementor-countdown-item\"><span class=\"elementor-countdown-digits elementor-countdown-hours\"><\/span> <span class=\"elementor-countdown-label\">Hours<\/span><\/div><div class=\"elementor-countdown-item\"><span class=\"elementor-countdown-digits elementor-countdown-minutes\"><\/span> <span class=\"elementor-countdown-label\">Minutes<\/span><\/div><div class=\"elementor-countdown-item\"><span class=\"elementor-countdown-digits elementor-countdown-seconds\"><\/span> <span class=\"elementor-countdown-label\">Seconds<\/span><\/div>\t\t<\/div>\r\n\t\t\t\t\t\t<\/div>\n\t\t\t\t<\/div>\n\t\t\t\t<div class=\"elementor-element elementor-element-9c47879 sc_fly_static elementor-widget elementor-widget-spacer\" data-id=\"9c47879\" data-element_type=\"widget\" data-e-type=\"widget\" data-widget_type=\"spacer.default\">\n\t\t\t\t<div class=\"elementor-widget-container\">\n\t\t\t\t\t\t\t<div class=\"elementor-spacer\">\n\t\t\t<div class=\"elementor-spacer-inner\"><\/div>\n\t\t<\/div>\n\t\t\t\t\t\t<\/div>\n\t\t\t\t<\/div>\n\t\t\t\t\t<\/div>\n\t\t<\/div>\n\t\t\t\t\t<\/div>\n\t\t<\/section>\n\t\t\t\t<section class=\"elementor-section elementor-top-section elementor-element elementor-element-528b9ae elementor-section-boxed elementor-section-height-default elementor-section-height-default sc_fly_static\" data-id=\"528b9ae\" data-element_type=\"section\" data-e-type=\"section\">\n\t\t\t\t\t\t<div class=\"elementor-container elementor-column-gap-extended\">\n\t\t\t\t\t<div class=\"elementor-column elementor-col-50 elementor-top-column elementor-element elementor-element-0fab397 sc_content_align_inherit sc_layouts_column_icons_position_left sc_fly_static\" data-id=\"0fab397\" data-element_type=\"column\" data-e-type=\"column\">\n\t\t\t<div class=\"elementor-widget-wrap elementor-element-populated\">\n\t\t\t\t\t\t<div class=\"elementor-element elementor-element-66ca3ba sc_fly_static elementor-widget elementor-widget-heading\" data-id=\"66ca3ba\" data-element_type=\"widget\" data-e-type=\"widget\" data-widget_type=\"heading.default\">\n\t\t\t\t<div class=\"elementor-widget-container\">\n\t\t\t\t\t<h2 class=\"elementor-heading-title elementor-size-default\">\u00dd ngh\u0129a ch\u01b0\u01a1ng tr\u00ecnh<\/h2>\t\t\t\t<\/div>\n\t\t\t\t<\/div>\n\t\t\t\t<div class=\"elementor-element elementor-element-ebb763f sc_fly_static elementor-widget elementor-widget-spacer\" data-id=\"ebb763f\" data-element_type=\"widget\" data-e-type=\"widget\" data-widget_type=\"spacer.default\">\n\t\t\t\t<div class=\"elementor-widget-container\">\n\t\t\t\t\t\t\t<div class=\"elementor-spacer\">\n\t\t\t<div class=\"elementor-spacer-inner\"><\/div>\n\t\t<\/div>\n\t\t\t\t\t\t<\/div>\n\t\t\t\t<\/div>\n\t\t\t\t<div class=\"elementor-element elementor-element-320ae46 sc_fly_static elementor-widget elementor-widget-text-editor\" data-id=\"320ae46\" data-element_type=\"widget\" data-e-type=\"widget\" data-widget_type=\"text-editor.default\">\n\t\t\t\t<div class=\"elementor-widget-container\">\n\t\t\t\t\t\t\t\t\t<p style=\"text-align: justify;\">Ch\u01b0\u01a1ng tr\u00ecnh &#8220;<span style=\"color: #ff6600;\"><strong>Ch\u1ea1y B\u1ed9 G\u00e2y Qu\u1ef9 V\u00ec Tr\u1ebb Em<\/strong><\/span>&#8221; d\u00e0nh cho CBNV T\u00e2n H\u1eefu Qu\u00ed l\u00e0 m\u1ed9t ho\u1ea1t \u0111\u1ed9ng c\u00f3 \u00fd ngh\u0129a thi\u1ebft th\u1ef1c, h\u01b0\u1edbng \u0111\u1ebfn gi\u00fap \u0111\u1ee1 c\u00e1c tr\u1ebb em c\u00f3 ho\u00e0n c\u1ea3nh kh\u00f3 kh\u0103n.\u00a0<\/p><p style=\"text-align: justify;\"><span style=\"color: #ff6600;\"><strong>Theo \u0111\u00f3, c\u1ee9 m\u1ed7i km ho\u00e0n th\u00e0nh t\u1eeb c\u00e1c CBNV tham gia, th\u00ec C\u00f4ng ty T\u00e2n H\u1eefu Qu\u00ed s\u1ebd tr\u00edch 20.000 \u0111 t\u1eeb doanh thu s\u1ea3n ph\u1ea9m \u0110\u1ea1m \u0110\u01a1n B\u00e0o<\/strong><\/span><em> (m\u1ed9t lo\u1ea1i nguy\u00ean li\u1ec7u TACN c\u00f3 kh\u1ea3 n\u0103ng thay th\u1ebf hi\u1ec7u qu\u1ea3 \u0111\u1ea1m \u0111\u1ed9ng v\u1eadt, \u0111ang l\u00e0 xu h\u01b0\u1edbng s\u1eed d\u1ee5ng c\u1ee7a c\u00e1c nh\u00e0 m\u00e1y TACN hi\u1ec7n nay).\u00a0<\/em><\/p><p style=\"text-align: justify;\"><strong>\u0110\u1eb7c bi\u1ec7t, th\u00f4ng qua ch\u01b0\u01a1ng tr\u00ecnh th\u00ec c\u00e1c Kh\u00e1ch h\u00e0ng \u0111ang s\u1eed d\u1ee5ng s\u1ea3n ph\u1ea9m \u0110\u1ea1m \u0110\u01a1n B\u00e0o c\u1ee7a T\u00e2n H\u1eefu Qu\u00ed c\u0169ng \u0111\u00e3 gi\u00e1n ti\u1ebfp g\u00f3p ph\u1ea7n mang \u0111\u1ebfn m\u1ed9t t\u01b0\u01a1ng lai t\u01b0\u01a1i s\u00e1ng h\u01a1n cho c\u00e1c em nh\u1ecf, \u0111i\u1ec1u \u0111\u00f3 c\u00f3 \u00fd ngh\u0129a ho\u00e0n to\u00e0n to l\u1edbn b\u00ean c\u1ea1nh vi\u1ec7c h\u1ee3p t\u00e1c kinh doanh truy\u1ec1n th\u1ed1ng.<\/strong><\/p>\t\t\t\t\t\t\t\t<\/div>\n\t\t\t\t<\/div>\n\t\t\t\t\t<\/div>\n\t\t<\/div>\n\t\t\t\t<div class=\"elementor-column elementor-col-50 elementor-top-column elementor-element elementor-element-b964f5b sc_content_align_inherit sc_layouts_column_icons_position_left sc_fly_static\" data-id=\"b964f5b\" data-element_type=\"column\" data-e-type=\"column\">\n\t\t\t<div class=\"elementor-widget-wrap elementor-element-populated\">\n\t\t\t\t\t\t<div class=\"elementor-element elementor-element-ddb2171 sc_fly_static elementor-widget elementor-widget-spacer\" data-id=\"ddb2171\" data-element_type=\"widget\" data-e-type=\"widget\" data-widget_type=\"spacer.default\">\n\t\t\t\t<div class=\"elementor-widget-container\">\n\t\t\t\t\t\t\t<div class=\"elementor-spacer\">\n\t\t\t<div class=\"elementor-spacer-inner\"><\/div>\n\t\t<\/div>\n\t\t\t\t\t\t<\/div>\n\t\t\t\t<\/div>\n\t\t\t\t<div data-image-effect=\"on_waves\" data-image-effect-scale=\"0\" data-image-effect-strength=\"40\" data-image-effect-waves-factor=\"4\" class=\"elementor-element elementor-element-2634ceb trx_addons_image_effects_on_waves sc_fly_static elementor-widget elementor-widget-image\" data-id=\"2634ceb\" data-element_type=\"widget\" data-e-type=\"widget\" data-widget_type=\"image.default\">\n\t\t\t\t<div class=\"elementor-widget-container\">\n\t\t\t\t\t\t\t\t\t\t\t\t\t\t\t<img fetchpriority=\"high\" decoding=\"async\" width=\"1200\" height=\"679\" src=\"https:\/\/tanhuuqui.com\/wp-content\/uploads\/2023\/10\/thq.jpg\" class=\"attachment-full size-full wp-image-25941\" alt=\"\" srcset=\"https:\/\/tanhuuqui.com\/wp-content\/uploads\/2023\/10\/thq.jpg 1200w, https:\/\/tanhuuqui.com\/wp-content\/uploads\/2023\/10\/thq-600x340.jpg 600w, https:\/\/tanhuuqui.com\/wp-content\/uploads\/2023\/10\/thq-300x170.jpg 300w, https:\/\/tanhuuqui.com\/wp-content\/uploads\/2023\/10\/thq-1024x579.jpg 1024w, https:\/\/tanhuuqui.com\/wp-content\/uploads\/2023\/10\/thq-768x435.jpg 768w, https:\/\/tanhuuqui.com\/wp-content\/uploads\/2023\/10\/thq-370x209.jpg 370w, https:\/\/tanhuuqui.com\/wp-content\/uploads\/2023\/10\/thq-840x475.jpg 840w, https:\/\/tanhuuqui.com\/wp-content\/uploads\/2023\/10\/thq-410x232.jpg 410w, https:\/\/tanhuuqui.com\/wp-content\/uploads\/2023\/10\/thq-270x152.jpg 270w\" sizes=\"(max-width: 1200px) 100vw, 1200px\" \/>\t\t\t\t\t\t\t\t\t\t\t\t\t\t\t<\/div>\n\t\t\t\t<\/div>\n\t\t\t\t\t<\/div>\n\t\t<\/div>\n\t\t\t\t\t<\/div>\n\t\t<\/section>\n\t\t\t\t<section class=\"elementor-section elementor-top-section elementor-element elementor-element-cf1acbb elementor-section-boxed elementor-section-height-default elementor-section-height-default sc_fly_static\" data-id=\"cf1acbb\" data-element_type=\"section\" data-e-type=\"section\">\n\t\t\t\t\t\t<div class=\"elementor-container elementor-column-gap-extended\">\n\t\t\t\t\t<div class=\"elementor-column elementor-col-100 elementor-top-column elementor-element elementor-element-aa7f636 sc_content_align_inherit sc_layouts_column_icons_position_left sc_fly_static\" data-id=\"aa7f636\" data-element_type=\"column\" data-e-type=\"column\">\n\t\t\t<div class=\"elementor-widget-wrap elementor-element-populated\">\n\t\t\t\t\t\t<section class=\"elementor-section elementor-inner-section elementor-element elementor-element-f58703b elementor-section-full_width elementor-section-height-default elementor-section-height-default sc_fly_static\" data-id=\"f58703b\" data-element_type=\"section\" data-e-type=\"section\" data-settings=\"{&quot;background_background&quot;:&quot;classic&quot;}\">\n\t\t\t\t\t\t\t<div class=\"elementor-background-overlay\"><\/div>\n\t\t\t\t\t\t\t<div class=\"elementor-container elementor-column-gap-extended\">\n\t\t\t\t\t<div class=\"elementor-column elementor-col-100 elementor-inner-column elementor-element elementor-element-83ba1a3 sc_content_align_inherit sc_layouts_column_icons_position_left sc_fly_static\" data-id=\"83ba1a3\" data-element_type=\"column\" data-e-type=\"column\">\n\t\t\t<div class=\"elementor-widget-wrap elementor-element-populated\">\n\t\t\t\t\t\t<div class=\"elementor-element elementor-element-9c8787f sc_fly_static elementor-widget elementor-widget-heading\" data-id=\"9c8787f\" data-element_type=\"widget\" data-e-type=\"widget\" data-widget_type=\"heading.default\">\n\t\t\t\t<div class=\"elementor-widget-container\">\n\t\t\t\t\t<h2 class=\"elementor-heading-title elementor-size-default\">B\u1ea3n tin s\u1ef1 ki\u1ec7n<\/h2>\t\t\t\t<\/div>\n\t\t\t\t<\/div>\n\t\t\t\t<div class=\"elementor-element elementor-element-a567a32 sc_fly_static elementor-widget elementor-widget-spacer\" data-id=\"a567a32\" data-element_type=\"widget\" data-e-type=\"widget\" data-widget_type=\"spacer.default\">\n\t\t\t\t<div class=\"elementor-widget-container\">\n\t\t\t\t\t\t\t<div class=\"elementor-spacer\">\n\t\t\t<div class=\"elementor-spacer-inner\"><\/div>\n\t\t<\/div>\n\t\t\t\t\t\t<\/div>\n\t\t\t\t<\/div>\n\t\t\t\t\t<\/div>\n\t\t<\/div>\n\t\t\t\t\t<\/div>\n\t\t<\/section>\n\t\t\t\t\t<\/div>\n\t\t<\/div>\n\t\t\t\t\t<\/div>\n\t\t<\/section>\n\t\t\t\t<section class=\"elementor-section elementor-top-section elementor-element elementor-element-3b0e27a elementor-section-boxed elementor-section-height-default elementor-section-height-default sc_fly_static\" data-id=\"3b0e27a\" data-element_type=\"section\" data-e-type=\"section\">\n\t\t\t\t\t\t<div class=\"elementor-container elementor-column-gap-extended\">\n\t\t\t\t\t<div class=\"elementor-column elementor-col-100 elementor-top-column elementor-element elementor-element-d1b82ff sc_content_align_inherit sc_layouts_column_icons_position_left sc_fly_static\" data-id=\"d1b82ff\" data-element_type=\"column\" data-e-type=\"column\">\n\t\t\t<div class=\"elementor-widget-wrap\">\n\t\t\t\t\t\t\t<\/div>\n\t\t<\/div>\n\t\t\t\t\t<\/div>\n\t\t<\/section>\n\t\t\t\t<\/div>","protected":false},"excerpt":{"rendered":"<p>T\u00e2n H\u1eefu Qu\u00ed t\u1ed5 ch\u1ee9c ch\u01b0\u01a1ng tr\u00ecnh ch\u1ea1y b\u1ed9 g\u00e2y qu\u1ef9 v\u00ec tr\u1ebb em S\u1ee9 m\u1ec7nh ph\u00e1t tri\u1ec3n c\u1ee7a C\u00f4ng ty T\u00e2n H\u1eefu Qu\u00ed kh\u00f4ng ch\u1ec9 tr\u1edf th\u00e0nh Nh\u00e0 cung&hellip;<\/p>","protected":false},"author":1,"featured_media":0,"parent":0,"menu_order":0,"comment_status":"closed","ping_status":"closed","template":"elementor_canvas","meta":{"om_disable_all_campaigns":false,"_mi_skip_tracking":false,"_monsterinsights_sitenote_active":false,"_monsterinsights_sitenote_note":"","_monsterinsights_sitenote_category":0,"footnotes":""},"class_list":["post-25896","page","type-page","status-publish","hentry"],"aioseo_notices":[],"_links":{"self":[{"href":"https:\/\/tanhuuqui.com\/ja\/wp-json\/wp\/v2\/pages\/25896","targetHints":{"allow":["GET"]}}],"collection":[{"href":"https:\/\/tanhuuqui.com\/ja\/wp-json\/wp\/v2\/pages"}],"about":[{"href":"https:\/\/tanhuuqui.com\/ja\/wp-json\/wp\/v2\/types\/page"}],"author":[{"embeddable":true,"href":"https:\/\/tanhuuqui.com\/ja\/wp-json\/wp\/v2\/users\/1"}],"replies":[{"embeddable":true,"href":"https:\/\/tanhuuqui.com\/ja\/wp-json\/wp\/v2\/comments?post=25896"}],"version-history":[{"count":0,"href":"https:\/\/tanhuuqui.com\/ja\/wp-json\/wp\/v2\/pages\/25896\/revisions"}],"wp:attachment":[{"href":"https:\/\/tanhuuqui.com\/ja\/wp-json\/wp\/v2\/media?parent=25896"}],"curies":[{"name":"wp","href":"https:\/\/api.w.org\/{rel}","templated":true}]}}