{"id":13472,"date":"2016-06-22T01:54:54","date_gmt":"2016-06-21T18:54:54","guid":{"rendered":"http:\/\/tanhuuqui.com\/san-pham\/cam-mi\/"},"modified":"2025-10-28T16:07:47","modified_gmt":"2025-10-28T09:07:47","slug":"cam-mi-tan-huu-qui","status":"publish","type":"product","link":"https:\/\/tanhuuqui.com\/ja\/product\/cam-mi-tan-huu-qui\/","title":{"rendered":"\u5c0f\u9ea6\u3075\u3059\u307e"},"content":{"rendered":"<h4><span style=\"color: #ff6600;\"><strong>\u5c0f\u9ea6\u3075\u3059\u307e<\/strong><\/span><\/h4>\n<p><strong>\u0110\u1eb7c t\u00ednh v\u1eadt l\u00fd<\/strong><\/p>\n<ul>\n<li>M\u00e0u s\u1eafc: m\u00e0u tr\u1eafng ng\u00e0 ho\u1eb7c v\u00e0ng s\u00e1ng \u0111\u1ed3ng nh\u1ea5t<\/li>\n<li>M\u00f9i th\u01a1m \u0111\u1eb7c tr\u01b0ng c\u1ee7a l\u00faa m\u00ec<\/li>\n<li>Kh\u00f4ng nhi\u1ec5m s\u00e2u m\u1ecdt v\u00e0 c\u00f4n tr\u00f9ng s\u1ed1ng<\/li>\n<\/ul>\n<p><strong>\u0110\u1eb7c t\u00ednh h\u00f3a h\u1ecdc<\/strong><\/p>\n<ul>\n<li>\u0110\u1ed9 \u1ea9m \u2264 14%<\/li>\n<li>\u0110\u1ea1m th\u00f4 \u2265 14%<\/li>\n<li>X\u01a1 \u2264 10%<\/li>\n<li>Tro \u2264 5%<\/li>\n<\/ul>\n<p><strong>C\u00f4ng d\u1ee5ng:<\/strong> C\u00e1m m\u00ec cung c\u1ea5p n\u0103ng l\u01b0\u1ee3ng v\u00e0 protein cho s\u1ea3n xu\u1ea5t th\u1ee9c \u0103n gia s\u00fac \u2013 gia c\u1ea7m \u2013 th\u1ee7y s\u1ea3n<\/p>\n<p><strong>Quy c\u00e1ch:<\/strong> Bao 50kg<\/p>\n<p><strong>X<\/strong><strong>u\u1ea5t x\u1ee9:<\/strong> Vi\u1ec7t Nam<\/p>\n<p><strong>B\u1ea3o qu\u1ea3n:<\/strong> N\u01a1i kh\u00f4 r\u00e1o tho\u00e1ng m\u00e1t<\/p>\n<h4><span style=\"color: #ff6600;\"><strong>NH\u00c0 PH\u00c2N PH\u1ed0I<\/strong><strong>:<\/strong><\/span><\/h4>\n<p><strong>C\u00d4NG TY TNHH TH\u01af\u01a0NG M\u1ea0I D\u1ecaCH V\u1ee4 T\u00c2N H\u1eeeU QU\u00cd<\/strong><\/p>\n<p>2, \u0110\u01b0\u1eddng s\u1ed1 2, P. Ph\u01b0\u1edbc Long, TP. H\u1ed3 Ch\u00ed Minh<\/p>\n<h4><span style=\"color: #ff6600;\"><strong>LI\u00caN H\u1ec6 \u0110\u1eb6T H\u00c0NG S\u1ea2N PH\u1ea8M C\u1ee6A CH\u00daNG T\u00d4I:<\/strong><\/span><\/h4>\n<p>S\u1ed1 hotline:\u00a0<strong>0916.313.069 (Ms. H\u1ed3ng T\u01b0\u01a1i)<\/strong><\/p>\n<p>Webstie:\u00a0<a href=\"http:\/\/tanhuuqui.com\/ja\/\">www.tanhuuqui.com<\/a><\/p>\n<p>Fanpage:<strong>\u00a0<a href=\"https:\/\/www.facebook.com\/tanhuuqui\">C\u00f4ng ty TNHH TM DV T\u00e2n H\u1eefu Qu\u00ed<\/a><\/strong><\/p>","protected":false},"excerpt":{"rendered":"<h4><span style=\"color: #ff6600;\"><strong>\u5c0f\u9ea6\u3075\u3059\u307e<\/strong><\/span><\/h4>\n<p><strong>\u0110\u1eb7c t\u00ednh v\u1eadt l\u00fd<\/strong><\/p>\n<ul>\n<li>M\u00e0u s\u1eafc: m\u00e0u tr\u1eafng ng\u00e0 ho\u1eb7c v\u00e0ng s\u00e1ng \u0111\u1ed3ng nh\u1ea5t<\/li>\n<li>M\u00f9i th\u01a1m \u0111\u1eb7c tr\u01b0ng c\u1ee7a l\u00faa m\u00ec<\/li>\n<li>Kh\u00f4ng nhi\u1ec5m s\u00e2u m\u1ecdt v\u00e0 c\u00f4n tr\u00f9ng s\u1ed1ng<\/li>\n<\/ul>\n<p><strong>\u0110\u1eb7c t\u00ednh h\u00f3a h\u1ecdc<\/strong><\/p>\n<ul>\n<li>\u0110\u1ed9 \u1ea9m \u2264 14%<\/li>\n<li>\u0110\u1ea1m th\u00f4 \u2265 14%<\/li>\n<li>X\u01a1 \u2264 10%<\/li>\n<li>Tro \u2264 5%<\/li>\n<\/ul>","protected":false},"featured_media":16068,"comment_status":"closed","ping_status":"closed","template":"","meta":{"om_disable_all_campaigns":false,"_mi_skip_tracking":false,"_monsterinsights_sitenote_active":false,"_monsterinsights_sitenote_note":"","_monsterinsights_sitenote_category":0},"product_brand":[],"product_cat":[470,471],"product_tag":[571,572,484,474,476,565,507,570,479,495,480,573,574],"class_list":{"0":"post-13472","1":"product","2":"type-product","3":"status-publish","4":"has-post-thumbnail","6":"product_cat-nguyen-lieu","7":"product_cat-nong-san-chinh","8":"product_tag-cam-mi","9":"product_tag-cat-san","10":"product_tag-dam-tho","11":"product_tag-gia-cam","12":"product_tag-hoa-hoc","13":"product_tag-lua-mi","14":"product_tag-protein","15":"product_tag-thuc-an-gia-suc","16":"product_tag-thuy-san","17":"product_tag-tro","18":"product_tag-vat-ly","19":"product_tag-viet-nam","20":"product_tag-xo","22":"first","23":"instock","24":"shipping-taxable","25":"product-type-simple"},"aioseo_notices":[],"_links":{"self":[{"href":"https:\/\/tanhuuqui.com\/ja\/wp-json\/wp\/v2\/product\/13472","targetHints":{"allow":["GET"]}}],"collection":[{"href":"https:\/\/tanhuuqui.com\/ja\/wp-json\/wp\/v2\/product"}],"about":[{"href":"https:\/\/tanhuuqui.com\/ja\/wp-json\/wp\/v2\/types\/product"}],"replies":[{"embeddable":true,"href":"https:\/\/tanhuuqui.com\/ja\/wp-json\/wp\/v2\/comments?post=13472"}],"version-history":[{"count":3,"href":"https:\/\/tanhuuqui.com\/ja\/wp-json\/wp\/v2\/product\/13472\/revisions"}],"predecessor-version":[{"id":40800,"href":"https:\/\/tanhuuqui.com\/ja\/wp-json\/wp\/v2\/product\/13472\/revisions\/40800"}],"wp:featuredmedia":[{"embeddable":true,"href":"https:\/\/tanhuuqui.com\/ja\/wp-json\/wp\/v2\/media\/16068"}],"wp:attachment":[{"href":"https:\/\/tanhuuqui.com\/ja\/wp-json\/wp\/v2\/media?parent=13472"}],"wp:term":[{"taxonomy":"product_brand","embeddable":true,"href":"https:\/\/tanhuuqui.com\/ja\/wp-json\/wp\/v2\/product_brand?post=13472"},{"taxonomy":"product_cat","embeddable":true,"href":"https:\/\/tanhuuqui.com\/ja\/wp-json\/wp\/v2\/product_cat?post=13472"},{"taxonomy":"product_tag","embeddable":true,"href":"https:\/\/tanhuuqui.com\/ja\/wp-json\/wp\/v2\/product_tag?post=13472"}],"curies":[{"name":"wp","href":"https:\/\/api.w.org\/{rel}","templated":true}]}}