{"id":13473,"date":"2016-06-22T03:02:06","date_gmt":"2016-06-21T20:02:06","guid":{"rendered":"http:\/\/tanhuuqui.com\/san-pham\/cam-co\/"},"modified":"2026-01-06T16:37:38","modified_gmt":"2026-01-06T09:37:38","slug":"kho-dau-co-cam-co-ba-co","status":"publish","type":"product","link":"https:\/\/tanhuuqui.com\/ja\/product\/kho-dau-co-cam-co-ba-co\/","title":{"rendered":"\u3075\u3059\u307e\u3001\u30d1\u30fc\u30e0"},"content":{"rendered":"<h4><span style=\"color: #ff6600;\"><strong>Kh\u00f4 D\u1ea7u C\u1ecd (C\u00e1m c\u1ecd\/B\u00e3 c\u1ecd)<\/strong><\/span><\/h4>\n<p><strong>\u0110\u1eb7c t\u00ednh v\u1eadt l\u00fd<\/strong><\/p>\n<ul>\n<li>M\u00e0u n\u00e2u s\u1eadm<\/li>\n<li>M\u00f9i th\u01a1m \u0111\u1eb7c tr\u01b0ng<\/li>\n<li>Kh\u00f4ng nhi\u1ec5m s\u00e2u m\u1ecdt v\u00e0 c\u00f4n tr\u00f9ng s\u1ed1ng<\/li>\n<\/ul>\n<p><strong>\u0110\u1eb7c t\u00ednh h\u00f3a h\u1ecdc<\/strong><\/p>\n<ul>\n<li><span style=\"font-size: 1rem; letter-spacing: 0px;\">\u0110\u1ed9 \u1ea9m \u2264 12%\u00a0<\/span><\/li>\n<li>\u0110\u1ea1m th\u00f4 <span style=\"font-size: 1rem; letter-spacing: 0px;\">\u2265<\/span> 14%<\/li>\n<li>B\u00e9o \u2264 10%<\/li>\n<li>\u0110\u1ea1m &#8211; b\u00e9o <span style=\"font-size: 1rem; letter-spacing: 0px;\">\u2265<\/span>\u00a021%<\/li>\n<li>X\u01a1 \u2264 20%<\/li>\n<li>C\u00e1t s\u1ea1n \u2264 2.5%<\/li>\n<li><span style=\"font-size: 1rem; letter-spacing: 0px;\">Aflatoxin B1 \u2264 30ppb\u00a0<\/span><\/li>\n<\/ul>\n<p><strong>C\u00f4ng d\u1ee5ng:<\/strong> Kh\u00f4 D\u1ea7u C\u1ecd (C\u00e1m c\u1ecd\/B\u00e3 c\u1ecd) l\u00e0 nguy\u00ean li\u1ec7u cung c\u1ea5p protein trong th\u1ee9c \u0103n ch\u0103n nu\u00f4i, th\u1ee7y s\u1ea3n<\/p>\n<p><strong>Quy c\u00e1ch:<\/strong> H\u00e0ng x\u00e1<\/p>\n<p><strong>Xu\u1ea5t x\u1ee9:<\/strong> Indonesia\/Malaysia<\/p>\n<p><strong>B\u1ea3o qu\u1ea3n:<\/strong> N\u01a1i kh\u00f4 r\u00e1o tho\u00e1ng m\u00e1t<\/p>\n<h4><span style=\"color: #ff6600;\"><strong>NH\u00c0 PH\u00c2N PH\u1ed0I<\/strong><strong>:<\/strong><\/span><\/h4>\n<p><strong>C\u00d4NG TY TNHH TH\u01af\u01a0NG M\u1ea0I D\u1ecaCH V\u1ee4 T\u00c2N H\u1eeeU QU\u00cd<\/strong><\/p>\n<p>2, \u0110\u01b0\u1eddng s\u1ed1 2, P. Ph\u01b0\u1edbc Long, TP. H\u1ed3 Ch\u00ed Minh<\/p>\n<h4><span style=\"color: #ff6600;\"><strong>LI\u00caN H\u1ec6 \u0110\u1eb6T H\u00c0NG S\u1ea2N PH\u1ea8M C\u1ee6A CH\u00daNG T\u00d4I:<\/strong><\/span><\/h4>\n<p>S\u1ed1 hotline:\u00a0<strong>0916.313.069 (Ms. H\u1ed3ng T\u01b0\u01a1i)<\/strong><\/p>\n<p>Webstie:\u00a0<a href=\"http:\/\/tanhuuqui.com\/ja\/\">www.tanhuuqui.com<\/a><\/p>\n<p>Fanpage:<strong>\u00a0<a href=\"https:\/\/www.facebook.com\/tanhuuqui\">C\u00f4ng ty TNHH TM DV T\u00e2n H\u1eefu Qu\u00ed<\/a><\/strong><\/p>","protected":false},"excerpt":{"rendered":"<h4><span style=\"color: #ff6600;\"><strong>Kh\u00f4 D\u1ea7u C\u1ecd (C\u00e1m c\u1ecd\/B\u00e3 c\u1ecd)<\/strong><\/span><\/h4>\n<p><strong>\u0110\u1eb7c t\u00ednh v\u1eadt l\u00fd<\/strong><\/p>\n<ul>\n<li>M\u00e0u n\u00e2u s\u1eadm<\/li>\n<li>M\u00f9i th\u01a1m \u0111\u1eb7c tr\u01b0ng<\/li>\n<li>Kh\u00f4ng nhi\u1ec5m s\u00e2u m\u1ecdt v\u00e0 c\u00f4n tr\u00f9ng s\u1ed1ng<\/li>\n<\/ul>\n<p><strong>\u0110\u1eb7c t\u00ednh h\u00f3a h\u1ecdc<\/strong><\/p>\n<ul>\n<li><span style=\"font-size: 1rem; letter-spacing: 0px;\">\u0110\u1ed9 \u1ea9m \u2264 12%\u00a0<\/span><\/li>\n<li>\u0110\u1ea1m th\u00f4 <span style=\"font-size: 1rem; letter-spacing: 0px;\">\u2265<\/span> 14%<\/li>\n<li>B\u00e9o \u2264 10%<\/li>\n<li>\u0110\u1ea1m &#8211; b\u00e9o <span style=\"font-size: 1rem; letter-spacing: 0px;\">\u2265<\/span>\u00a021%<\/li>\n<li>X\u01a1 \u2264 20%<\/li>\n<li>C\u00e1t s\u1ea1n \u2264 2.5%<\/li>\n<li><span style=\"font-size: 1rem; letter-spacing: 0px;\">Aflatoxin B1 \u2264 30ppb\u00a0<\/span><\/li>\n<\/ul>","protected":false},"featured_media":16075,"comment_status":"closed","ping_status":"closed","template":"","meta":{"om_disable_all_campaigns":false,"_mi_skip_tracking":false,"_monsterinsights_sitenote_active":false,"_monsterinsights_sitenote_note":"","_monsterinsights_sitenote_category":0},"product_brand":[],"product_cat":[470,471],"product_tag":[482,484,476,575,477,487,479,495,480,574],"class_list":{"0":"post-13473","1":"product","2":"type-product","3":"status-publish","4":"has-post-thumbnail","6":"product_cat-nguyen-lieu","7":"product_cat-nong-san-chinh","8":"product_tag-beo","9":"product_tag-dam-tho","10":"product_tag-hoa-hoc","11":"product_tag-kho-dau-co-cam-co-ba-co","12":"product_tag-tan-huu-qui","13":"product_tag-thuc-an-chan-nuoi","14":"product_tag-thuy-san","15":"product_tag-tro","16":"product_tag-vat-ly","17":"product_tag-xo","19":"first","20":"instock","21":"shipping-taxable","22":"product-type-simple"},"aioseo_notices":[],"_links":{"self":[{"href":"https:\/\/tanhuuqui.com\/ja\/wp-json\/wp\/v2\/product\/13473","targetHints":{"allow":["GET"]}}],"collection":[{"href":"https:\/\/tanhuuqui.com\/ja\/wp-json\/wp\/v2\/product"}],"about":[{"href":"https:\/\/tanhuuqui.com\/ja\/wp-json\/wp\/v2\/types\/product"}],"replies":[{"embeddable":true,"href":"https:\/\/tanhuuqui.com\/ja\/wp-json\/wp\/v2\/comments?post=13473"}],"version-history":[{"count":5,"href":"https:\/\/tanhuuqui.com\/ja\/wp-json\/wp\/v2\/product\/13473\/revisions"}],"predecessor-version":[{"id":41020,"href":"https:\/\/tanhuuqui.com\/ja\/wp-json\/wp\/v2\/product\/13473\/revisions\/41020"}],"wp:featuredmedia":[{"embeddable":true,"href":"https:\/\/tanhuuqui.com\/ja\/wp-json\/wp\/v2\/media\/16075"}],"wp:attachment":[{"href":"https:\/\/tanhuuqui.com\/ja\/wp-json\/wp\/v2\/media?parent=13473"}],"wp:term":[{"taxonomy":"product_brand","embeddable":true,"href":"https:\/\/tanhuuqui.com\/ja\/wp-json\/wp\/v2\/product_brand?post=13473"},{"taxonomy":"product_cat","embeddable":true,"href":"https:\/\/tanhuuqui.com\/ja\/wp-json\/wp\/v2\/product_cat?post=13473"},{"taxonomy":"product_tag","embeddable":true,"href":"https:\/\/tanhuuqui.com\/ja\/wp-json\/wp\/v2\/product_tag?post=13473"}],"curies":[{"name":"wp","href":"https:\/\/api.w.org\/{rel}","templated":true}]}}