{"id":13484,"date":"2016-06-22T10:21:52","date_gmt":"2016-06-22T03:21:52","guid":{"rendered":"http:\/\/tanhuuqui.com\/san-pham\/bot-xuong-thit\/"},"modified":"2025-10-28T16:03:56","modified_gmt":"2025-10-28T09:03:56","slug":"bot-xuong-thit-tan-huu-qui","status":"publish","type":"product","link":"https:\/\/tanhuuqui.com\/ja\/product\/bot-xuong-thit-tan-huu-qui\/","title":{"rendered":"\u9aa8\u7c89\u3001\u8089"},"content":{"rendered":"<div data-elementor-type=\"product-post\" data-elementor-id=\"13484\" class=\"elementor elementor-13484\" data-elementor-post-type=\"product\">\n\t\t\t\t\t\t<section class=\"elementor-section elementor-top-section elementor-element elementor-element-524bcfcd elementor-section-boxed elementor-section-height-default elementor-section-height-default sc_fly_static\" data-id=\"524bcfcd\" data-element_type=\"section\" data-e-type=\"section\">\n\t\t\t\t\t\t<div class=\"elementor-container elementor-column-gap-extended\">\n\t\t\t\t\t<div class=\"elementor-column elementor-col-100 elementor-top-column elementor-element elementor-element-40855ed3 sc_content_align_inherit sc_layouts_column_icons_position_left sc_fly_static\" data-id=\"40855ed3\" data-element_type=\"column\" data-e-type=\"column\">\n\t\t\t<div class=\"elementor-widget-wrap elementor-element-populated\">\n\t\t\t\t\t\t<div class=\"elementor-element elementor-element-3934f243 sc_fly_static elementor-widget elementor-widget-text-editor\" data-id=\"3934f243\" data-element_type=\"widget\" data-e-type=\"widget\" data-widget_type=\"text-editor.default\">\n\t\t\t\t<div class=\"elementor-widget-container\">\n\t\t\t\t\t\t\t\t\t<h4><span style=\"color: #ff6600;\"><strong>\u9aa8\u7c89\u3001\u8089<\/strong><\/span><\/h4><p><strong>\u9aa8\u7c89\u3001\u8089<\/strong> l\u00e0 nguy\u00ean li\u1ec7u cung c\u1ea5p \u0111\u1ea1m v\u1edbi t\u1ef7 l\u1ec7 acid amin c\u00e2n \u0111\u1ed1i v\u00e0 h\u00e0m l\u01b0\u1ee3ng Calci, Phosphor cao.<\/p><p><strong>\u9aa8\u7c89\u3001\u8089<\/strong> l\u00e0 ph\u1ee5 ph\u1ea9m c\u1ee7a qu\u00e1 tr\u00ecnh gi\u1ebft m\u1ed5 \u0111\u1ed9ng v\u1eadt. \u0110\u01b0\u1ee3c s\u1ea3n xu\u1ea5t t\u1eeb c\u00e1c nguy\u00ean li\u1ec7u c\u00f3 ngu\u1ed3n g\u1ed1c t\u1eeb \u0111\u1ed9ng v\u1eadt kh\u00f4ng th\u00edch h\u1ee3p l\u00e0m th\u1ef1c ph\u1ea9m cho con ng\u01b0\u1eddi nh\u01b0 th\u1ecbt v\u1ee5n, th\u1ecbt lo\u1ea1i, x\u01b0\u01a1ng, n\u1ed9i t\u1ea1ng&#8230; X\u00e1c c\u1ee7a \u0111\u1ed9ng v\u1eadt sau khi \u0111\u01b0\u1ee3c x\u1eed l\u00fd ti\u00eau di\u1ec7t c\u00e1c vi sinh v\u1eadt g\u00e2y b\u1ec7nh c\u0169ng \u0111\u01b0\u1ee3c s\u1eed d\u1ee5ng l\u00e0m nguy\u00ean li\u1ec7u \u0111\u1ea7u v\u00e0o. L\u00f4ng, m\u00f3ng v\u00e0 m\u00e1u \u0111\u01b0\u1ee3c lo\u1ea1i b\u1ecf kh\u1ecfi nguy\u00ean li\u1ec7u tr\u01b0\u1edbc khi xay m\u1ecbn v\u00e0 s\u1ea5y kh\u00f4.<\/p><p><strong>\u0110\u1eb7c t\u00ednh v\u1eadt l\u00fd:<\/strong><\/p><ul><li>M\u00e0u s\u1eafc: V\u00e0ng t\u1edbi v\u00e0ng n\u00e2u<\/li><li>M\u00f9i: m\u00f9i \u0111\u1eb7c tr\u01b0ng<\/li><\/ul><p><strong>\u0110\u1eb7c t\u00ednh h\u00f3a h\u1ecdc:<\/strong><\/p><ul><li>\u0110\u1ed9 \u1ea9m \u2264 10%<\/li><li>Protein \u2265 50%<\/li><li>B\u00e9o \u2264 10%<\/li><li>Tro \u2264 40%<\/li><\/ul><p><strong>C\u00f4ng d\u1ee5ng:<\/strong>\u00a0Cung c\u1ea5p \u0111\u1ea1m v\u00e0 kho\u00e1ng trong th\u1ee9c \u0103n ch\u0103n nu\u00f4i.<\/p><p><strong>Quy c\u00e1ch:<\/strong> Bao 50kg<\/p><p><strong>Xu\u1ea5t x\u1ee9:<\/strong>\u00a0EU<\/p><p><strong>B\u1ea3o qu\u1ea3n:<\/strong> N\u01a1i kh\u00f4 r\u00e1o tho\u00e1ng m\u00e1t<\/p><h4><span style=\"color: #ff6600;\"><strong>NH\u00c0 PH\u00c2N PH\u1ed0I<\/strong><strong>:<\/strong><\/span><\/h4><p><strong>C\u00d4NG TY TNHH TH\u01af\u01a0NG M\u1ea0I D\u1ecaCH V\u1ee4 T\u00c2N H\u1eeeU QU\u00cd<\/strong><\/p><p>2, \u0110\u01b0\u1eddng s\u1ed1 2, P. Ph\u01b0\u1edbc Long, TP. H\u1ed3 Ch\u00ed Minh<\/p><h4><span style=\"color: #ff6600;\"><strong>LI\u00caN H\u1ec6 \u0110\u1eb6T H\u00c0NG S\u1ea2N PH\u1ea8M B\u1ed8T X\u01af\u01a0NG TH\u1ecaT C\u1ee6A CH\u00daNG T\u00d4I:<\/strong><\/span><\/h4><p>S\u1ed1 hotline:\u00a0<strong>0916.313.069 (Ms. H\u1ed3ng T\u01b0\u01a1i)<\/strong><\/p><p>Webstie:\u00a0<a href=\"http:\/\/tanhuuqui.com\/ja\/\">www.tanhuuqui.com<\/a><\/p><p>Fanpage:\u00a0<a href=\"https:\/\/www.facebook.com\/tanhuuqui\">C\u00f4ng ty TNHH TM DV T\u00e2n H\u1eefu Qu\u00ed<\/a><\/p>\t\t\t\t\t\t\t\t<\/div>\n\t\t\t\t<\/div>\n\t\t\t\t\t<\/div>\n\t\t<\/div>\n\t\t\t\t\t<\/div>\n\t\t<\/section>\n\t\t\t\t<\/div>","protected":false},"excerpt":{"rendered":"<h4><span style=\"color: #ff6600;\"><strong>\u9aa8\u7c89\u3001\u8089<\/strong><\/span><\/h4>\n<p><strong>\u0110\u1eb7c t\u00ednh v\u1eadt l\u00fd:<\/strong><\/p>\n<ul>\n<li>M\u00e0u s\u1eafc: V\u00e0ng t\u1edbi v\u00e0ng n\u00e2u<\/li>\n<li>M\u00f9i: m\u00f9i \u0111\u1eb7c tr\u01b0ng<\/li>\n<\/ul>\n<p><strong>\u0110\u1eb7c t\u00ednh h\u00f3a h\u1ecdc:<\/strong><\/p>\n<ul>\n<li>\u0110\u1ed9 \u1ea9m \u2264 10%<\/li>\n<li>Protein \u2265 50%<\/li>\n<li>B\u00e9o \u2264 10%<\/li>\n<li>Tro \u2264 40%<\/li>\n<\/ul>","protected":false},"featured_media":16081,"comment_status":"closed","ping_status":"closed","template":"","meta":{"om_disable_all_campaigns":false,"_mi_skip_tracking":false,"_monsterinsights_sitenote_active":false,"_monsterinsights_sitenote_note":"","_monsterinsights_sitenote_category":0},"product_brand":[],"product_cat":[470],"product_tag":[582,489,476,477,487,480],"class_list":{"0":"post-13484","1":"product","2":"type-product","3":"status-publish","4":"has-post-thumbnail","6":"product_cat-nguyen-lieu","7":"product_tag-bot-xuong-thit","8":"product_tag-dam","9":"product_tag-hoa-hoc","10":"product_tag-tan-huu-qui","11":"product_tag-thuc-an-chan-nuoi","12":"product_tag-vat-ly","14":"first","15":"instock","16":"shipping-taxable","17":"product-type-simple"},"aioseo_notices":[],"_links":{"self":[{"href":"https:\/\/tanhuuqui.com\/ja\/wp-json\/wp\/v2\/product\/13484","targetHints":{"allow":["GET"]}}],"collection":[{"href":"https:\/\/tanhuuqui.com\/ja\/wp-json\/wp\/v2\/product"}],"about":[{"href":"https:\/\/tanhuuqui.com\/ja\/wp-json\/wp\/v2\/types\/product"}],"replies":[{"embeddable":true,"href":"https:\/\/tanhuuqui.com\/ja\/wp-json\/wp\/v2\/comments?post=13484"}],"version-history":[{"count":7,"href":"https:\/\/tanhuuqui.com\/ja\/wp-json\/wp\/v2\/product\/13484\/revisions"}],"predecessor-version":[{"id":40796,"href":"https:\/\/tanhuuqui.com\/ja\/wp-json\/wp\/v2\/product\/13484\/revisions\/40796"}],"wp:featuredmedia":[{"embeddable":true,"href":"https:\/\/tanhuuqui.com\/ja\/wp-json\/wp\/v2\/media\/16081"}],"wp:attachment":[{"href":"https:\/\/tanhuuqui.com\/ja\/wp-json\/wp\/v2\/media?parent=13484"}],"wp:term":[{"taxonomy":"product_brand","embeddable":true,"href":"https:\/\/tanhuuqui.com\/ja\/wp-json\/wp\/v2\/product_brand?post=13484"},{"taxonomy":"product_cat","embeddable":true,"href":"https:\/\/tanhuuqui.com\/ja\/wp-json\/wp\/v2\/product_cat?post=13484"},{"taxonomy":"product_tag","embeddable":true,"href":"https:\/\/tanhuuqui.com\/ja\/wp-json\/wp\/v2\/product_tag?post=13484"}],"curies":[{"name":"wp","href":"https:\/\/api.w.org\/{rel}","templated":true}]}}