{"id":25081,"date":"2023-08-29T11:05:53","date_gmt":"2023-08-29T04:05:53","guid":{"rendered":"https:\/\/tanhuuqui.com\/?post_type=product&#038;p=25081"},"modified":"2025-10-28T14:41:20","modified_gmt":"2025-10-28T07:41:20","slug":"nu-star-tinh-bot-lam-chin","status":"publish","type":"product","link":"https:\/\/tanhuuqui.com\/ja\/product\/nu-star-tinh-bot-lam-chin\/","title":{"rendered":"NU-\u30b9\u30bf\u30fc"},"content":{"rendered":"<div data-elementor-type=\"product-post\" data-elementor-id=\"25081\" class=\"elementor elementor-25081\" data-elementor-post-type=\"product\">\n\t\t\t\t\t\t<section class=\"elementor-section elementor-top-section elementor-element elementor-element-7b234362 elementor-section-boxed elementor-section-height-default elementor-section-height-default sc_fly_static\" data-id=\"7b234362\" data-element_type=\"section\" data-e-type=\"section\">\n\t\t\t\t\t\t<div class=\"elementor-container elementor-column-gap-extended\">\n\t\t\t\t\t<div class=\"elementor-column elementor-col-100 elementor-top-column elementor-element elementor-element-1bee5ec1 sc_content_align_inherit sc_layouts_column_icons_position_left sc_fly_static\" data-id=\"1bee5ec1\" data-element_type=\"column\" data-e-type=\"column\">\n\t\t\t<div class=\"elementor-widget-wrap elementor-element-populated\">\n\t\t\t\t\t\t<div class=\"elementor-element elementor-element-618ede2c sc_fly_static elementor-widget elementor-widget-text-editor\" data-id=\"618ede2c\" data-element_type=\"widget\" data-e-type=\"widget\" data-widget_type=\"text-editor.default\">\n\t\t\t\t<div class=\"elementor-widget-container\">\n\t\t\t\t\t\t\t\t\t<h3><span style=\"color: #ff6600;\"><strong>NU-STAR &#8211; Tinh b\u1ed9t ch\u00edn gi\u00e0u dinh d\u01b0\u1ee1ng cho heo con<\/strong><\/span><\/h3><p><span style=\"color: #000000;\">NU-STAR ch\u1ee9a\u00a0 h\u00e0m l\u01b0\u1ee3ng tinh b\u1ed9t cao (tr\u00ean 70%) v\u00e0 \u0111\u00e3 \u0111\u01b0\u1ee3c l\u00e0m ch\u00edn ho\u00e0n to\u00e0n. H\u00e0m l\u01b0\u1ee3ng\u00a0 ch\u1ea5t b\u00e9o v\u00e0 x\u01a1 r\u1ea5t th\u1ea5p, g\u1ea7n nh\u01b0 kh\u00f4ng c\u00f3. \u0110\u00e2y l\u00e0 nguy\u00ean li\u1ec7u c\u00f3 gi\u00e1 tr\u1ecb n\u0103ng l\u01b0\u1ee3ng cao, d\u1ec5 ti\u00eau h\u00f3a, <strong>kh\u00f4ng ch\u1ee9a ch\u1ea5t x\u01a1 hay c\u00e1c ch\u1ea5t kh\u00e1ng dinh d\u01b0\u1ee1ng kh\u00e1c k\u1ec3 c\u1ea3 \u0111\u1ed9c t\u1ed1 n\u1ea5m m\u1ed1c<\/strong> n\u00ean \u0111\u1eb7c bi\u1ec7t th\u00edch h\u1ee3p s\u1eed d\u1ee5ng cho heo con.<\/span><\/p><h4><span style=\"color: #ff6600;\"><strong>\u0110\u1eb7c t\u00ednh v\u1eadt l\u00fd:<\/strong><\/span><\/h4><ul><li><span style=\"color: #000000;\">M\u00e0u s\u1eafc: tr\u1eafng ng\u00e0<\/span><\/li><li><span style=\"color: #000000;\">D\u1ea1ng m\u1ea3nh m\u1ecbn<\/span><\/li><li><span style=\"color: #000000;\">M\u00f9i \u0111\u1eb7c tr\u01b0ng c\u1ee7a b\u00e1nh tr\u00e1ng g\u1ea1o<\/span><\/li><\/ul><h4><span style=\"color: #ff6600;\"><strong>\u0110\u1eb7c t\u00ednh h\u00f3a h\u1ecdc:<\/strong><\/span><\/h4><ul><li><span style=\"color: #000000;\">\u0110\u1ed9 \u1ea9m \u2264 14%<\/span><\/li><li><span style=\"color: #000000;\">Tinh b\u1ed9t \u2265 70%<\/span><\/li><\/ul><h4><span style=\"color: #ff6600;\"><strong>C\u00f4ng d\u1ee5ng:<\/strong><\/span><\/h4><ul><li><span style=\"color: #000000;\"><b>Cung c\u1ea5p gi\u00e1 tr\u1ecb n\u0103ng l\u01b0\u1ee3ng ti\u00eau h\u00f3a cao<\/b>, \u0111\u1eb7c bi\u1ec7t th\u00edch h\u1ee3p \u0111\u1ec3 s\u1ea3n xu\u1ea5t th\u1ee9c \u0103n heo con.<\/span><\/li><li><span style=\"color: #000000;\"><b>Thay th\u1ebf t\u1ea5m, b\u1eafp \u00e9p \u0111\u00f9n<\/b> v\u00e0 c\u00e1c s\u1ea3n ph\u1ea9m cung c\u1ea5p tinh b\u1ed9t d\u1ec5 ti\u00eau h\u00f3a. C\u1ea3i thi\u1ec7n kh\u1ea3 n\u0103ng h\u1ea5p thu trong \u0111\u01b0\u1eddng ti\u00eau h\u00f3a \u0111\u1eb7c bi\u1ec7t l\u00e0 tr\u00ean th\u00fa non, gi\u1ea3m ti\u00eau ch\u1ea3y. T\u1eeb \u0111\u00f3, <b>c\u1ea3i thi\u1ec7n h\u1ec7 s\u1ed1 chuy\u1ec3n h\u00f3a th\u1ee9c \u0103n (FCR).<\/b><\/span><\/li><li><span style=\"color: #000000;\"><b>\u0110\u1ea3m b\u1ea3o an to\u00e0n cho v\u1eadt nu\u00f4i, <\/b>kh\u00f4ng ch\u1ee9a c\u00e1c ch\u1ea5t kh\u00e1ng dinh d\u01b0\u1ee1ng (ch\u1ea5t x\u01a1, phytin, antitrypsin,&#8230;) v\u00e0 \u0111\u1ed9c t\u1ed1 n\u1ea5m m\u1ed1c.<\/span><\/li><\/ul><h4><span style=\"color: #ff6600;\"><strong>L\u01b0\u1ee3ng s\u1eed d\u1ee5ng:<\/strong><\/span><\/h4><p><span style=\"color: #000000;\">T\u00f9y theo c\u00f4ng th\u1ee9c v\u00e0 nguy\u00ean li\u1ec7u \u0111\u1ea7u v\u00e0o c\u1ee7a t\u1eebng kh\u1ea9u ph\u1ea7n, c\u00f3 th\u1ec3 s\u1eed d\u1ee5ng \u0111\u1ebfn <b>2<\/b><strong>5%<\/strong> trong kh\u1ea9u ph\u1ea7n th\u1ee9c \u0103n.<\/span><\/p><h4 style=\"letter-spacing: normal;\"><span style=\"font-size: 23px;\"><strong style=\"font-size: 23px;\">\u0110\u00f3ng g\u00f3i &amp; B\u1ea3o qu\u1ea3n:<\/strong><\/span><\/h4><ul><li><span style=\"color: #000000;\"><strong>Quy c\u00e1ch:<\/strong>\u00a0Bao 50kg, 1000kg<\/span><\/li><li><strong style=\"font-size: 16px; background-color: var(--theme-color-bg_color); letter-spacing: 0px;\">B\u1ea3o qu\u1ea3n:<\/strong><span style=\"font-size: 16px; background-color: var(--theme-color-bg_color); letter-spacing: 0px;\">\u00a0N\u01a1i kh\u00f4 r\u00e1o tho\u00e1ng m\u00e1t, tr\u00e1nh \u00e1nh n\u1eafng tr\u1ef1c ti\u1ebfp<\/span><\/li><li><span style=\"font-size: 16px; background-color: var(--theme-color-bg_color); letter-spacing: 0px;\"><b>H\u1ea1n s\u1eed d\u1ee5ng: <\/b>6 th\u00e1ng k\u1ec3 t\u1eeb ng\u00e0y s\u1ea3n xu\u1ea5t<\/span><\/li><\/ul><div><h4 style=\"letter-spacing: normal;\"><span style=\"font-size: 23px;\"><strong style=\"font-size: 23px;\">Xu\u1ea5t x\u1ee9:\u00a0<\/strong><\/span><\/h4><div><p style=\"font-family: montserrat, sans-serif; font-size: 16px; line-height: inherit; font-weight: 400; font-style: normal;\"><span style=\"font-size: 16px; background-color: var(--theme-color-bg_color); letter-spacing: 0px;\">S\u1ea3n ph\u1ea9m \u0111\u01b0\u1ee3c s\u1ea3n xu\u1ea5t v\u00e0 ph\u00e2n ph\u1ed1i b\u1edfi C\u00f4ng ty TNNHH TM DV T\u00e2n H\u1eefu Qu\u00ed theo ti\u00eau chu\u1ea9n c\u01a1 s\u1edf TCCS 07:2025\/THQ v\u00e0 m\u00e3 s\u1ed1 ch\u1ee9ng nh\u1eadn h\u1ee3p quy VICB 7989.10-17<\/span><\/p><\/div><div><h4><span style=\"color: #ff6600;\"><strong>NH\u00c0 PH\u00c2N PH\u1ed0I<\/strong><strong>:<\/strong><\/span><\/h4><\/div><div><p><strong>C\u00d4NG TY TNHH TH\u01af\u01a0NG M\u1ea0I D\u1ecaCH V\u1ee4 T\u00c2N H\u1eeeU QU\u00cd<\/strong><\/p><p>2, \u0110\u01b0\u1eddng s\u1ed1 2, P. Ph\u01b0\u1edbc Long, TP. H\u1ed3 Ch\u00ed Minh<\/p><h4 style=\"letter-spacing: normal;\"><strong style=\"font-family: montserrat, sans-serif; font-size: 16px; font-style: normal; letter-spacing: 0px; background-color: var(--theme-color-bg_color);\">LI\u00caN H\u1ec6 \u0110\u1eb6T H\u00c0NG S\u1ea2N PH\u1ea8M NU-STAR C\u1ee6A CH\u00daNG T\u00d4I:<\/strong><\/h4><\/div><\/div><ul><li><span style=\"color: #000000;\">S\u1ed1 hotline:\u00a0<strong>0916.313.069 (Ms. H\u1ed3ng T\u01b0\u01a1i)<\/strong><\/span><\/li><li><span style=\"color: #000000;\">Webstie:\u00a0<a style=\"color: #000000;\" href=\"http:\/\/tanhuuqui.com\/ja\/\">www.tanhuuqui.com<\/a><\/span><\/li><li><span style=\"color: #000000;\">Fanpage:<strong>\u00a0<a style=\"color: #000000;\" href=\"https:\/\/www.facebook.com\/tanhuuqui\">C\u00f4ng ty TNHH TM DV T\u00e2n H\u1eefu Qu\u00ed<\/a><\/strong><\/span><\/li><\/ul>\t\t\t\t\t\t\t\t<\/div>\n\t\t\t\t<\/div>\n\t\t\t\t\t<\/div>\n\t\t<\/div>\n\t\t\t\t\t<\/div>\n\t\t<\/section>\n\t\t\t\t<\/div>","protected":false},"excerpt":{"rendered":"<h3><span style=\"color: #ff6600;\"><strong>Tinh b\u1ed9t ch\u00edn gi\u00e0u dinh d\u01b0\u1ee1ng cho heo con<\/strong><\/span><\/h3>\n<p>Nu-Star l\u00e0 s\u1ea3n ph\u1ea9m ch\u1ee9a tinh b\u1ed9t g\u1ea1o \u0111\u00e3 x\u1eed l\u00fd l\u00e0m t\u0103ng gi\u00e1 tr\u1ecb dinh d\u01b0\u1ee1ng v\u00e0 kh\u1ea3 n\u0103ng ti\u00eau h\u00f3a c\u00e1c d\u01b0\u1ee1ng ch\u1ea5t b\u00ean trong s\u1ea3n ph\u1ea9m.<\/p>\n<h4><span style=\"color: #ff6600;\"><strong>\u0110\u1eb7c t\u00ednh v\u1eadt l\u00fd<\/strong><\/span><\/h4>\n<ul>\n<li>M\u00e0u s\u1eafc: tr\u1eafng ng\u00e0<\/li>\n<li>D\u1ea1ng m\u1ea3nh m\u1ecbn<\/li>\n<li>M\u00f9i \u0111\u1eb7c tr\u01b0ng c\u1ee7a b\u00e1nh tr\u00e1ng g\u1ea1o<\/li>\n<\/ul>\n<h4><span style=\"color: #ff6600;\"><strong>Th\u00e0nh ph\u1ea7n h\u00f3a h\u1ecdc<\/strong><\/span><\/h4>\n<ul>\n<li>\u0110\u1ed9 \u1ea9m \u2264 14%<\/li>\n<li>Tinh b\u1ed9t \u2265 70%<\/li>\n<\/ul>","protected":false},"featured_media":16078,"comment_status":"closed","ping_status":"closed","template":"","meta":{"om_disable_all_campaigns":false,"_mi_skip_tracking":false,"_monsterinsights_sitenote_active":false,"_monsterinsights_sitenote_note":"","_monsterinsights_sitenote_category":0},"product_brand":[],"product_cat":[470,471],"product_tag":[509,510,511,476,512,485,477,513,514,487,515,479,516,517,495,480],"class_list":{"0":"post-25081","1":"product","2":"type-product","3":"status-publish","4":"has-post-thumbnail","6":"product_cat-nguyen-lieu","7":"product_cat-nong-san-chinh","8":"product_tag-banh-trang-vun","9":"product_tag-chan-nuoi","10":"product_tag-fcr","11":"product_tag-hoa-hoc","12":"product_tag-kinh-te","13":"product_tag-nguyen-lieu","14":"product_tag-tan-huu-qui","15":"product_tag-thu-non","16":"product_tag-thu-nuoi","17":"product_tag-thuc-an-chan-nuoi","18":"product_tag-thuc-pham","19":"product_tag-thuy-san","20":"product_tag-tinh-bot","21":"product_tag-tinh-bot-ho-hoa","22":"product_tag-tro","23":"product_tag-vat-ly","25":"first","26":"instock","27":"shipping-taxable","28":"product-type-simple"},"aioseo_notices":[],"_links":{"self":[{"href":"https:\/\/tanhuuqui.com\/ja\/wp-json\/wp\/v2\/product\/25081","targetHints":{"allow":["GET"]}}],"collection":[{"href":"https:\/\/tanhuuqui.com\/ja\/wp-json\/wp\/v2\/product"}],"about":[{"href":"https:\/\/tanhuuqui.com\/ja\/wp-json\/wp\/v2\/types\/product"}],"replies":[{"embeddable":true,"href":"https:\/\/tanhuuqui.com\/ja\/wp-json\/wp\/v2\/comments?post=25081"}],"version-history":[{"count":7,"href":"https:\/\/tanhuuqui.com\/ja\/wp-json\/wp\/v2\/product\/25081\/revisions"}],"predecessor-version":[{"id":40768,"href":"https:\/\/tanhuuqui.com\/ja\/wp-json\/wp\/v2\/product\/25081\/revisions\/40768"}],"wp:featuredmedia":[{"embeddable":true,"href":"https:\/\/tanhuuqui.com\/ja\/wp-json\/wp\/v2\/media\/16078"}],"wp:attachment":[{"href":"https:\/\/tanhuuqui.com\/ja\/wp-json\/wp\/v2\/media?parent=25081"}],"wp:term":[{"taxonomy":"product_brand","embeddable":true,"href":"https:\/\/tanhuuqui.com\/ja\/wp-json\/wp\/v2\/product_brand?post=25081"},{"taxonomy":"product_cat","embeddable":true,"href":"https:\/\/tanhuuqui.com\/ja\/wp-json\/wp\/v2\/product_cat?post=25081"},{"taxonomy":"product_tag","embeddable":true,"href":"https:\/\/tanhuuqui.com\/ja\/wp-json\/wp\/v2\/product_tag?post=25081"}],"curies":[{"name":"wp","href":"https:\/\/api.w.org\/{rel}","templated":true}]}}