{"id":12737,"date":"2021-01-07T16:29:34","date_gmt":"2021-01-07T09:29:34","guid":{"rendered":"http:\/\/tanhuuqui.com\/?post_type=product&#038;p=12737"},"modified":"2025-10-28T15:58:17","modified_gmt":"2025-10-28T08:58:17","slug":"lua-mi-tan-huu-qui","status":"publish","type":"product","link":"https:\/\/tanhuuqui.com\/ko\/product\/lua-mi-tan-huu-qui\/","title":{"rendered":"\ubc00"},"content":{"rendered":"<h4><span style=\"color: #ff6600;\"><strong>L\u00daA M\u00cc<\/strong><\/span><\/h4>\r\n<p><strong>\u0110\u1eb7c t\u00ednh v\u1eadt l\u00fd<\/strong><\/p>\r\n<p>\r\n\r\n<\/p>\r\n<ul>\r\n<li>M\u00e0u \u0111\u1ecf nh\u1ea1t ho\u1eb7c v\u00e0ng nh\u1ea1t \u0111\u1eb7c tr\u01b0ng c\u1ee7a t\u1eebng lo\u1ea1i l\u00faa m\u00ec\r\n\r\n<\/li>\r\n<li>Kh\u00f4ng nhi\u1ec5m s\u00e2u m\u1ecdt v\u00e0 c\u00f4n tr\u00f9ng s\u1ed1ng<\/li>\r\n<\/ul>\r\n<p>\r\n\r\n<\/p>\r\n<p><strong>\u0110\u1eb7c t\u00ednh h\u00f3a h\u1ecdc<\/strong><\/p>\r\n<p>\r\n\r\n<\/p>\r\n<p>\r\n\r\n<\/p>\r\n<ul>\r\n<li>\u0110\u1ed9 \u1ea9m \u2264 14.5%\u00a0\r\n\r\n<\/li>\r\n<li>T\u1ea1p ch\u1ea5t \u2264 2.5%\r\n\r\n<\/li>\r\n<li>Tr\u1ecdng l\u01b0\u1ee3ng \u2265 72 kg\/hl\u00a0<\/li>\r\n<\/ul>\r\n\r\n\r\n\r\n<p><strong>C\u00f4ng d\u1ee5ng:<\/strong> L\u00faa m\u00ec l\u00e0 nguy\u00ean li\u1ec7u cung c\u1ea5p n\u0103ng l\u01b0\u1ee3ng trong th\u1ee9c \u0103n gia s\u00fac \u2013 gia c\u1ea7m &#8211; th\u1ee7y s\u1ea3n<\/p>\r\n<p>\r\n\r\n<\/p>\r\n<p><strong>Quy c\u00e1ch:<\/strong>\u00a0H\u00e0ng x\u00e1<\/p>\r\n<p>\r\n\r\n<\/p>\r\n<p><strong>Xu\u1ea5t x\u1ee9:<\/strong> \u00dac, Nam M\u1ef9<\/p>\r\n<p>\r\n\r\n<\/p>\r\n<p><strong>B\u1ea3o qu\u1ea3n:<\/strong>\u00a0N\u01a1i kh\u00f4 r\u00e1o tho\u00e1ng m\u00e1t<\/p>\r\n<h4><span style=\"color: #ff6600;\"><strong>NH\u00c0 PH\u00c2N PH\u1ed0I<\/strong><strong>:<\/strong><\/span><\/h4>\r\n<p><strong>C\u00d4NG TY TNHH TH\u01af\u01a0NG M\u1ea0I D\u1ecaCH V\u1ee4 T\u00c2N H\u1eeeU QU\u00cd<\/strong><\/p>\r\n<p>2, \u0110\u01b0\u1eddng s\u1ed1 2, P. Ph\u01b0\u1edbc Long, TP. H\u1ed3 Ch\u00ed Minh<\/p>\r\n<h5><span style=\"color: #ff6600;\"><strong>LI\u00caN H\u1ec6 \u0110\u1eb6T H\u00c0NG S\u1ea2N PH\u1ea8M C\u1ee6A CH\u00daNG T\u00d4I:<\/strong><\/span><\/h5>\r\n<ul>\r\n<li>S\u1ed1 hotline:\u00a0<strong>0916.313.069 (Ms. H\u1ed3ng T\u01b0\u01a1i)<\/strong><\/li>\r\n<li>Webstie:\u00a0<a href=\"http:\/\/tanhuuqui.com\/ko\/\">www.tanhuuqui.com<\/a><\/li>\r\n<li>Fanpage:\u00a0<a href=\"https:\/\/www.facebook.com\/tanhuuqui\">C\u00f4ng ty TNHH TM DV T\u00e2n H\u1eefu Qu\u00ed<\/a><\/li>\r\n<\/ul>","protected":false},"excerpt":{"rendered":"<h4><span style=\"color: #ff6600;\"><strong>\ubc00<\/strong><\/span><\/h4>\n<p><strong>\u0110\u1eb7c t\u00ednh v\u1eadt l\u00fd<\/strong><\/p>\n<p><!-- \/wp:paragraph --><\/p>\n<p><!-- wp:paragraph --><\/p>\n<p>L\u00faa m\u00ec c\u00f3 m\u00e0u \u0111\u1ecf nh\u1ea1t ho\u1eb7c v\u00e0ng nh\u1ea1t \u0111\u1eb7c tr\u01b0ng c\u1ee7a t\u1eebng lo\u1ea1i l\u00faa m\u00ec<\/p>\n<p><!-- \/wp:paragraph --><\/p>\n<p><!-- wp:paragraph --><\/p>\n<p>Kh\u00f4ng nhi\u1ec5m s\u00e2u m\u1ecdt v\u00e0 c\u00f4n tr\u00f9ng s\u1ed1ng<\/p>\n<p><!-- \/wp:paragraph --><\/p>\n<p><!-- wp:paragraph --><\/p>\n<p><strong>\u0110\u1eb7c t\u00ednh h\u00f3a h\u1ecdc<\/strong><\/p>\n<p><!-- \/wp:paragraph --><\/p>\n<p><!-- wp:paragraph --><\/p>\n<p><!-- \/wp:paragraph --><\/p>\n<p><!-- wp:paragraph --><\/p>\n<ul>\n<li>\u0110\u1ed9 \u1ea9m \u2264 14.5%\u00a0<!-- \/wp:paragraph -->\n<p><!-- wp:paragraph --><\/li>\n<li>T\u1ea1p ch\u1ea5t \u2264 2.5%<!-- \/wp:paragraph -->\n<p><!-- wp:paragraph --><\/li>\n<li>Tr\u1ecdng l\u01b0\u1ee3ng \u2265 72 kg\/hl\u00a0<\/li>\n<\/ul>","protected":false},"featured_media":16072,"comment_status":"closed","ping_status":"closed","template":"","meta":{"om_disable_all_campaigns":false,"_mi_skip_tracking":false,"_monsterinsights_sitenote_active":false,"_monsterinsights_sitenote_note":"","_monsterinsights_sitenote_category":0},"product_brand":[],"product_cat":[470,471],"product_tag":[474,475,565,478,479],"class_list":{"0":"post-12737","1":"product","2":"type-product","3":"status-publish","4":"has-post-thumbnail","6":"product_cat-nguyen-lieu","7":"product_cat-nong-san-chinh","8":"product_tag-gia-cam","9":"product_tag-gia-suc","10":"product_tag-lua-mi","11":"product_tag-thuc-an","12":"product_tag-thuy-san","14":"first","15":"instock","16":"shipping-taxable","17":"product-type-simple"},"aioseo_notices":[],"_links":{"self":[{"href":"https:\/\/tanhuuqui.com\/ko\/wp-json\/wp\/v2\/product\/12737","targetHints":{"allow":["GET"]}}],"collection":[{"href":"https:\/\/tanhuuqui.com\/ko\/wp-json\/wp\/v2\/product"}],"about":[{"href":"https:\/\/tanhuuqui.com\/ko\/wp-json\/wp\/v2\/types\/product"}],"replies":[{"embeddable":true,"href":"https:\/\/tanhuuqui.com\/ko\/wp-json\/wp\/v2\/comments?post=12737"}],"version-history":[{"count":3,"href":"https:\/\/tanhuuqui.com\/ko\/wp-json\/wp\/v2\/product\/12737\/revisions"}],"predecessor-version":[{"id":40790,"href":"https:\/\/tanhuuqui.com\/ko\/wp-json\/wp\/v2\/product\/12737\/revisions\/40790"}],"wp:featuredmedia":[{"embeddable":true,"href":"https:\/\/tanhuuqui.com\/ko\/wp-json\/wp\/v2\/media\/16072"}],"wp:attachment":[{"href":"https:\/\/tanhuuqui.com\/ko\/wp-json\/wp\/v2\/media?parent=12737"}],"wp:term":[{"taxonomy":"product_brand","embeddable":true,"href":"https:\/\/tanhuuqui.com\/ko\/wp-json\/wp\/v2\/product_brand?post=12737"},{"taxonomy":"product_cat","embeddable":true,"href":"https:\/\/tanhuuqui.com\/ko\/wp-json\/wp\/v2\/product_cat?post=12737"},{"taxonomy":"product_tag","embeddable":true,"href":"https:\/\/tanhuuqui.com\/ko\/wp-json\/wp\/v2\/product_tag?post=12737"}],"curies":[{"name":"wp","href":"https:\/\/api.w.org\/{rel}","templated":true}]}}