{"id":13479,"date":"2016-06-22T09:27:41","date_gmt":"2016-06-22T02:27:41","guid":{"rendered":"http:\/\/tanhuuqui.com\/san-pham\/mcp\/"},"modified":"2025-10-28T16:18:23","modified_gmt":"2025-10-28T09:18:23","slug":"mcp-monocalcium-phosphate","status":"publish","type":"product","link":"https:\/\/tanhuuqui.com\/ko\/product\/mcp-monocalcium-phosphate\/","title":{"rendered":"MCP\u2013\ubcf4\ucda9 \uce7c\uc298&amp;\uc778"},"content":{"rendered":"<div data-elementor-type=\"product-post\" data-elementor-id=\"13479\" class=\"elementor elementor-13479\" data-elementor-post-type=\"product\">\n\t\t\t\t\t\t<section class=\"elementor-section elementor-top-section elementor-element elementor-element-5c500cc3 elementor-section-boxed elementor-section-height-default elementor-section-height-default sc_fly_static\" data-id=\"5c500cc3\" data-element_type=\"section\" data-e-type=\"section\">\n\t\t\t\t\t\t<div class=\"elementor-container elementor-column-gap-extended\">\n\t\t\t\t\t<div class=\"elementor-column elementor-col-100 elementor-top-column elementor-element elementor-element-18644079 sc_content_align_inherit sc_layouts_column_icons_position_left sc_fly_static\" data-id=\"18644079\" data-element_type=\"column\" data-e-type=\"column\">\n\t\t\t<div class=\"elementor-widget-wrap elementor-element-populated\">\n\t\t\t\t\t\t<div class=\"elementor-element elementor-element-39da4e12 sc_fly_static elementor-widget elementor-widget-text-editor\" data-id=\"39da4e12\" data-element_type=\"widget\" data-e-type=\"widget\" data-widget_type=\"text-editor.default\">\n\t\t\t\t<div class=\"elementor-widget-container\">\n\t\t\t\t\t\t\t\t\t<h4><span style=\"color: #ff6600;\"><strong>MCP (Monocalcium Phosphate)<\/strong><\/span><\/h4><p>MCP (<i>Monocalcium Phosphate<\/i>) c\u00f3 d\u1ea1ng b\u1ed9t m\u00e0u tr\u1eafng, d\u1ec5 d\u00e0ng tan trong hydrochloric, axit nitric, c\u00f3 ngu\u1ed3n g\u1ed1c t\u1ed5ng h\u1ee3p t\u1eeb c\u00e1c h\u1ee3p ch\u1ea5t h\u00f3a h\u1ecdc g\u1ed1c mu\u1ed1i phosphate. MCP d\u00f9ng trong ng\u00e0nh ch\u0103n nu\u00f4i, th\u00fa y, th\u1ee7y s\u1ea3n, ph\u00e2n b\u00f3n\u2026 c\u00f3 h\u00e0m l\u01b0\u1ee3ng Phosphor tr\u00ean 22%, Calci 13-18%.<\/p><p>S\u1eed d\u1ee5ng nguy\u00ean li\u1ec7u ch\u1ee9a P c\u00f3 ngu\u1ed3n g\u1ed1c th\u1ef1c v\u1eadt trong th\u1ee9c \u0103n ch\u0103n nu\u00f4i v\u00e0 th\u1ee7y s\u1ea3n r\u1ea5t kh\u00f3 c\u00f3 th\u1ec3 \u0111\u1ea1t \u0111\u01b0\u1ee3c hi\u1ec7u qu\u1ea3 t\u1ed1i \u01b0u. Do \u0111\u00f3 c\u1ea7n ph\u1ea3i b\u1ed5 sung th\u00eam c\u00e1c ngu\u1ed3n P t\u1eeb \u0111\u1ed9ng v\u1eadt ho\u1eb7c ch\u1ea5t ph\u1ee5 gia. Tuy nhi\u00ean, c\u00e1c nguy\u00ean li\u1ec7u cung P t\u1eeb \u0111\u1ed9ng v\u1eadt c\u00f3 gi\u00e1 th\u00e0nh kh\u00e1 cao v\u00e0 c\u00f3 th\u1ec3 ti\u1ec1m \u1ea9n m\u1ea7m b\u1ec7nh, v\u00ec v\u1eady MCP v\u00e0 DCP \u0111\u01b0\u1ee3c s\u1eed d\u1ee5ng ph\u1ed5 bi\u1ebfn do v\u1eeba c\u00f3 hi\u1ec7u qu\u1ea3 cao, v\u1eeba c\u00f3 gi\u00e1 c\u1ea3 h\u1ee3p l\u00fd.<\/p><p><strong>C\u00f4ng d\u1ee5ng:<\/strong> MCP (Monocalcium Phosphate) cung c\u1ea5p Calci (Ca), Phosphor (P) cho th\u1ee9c \u0103n ch\u0103n nu\u00f4i \u2013 th\u1ee9c \u0103n th\u1ee7y s\u1ea3n<\/p><p><strong>\u1ee8ng d\u1ee5ng:<\/strong> MCP d\u00f9ng trong ng\u00e0nh ch\u0103n nu\u00f4i, th\u00fa y, th\u1ee7y s\u1ea3n, ph\u00e2n b\u00f3n\u2026<\/p><p><strong>Quy c\u00e1ch:<\/strong> H\u00e0ng bao PP (50 kg\/bao)<\/p><p><strong>Xu\u1ea5t x\u1ee9:<\/strong> Th\u1ed5 Nh\u0129 K\u00ec, Tunissia<\/p><p><strong>B\u1ea3o qu\u1ea3n:<\/strong> N\u01a1i kh\u00f4 r\u00e1o tho\u00e1ng m\u00e1t<\/p><h4><span style=\"color: #ff6600;\"><strong>NH\u00c0 PH\u00c2N PH\u1ed0I CH\u00cdNH TH\u1ee8C MCP <\/strong><\/span><span style=\"color: #ff6600;\"><strong>(Monocalcium Phosphate)<\/strong><\/span><\/h4><p><strong>C\u00f4ng ty TNHH TM DV T\u00e2n H\u1eefu Qu\u00ed<\/strong><\/p><p>2, \u0110\u01b0\u1eddng s\u1ed1 2, P. Ph\u01b0\u1edbc Long, TP. H\u00f4\u0300 Chi\u0301 Minh<\/p><h4><span style=\"color: #ff6600;\"><strong>LI\u00caN H\u1ec6 \u0110\u1eb6T H\u00c0NG S\u1ea2N PH\u1ea8M C\u1ee6A CH\u00daNG T\u00d4I:<\/strong><\/span><\/h4><p>Tel: <strong>Ms. Phalel &#8211;<\/strong>\u00a0\u00a0 <em><b>0916.497.717<\/b><\/em>\u00a0\u00a0\u00a0\u00a0\u00a0\u00a0 Email: <a href=\"mailto:kinhdoanh03@tanhuuqui.com\">kinhdoanh03@tanhuuqui.com<\/a><\/p><p>Fanpage:\u00a0<a href=\"https:\/\/www.facebook.com\/tanhuuqui\"><strong>C\u00f4ng ty TNHH TM DV T\u00e2n H\u1eefu Qu\u00ed<\/strong><\/a><\/p><p>Webstie:\u00a0<a href=\"http:\/\/tanhuuqui.com\/ko\/\">www.tanhuuqui.com<\/a><\/p><p>Xem th\u00eam s\u1ea3n ph\u1ea9m:\u00a0<a href=\"http:\/\/tanhuuqui.com\/ko\/product\/mix-alive-thao-duoc-thay-khang-sinh\/\">Mix-Alive<\/a><\/p>\t\t\t\t\t\t\t\t<\/div>\n\t\t\t\t<\/div>\n\t\t\t\t\t<\/div>\n\t\t<\/div>\n\t\t\t\t\t<\/div>\n\t\t<\/section>\n\t\t\t\t<\/div>","protected":false},"excerpt":{"rendered":"<h3><span style=\"color: #ff6600\"><strong>MCP (Monocalcium Phosphate)<\/strong><\/span><\/h3>\n<h4><span style=\"color: #ff6600\"><strong>\u0110\u1eb7c t\u00ednh v\u1eadt l\u00fd:<\/strong> <\/span><\/h4>\n<p>M\u00e0u tr\u1eafng ng\u00e0 &#8211; x\u00e1m<\/p>\n<p>D\u1ea1ng h\u1ea1t<\/p>\n<h4><span style=\"color: #ff6600\"><strong>\u0110\u1eb7c t\u00ednh h\u00f3a h\u1ecdc:<\/strong><\/span><\/h4>\n<ul>\n<li>Ca \u2265 15%<\/li>\n<li>P \u2265 22.7%<\/li>\n<li>As \u2264 10ppm<\/li>\n<li>Pb \u2264 15 ppm<\/li>\n<li>\u0110\u1ed9 \u1ea9m \u2264 3%<\/li>\n<\/ul>\n<h4><strong><span style=\"color: #ff6600\">T\u00ean th\u01b0\u1eddng g\u1ecdi:<\/span><\/strong><\/h4>\n<p>MCP<\/p>\n<p>Monocalcium Phosphate<\/p>","protected":false},"featured_media":16130,"comment_status":"closed","ping_status":"closed","template":"","meta":{"om_disable_all_campaigns":false,"_mi_skip_tracking":false,"_monsterinsights_sitenote_active":false,"_monsterinsights_sitenote_note":"","_monsterinsights_sitenote_category":0},"product_brand":[],"product_cat":[492,493],"product_tag":[504,600,601,602,603,604,605,487,479],"class_list":{"0":"post-13479","1":"product","2":"type-product","3":"status-publish","4":"has-post-thumbnail","6":"product_cat-phu-gia","7":"product_cat-phu-gia-khac","8":"product_tag-ca","9":"product_tag-canxi","10":"product_tag-mcp","11":"product_tag-monocalcium-phosphate","12":"product_tag-p","13":"product_tag-phosphate","14":"product_tag-tho-nhi-ki","15":"product_tag-thuc-an-chan-nuoi","16":"product_tag-thuy-san","18":"first","19":"instock","20":"shipping-taxable","21":"product-type-simple"},"aioseo_notices":[],"_links":{"self":[{"href":"https:\/\/tanhuuqui.com\/ko\/wp-json\/wp\/v2\/product\/13479","targetHints":{"allow":["GET"]}}],"collection":[{"href":"https:\/\/tanhuuqui.com\/ko\/wp-json\/wp\/v2\/product"}],"about":[{"href":"https:\/\/tanhuuqui.com\/ko\/wp-json\/wp\/v2\/types\/product"}],"replies":[{"embeddable":true,"href":"https:\/\/tanhuuqui.com\/ko\/wp-json\/wp\/v2\/comments?post=13479"}],"version-history":[{"count":9,"href":"https:\/\/tanhuuqui.com\/ko\/wp-json\/wp\/v2\/product\/13479\/revisions"}],"predecessor-version":[{"id":40816,"href":"https:\/\/tanhuuqui.com\/ko\/wp-json\/wp\/v2\/product\/13479\/revisions\/40816"}],"wp:featuredmedia":[{"embeddable":true,"href":"https:\/\/tanhuuqui.com\/ko\/wp-json\/wp\/v2\/media\/16130"}],"wp:attachment":[{"href":"https:\/\/tanhuuqui.com\/ko\/wp-json\/wp\/v2\/media?parent=13479"}],"wp:term":[{"taxonomy":"product_brand","embeddable":true,"href":"https:\/\/tanhuuqui.com\/ko\/wp-json\/wp\/v2\/product_brand?post=13479"},{"taxonomy":"product_cat","embeddable":true,"href":"https:\/\/tanhuuqui.com\/ko\/wp-json\/wp\/v2\/product_cat?post=13479"},{"taxonomy":"product_tag","embeddable":true,"href":"https:\/\/tanhuuqui.com\/ko\/wp-json\/wp\/v2\/product_tag?post=13479"}],"curies":[{"name":"wp","href":"https:\/\/api.w.org\/{rel}","templated":true}]}}