{"id":5038,"date":"2019-05-28T04:42:28","date_gmt":"2019-05-27T21:42:28","guid":{"rendered":"http:\/\/tanhuuqui.com\/?post_type=product&#038;p=5038"},"modified":"2025-10-28T16:14:29","modified_gmt":"2025-10-28T09:14:29","slug":"mix-alive-thao-duoc-thay-the-khang-sinh","status":"publish","type":"product","link":"https:\/\/tanhuuqui.com\/ko\/product\/mix-alive-thao-duoc-thay-the-khang-sinh\/","title":{"rendered":"\ud63c\ud569 \uc0b4\uc544\uc788\ub2e4\u2013\uc57d\ucd08\uc758 \ud56d\uc0dd\uc81c\ub97c \ub300\uccb4"},"content":{"rendered":"<h2 style=\"text-align: justify;\"><span style=\"color: #339966;\"><strong>Mix-alive &#8211; Th\u1ea3o d\u01b0\u1ee3c thay th\u1ebf kh\u00e1ng sinh<\/strong><\/span><\/h2>\r\n<p style=\"text-align: justify;\">S\u1ea3n ph\u1ea9m <strong>Mix-alive<\/strong> c\u1ee7a Mixscience l\u00e0 m\u1ed9t s\u1ea3n ph\u1ea9m mang t\u00ednh \u0111\u1ed9t ph\u00e1, \u0111\u1ea7y s\u00e1ng t\u1ea1o, hi\u1ec7u qu\u1ea3 trong ch\u0103n nu\u00f4i v\u00e0 nu\u00f4i tr\u1ed3ng th\u1ee7y s\u1ea3n. Mix-alive \u0111\u01b0\u1ee3c chi\u1ebft xu\u1ea5t t\u1eeb qu\u00e1 tr\u00ecnh l\u00ean men v\u1edbi th\u00e0nh ph\u1ea7n ch\u00ednh l\u00e0: t\u1ecfi, h\u00e0nh t\u00e2y v\u00e0 nhi\u1ec1u lo\u1ea1i th\u1ea3o d\u01b0\u1ee3c kh\u00e1c thu\u1ed9c h\u1ecd h\u00e0nh t\u1ecfi, s\u1ea3n ph\u1ea9m c\u00f3 th\u1ec3 thay th\u1ebf kh\u00e1ng sinh r\u1ea5t hi\u1ec7u qu\u1ea3 trong vi\u1ec7c ti\u00eau di\u1ec7t m\u1ea7m b\u1ec7nh, duy tr\u00ec v\u00e0 t\u1ed1i \u01b0u s\u1ee9c kh\u1ecfe v\u1eadt nu\u00f4i, \u0111\u1eb7c bi\u1ec7t hi\u1ec7u qu\u1ea3 tr\u00ean c\u00e1c lo\u00e0i th\u1ee7y s\u1ea3n nh\u01b0 t\u00f4m, c\u00e1 h\u1ed3i v\u00e0 c\u00e1c lo\u00e0i c\u00e1 n\u01b0\u1edbc m\u1eb7n, n\u01b0\u1edbc l\u1ee3\u2026<\/p>\r\n<p style=\"text-align: justify;\">C\u00e1c nghi\u00ean c\u1ee9u \u0111\u00e3 ch\u1ee9ng minh r\u1eb1ng t\u1ecfi sau khi l\u00ean men s\u1ebd \u0111\u01b0\u1ee3c c\u01a1 th\u1ec3 ti\u00eau h\u00f3a v\u00e0 h\u1ea5p thu d\u1ec5 d\u00e0ng h\u01a1n t\u1ecfi t\u01b0\u01a1i, nhi\u1ec1u d\u01b0\u1ee1ng ch\u1ea5t b\u1ed5 sung v\u00e0 d\u01b0\u1ee3c ch\u1ea5t c\u00f3 l\u1ee3i cho s\u1ee9c kh\u1ecfe v\u1eadt nu\u00f4i c\u0169ng \u0111\u01b0\u1ee3c t\u1ea1o ra trong\u00a0qu\u00e1 tr\u00ecnh l\u00ean men.<\/p>\r\n<h3 style=\"text-align: justify;\"><span style=\"color: #008000;\"><strong>L\u00ed do n\u00ean s\u1eed d\u1ee5ng Mix-Alive thay v\u00ec kh\u00e1ng sinh?<\/strong><\/span><\/h3>\r\n<p><a href=\"http:\/\/tanhuuqui.com\/ko\/product\/mix-alive-thao-duoc-thay-khang-sinh\/\"><strong>Mix-alive (th\u1ea3o d\u01b0\u1ee3c thay th\u1ebf kh\u00e1ng sinh)<\/strong><\/a> mang l\u1ea1i hi\u1ec7u qu\u1ea3 t\u01b0\u01a1ng \u0111\u01b0\u01a1ng ho\u1eb7c t\u1ed1t h\u01a1n kh\u00e1ng sinh trong nu\u00f4i tr\u1ed3ng th\u1ee7y s\u1ea3n. Hi\u1ec7u qu\u1ea3 v\u1eabn gi\u1eef nguy\u00ean theo th\u1eddi gian. V\u00ec v\u1eady c\u00f3 th\u1ec3 d\u00f9ng Mix-alive thay th\u1ebf kh\u00e1ng sinh trong ph\u00f2ng v\u00e0 h\u1ed7 tr\u1ee3 \u0111i\u1ec1u tr\u1ecb b\u1ec7nh cho v\u1eadt nu\u00f4i.<\/p>\r\n<p>C\u00f3 th\u1ec3 s\u1eed d\u1ee5ng c\u1ea3 ng\u0103n ng\u1eeba v\u00e0 \u0111i\u1ec1u tr\u1ecb b\u1ec7nh.<\/p>\r\n<p>Kh\u00f4ng c\u00f3 \u0111\u1ec1 kh\u00e1ng kh\u00e1ng sinh ph\u00e1t tri\u1ec3n b\u1edfi d\u1ecbch b\u1ec7nh.<\/p>\r\n<p>Kh\u00f4ng c\u00f3 n\u1eb1m trong danh m\u1ee5c b\u1ecb c\u1ea5m c\u1ee7a ph\u00e1p lu\u1eadt.<\/p>\r\n<p>Kh\u00f4ng \u1ea3nh h\u01b0\u1edfng \u0111\u1ebfn th\u01b0\u01a1ng ph\u1ea9m b\u1edfi v\u00ec <strong>Mix-Alive<\/strong> l\u00e0 s\u1ea3n ph\u1ea9m th\u1ea3o d\u01b0\u1ee3c t\u1eeb t\u1ef1 nhi\u00ean (chi\u1ebft xu\u1ea5t t\u1eeb th\u1ef1c v\u1eadt)<\/p>\r\n<figure id=\"attachment_14755\" aria-describedby=\"caption-attachment-14755\" style=\"width: 1200px\" class=\"wp-caption aligncenter\"><img fetchpriority=\"high\" decoding=\"async\" class=\"wp-image-14755 size-full\" title=\"Mix Alive - Th\u1ea3o d\u01b0\u1ee3c thay th\u1ebf kh\u00e1ng sinh\" src=\"https:\/\/tanhuuqui.com\/wp-content\/uploads\/2019\/05\/Mix-Alive-Thao-duoc-thay-the-khang-sinh-1.jpg\" alt=\"Mix Alive - Th\u1ea3o d\u01b0\u1ee3c thay th\u1ebf kh\u00e1ng sinh\" width=\"1200\" height=\"675\" srcset=\"https:\/\/tanhuuqui.com\/wp-content\/uploads\/2019\/05\/Mix-Alive-Thao-duoc-thay-the-khang-sinh-1.jpg 1200w, https:\/\/tanhuuqui.com\/wp-content\/uploads\/2019\/05\/Mix-Alive-Thao-duoc-thay-the-khang-sinh-1-600x338.jpg 600w, https:\/\/tanhuuqui.com\/wp-content\/uploads\/2019\/05\/Mix-Alive-Thao-duoc-thay-the-khang-sinh-1-300x169.jpg 300w, https:\/\/tanhuuqui.com\/wp-content\/uploads\/2019\/05\/Mix-Alive-Thao-duoc-thay-the-khang-sinh-1-1024x576.jpg 1024w, https:\/\/tanhuuqui.com\/wp-content\/uploads\/2019\/05\/Mix-Alive-Thao-duoc-thay-the-khang-sinh-1-768x432.jpg 768w, https:\/\/tanhuuqui.com\/wp-content\/uploads\/2019\/05\/Mix-Alive-Thao-duoc-thay-the-khang-sinh-1-370x208.jpg 370w, https:\/\/tanhuuqui.com\/wp-content\/uploads\/2019\/05\/Mix-Alive-Thao-duoc-thay-the-khang-sinh-1-840x473.jpg 840w, https:\/\/tanhuuqui.com\/wp-content\/uploads\/2019\/05\/Mix-Alive-Thao-duoc-thay-the-khang-sinh-1-410x231.jpg 410w, https:\/\/tanhuuqui.com\/wp-content\/uploads\/2019\/05\/Mix-Alive-Thao-duoc-thay-the-khang-sinh-1-270x152.jpg 270w\" sizes=\"(max-width: 1200px) 100vw, 1200px\" \/><figcaption id=\"caption-attachment-14755\" class=\"wp-caption-text\">S\u1ea3n ph\u1ea9m ngu\u1ed3n g\u1ed1c th\u1ea3o d\u01b0\u1ee3c c\u00f3 th\u1ec3 thay th\u1ebf kh\u00e1ng sinh d\u00f9ng trong ph\u00f2ng v\u00e0 tr\u1ecb b\u1ec7nh nh\u01b0 Mix Alive l\u00e0 m\u1ed9t \u0111i\u1ec3m s\u00e1ng v\u00e0 xu h\u01b0\u1edbng l\u1ef1a ch\u1ecdn trong t\u01b0\u01a1ng lai cho ng\u00e0nh nu\u00f4i tr\u1ed3ng th\u1ee7y s\u1ea3n Vi\u1ec7t Nam.<\/figcaption><\/figure>\r\n<p style=\"text-align: justify;\">Tr\u00ean c\u00e1c lo\u00e0i th\u1ee7y s\u1ea3n, \u0111\u01b0\u1eddng ru\u1ed9t c\u1ee7a ch\u00fang th\u01b0\u1eddng xuy\u00ean b\u1ecb \u1ea3nh h\u01b0\u1edfng b\u1edfi c\u00e1c sinh v\u1eadt g\u00e2y b\u1ec7nh trong m\u00f4i tr\u01b0\u1eddng n\u01b0\u1edbc. S\u1eed d\u1ee5ng Mix-Alive gi\u00fap ti\u00eau di\u1ec7t m\u1ea7m b\u1ec7nh, <em>n\u00e2ng cao s\u1ee9c kh\u1ecfe \u0111\u01b0\u1eddng ru\u1ed9t<\/em>, c\u1ea3i thi\u1ec7n t\u1ef7 l\u1ec7 s\u1ed1ng c\u1ee7a c\u00e1c lo\u00e0i th\u1ee7y s\u1ea3n.<\/p>\r\n<p style=\"text-align: justify;\"><strong>Mix-Alive<\/strong> mang l\u1ea1i hi\u1ec7u qu\u1ea3 t\u01b0\u01a1ng \u0111\u01b0\u01a1ng ho\u1eb7c t\u1ed1t h\u01a1n kh\u00e1ng sinh trong nu\u00f4i tr\u1ed3ng th\u1ee7y s\u1ea3n. Hi\u1ec7u qu\u1ea3 v\u1eabn gi\u1eef nguy\u00ean theo th\u1eddi gian.<\/p>\r\n<p style=\"text-align: justify;\">Gi\u00fap ki\u1ec3m so\u00e1t s\u1ef1 t\u0103ng tr\u01b0\u1edfng c\u1ee7a c\u00e1c vi khu\u1ea9n g\u00e2y b\u1ec7nh do \u0111\u00f3 gi\u00fap v\u1eadt nu\u00f4i c\u00f3 s\u1ef1 mi\u1ec5n d\u1ecbch t\u1ef1 nhi\u00ean, t\u1ed1i \u01b0u h\u00f3a n\u0103ng su\u1ea5t v\u1eadt nu\u00f4i trong \u0111i\u1ec1u ki\u1ec7n th\u00e1ch th\u1ee9c c\u1ee7a d\u1ecbch b\u1ec7nh v\u00e0 m\u00f4i tr\u01b0\u1eddng.<\/p>\r\n<h3 style=\"text-align: justify;\"><span style=\"color: #008000;\"><strong>\u0110\u1eb7c t\u00ednh v\u1eadt l\u00fd:<\/strong><\/span><\/h3>\r\n<ul style=\"text-align: justify;\">\r\n<li>M\u00e0u s\u1eafc: m\u00e0u tr\u1eafng ng\u00e0.<\/li>\r\n<li>M\u00f9i: m\u00f9i \u0111\u1eb7c tr\u01b0ng.<\/li>\r\n<\/ul>\r\n<p><img decoding=\"async\" class=\"aligncenter wp-image-14757 size-full\" src=\"https:\/\/tanhuuqui.com\/wp-content\/uploads\/2019\/05\/Mix-Alive-Thao-duoc-thay-the-khang-sinh-3-1.jpg\" alt=\"\" width=\"1200\" height=\"675\" srcset=\"https:\/\/tanhuuqui.com\/wp-content\/uploads\/2019\/05\/Mix-Alive-Thao-duoc-thay-the-khang-sinh-3-1.jpg 1200w, https:\/\/tanhuuqui.com\/wp-content\/uploads\/2019\/05\/Mix-Alive-Thao-duoc-thay-the-khang-sinh-3-1-600x338.jpg 600w, https:\/\/tanhuuqui.com\/wp-content\/uploads\/2019\/05\/Mix-Alive-Thao-duoc-thay-the-khang-sinh-3-1-300x169.jpg 300w, https:\/\/tanhuuqui.com\/wp-content\/uploads\/2019\/05\/Mix-Alive-Thao-duoc-thay-the-khang-sinh-3-1-1024x576.jpg 1024w, https:\/\/tanhuuqui.com\/wp-content\/uploads\/2019\/05\/Mix-Alive-Thao-duoc-thay-the-khang-sinh-3-1-768x432.jpg 768w, https:\/\/tanhuuqui.com\/wp-content\/uploads\/2019\/05\/Mix-Alive-Thao-duoc-thay-the-khang-sinh-3-1-370x208.jpg 370w, https:\/\/tanhuuqui.com\/wp-content\/uploads\/2019\/05\/Mix-Alive-Thao-duoc-thay-the-khang-sinh-3-1-840x473.jpg 840w, https:\/\/tanhuuqui.com\/wp-content\/uploads\/2019\/05\/Mix-Alive-Thao-duoc-thay-the-khang-sinh-3-1-410x231.jpg 410w, https:\/\/tanhuuqui.com\/wp-content\/uploads\/2019\/05\/Mix-Alive-Thao-duoc-thay-the-khang-sinh-3-1-270x152.jpg 270w\" sizes=\"(max-width: 1200px) 100vw, 1200px\" \/><\/p>\r\n<h3 style=\"text-align: justify;\"><span style=\"color: #008000;\"><strong>\u0110\u1eb7c t\u00ednh h\u00f3a h\u1ecdc:<\/strong><\/span><\/h3>\r\n<table border=\"1&quot;\" width=\"80%\">\r\n<tbody>\r\n<tr>\r\n<td width=\"45\">\r\n<p><strong>STT<\/strong><\/p>\r\n<\/td>\r\n<td width=\"278\">\r\n<p><strong>CH\u1ec8 TI\u00caU<\/strong><\/p>\r\n<\/td>\r\n<td width=\"186\">\r\n<p><strong>K\u1ebeT QU\u1ea2<\/strong><\/p>\r\n<\/td>\r\n<\/tr>\r\n<tr>\r\n<td width=\"45\">\r\n<p>1<\/p>\r\n<\/td>\r\n<td width=\"278\">\r\n<p>Sorbitol<\/p>\r\n<\/td>\r\n<td width=\"186\">\r\n<p>: \u2265 90.000mg\/kg\u00a0<\/p>\r\n<\/td>\r\n<\/tr>\r\n<tr>\r\n<td width=\"45\">\r\n<p>2<\/p>\r\n<\/td>\r\n<td width=\"278\">\r\n<p>Vitamin E<\/p>\r\n<\/td>\r\n<td width=\"186\">\r\n<p>: \u2265 22.000 UI\/kg\u00a0<\/p>\r\n<\/td>\r\n<\/tr>\r\n<tr>\r\n<td width=\"45\">\r\n<p>3<\/p>\r\n<\/td>\r\n<td width=\"278\">\r\n<p>Methionine<\/p>\r\n<\/td>\r\n<td width=\"186\">\r\n<p>: \u2265 35.000 mg\/kg\u00a0<\/p>\r\n<\/td>\r\n<\/tr>\r\n<tr>\r\n<td width=\"45\">\r\n<p>4<\/p>\r\n<\/td>\r\n<td width=\"278\">\r\n<p>\u0110\u1ed9 \u1ea9m<\/p>\r\n<\/td>\r\n<td width=\"186\">\r\n<p>: \u2264 12%\u00a0<\/p>\r\n<\/td>\r\n<\/tr>\r\n<tr>\r\n<td width=\"45\">\r\n<p>5<\/p>\r\n<\/td>\r\n<td width=\"278\">\r\n<p><em>E.coli, Salmonella<\/em><\/p>\r\n<\/td>\r\n<td width=\"186\">\r\n<p>: Kh\u00f4ng ph\u00e1t hi\u1ec7n<\/p>\r\n<\/td>\r\n<\/tr>\r\n<tr>\r\n<td width=\"45\">\r\n<p>6<\/p>\r\n<\/td>\r\n<td width=\"278\">\r\n<p>Kim lo\u1ea1i n\u1eb7ng (As, Cd, Pb, Hg\u2026)<\/p>\r\n<\/td>\r\n<td width=\"186\">\r\n<p>: Kh\u00f4ng ph\u00e1t hi\u1ec7n<\/p>\r\n<\/td>\r\n<\/tr>\r\n<tr>\r\n<td width=\"45\">\r\n<p>7<\/p>\r\n<\/td>\r\n<td width=\"278\">\r\n<p>Tro<\/p>\r\n<\/td>\r\n<td width=\"186\">\r\n<p>: \u2264 2%<\/p>\r\n<\/td>\r\n<\/tr>\r\n<\/tbody>\r\n<\/table>\r\n<h3 style=\"text-align: justify;\"><strong><span style=\"color: #008000;\">C\u00f4ng d\u1ee5ng:\u00a0<\/span> \u00a0 \u00a0 \u00a0 \u00a0 \u00a0 \u00a0 \u00a0 \u00a0 \u00a0 \u00a0 \u00a0 \u00a0 \u00a0 \u00a0 \u00a0 \u00a0 \u00a0 \u00a0\u00a0<\/strong><\/h3>\r\n<ul style=\"text-align: justify;\">\r\n<li><a href=\"http:\/\/tanhuuqui.com\/ko\/product\/mix-alive-thao-duoc-thay-khang-sinh\/\"><strong>Mix-Alive <\/strong><\/a>ki\u1ec3m so\u00e1t s\u1ef1 t\u0103ng t\u01b0\u1edfng c\u1ee7a c\u00e1c vi khu\u1ea9n g\u00e2y b\u1ec7nh do \u0111\u00f3 gi\u00fap ti\u1ebft ki\u1ec7m n\u0103ng l\u01b0\u1ee3ng cho mi\u1ec5n d\u1ecbch t\u1ef1 nhi\u00ean c\u1ee7a v\u1eadt ch\u1ee7.<\/li>\r\n<li>Tr\u00ean c\u00e1c lo\u00e0i th\u1ee7y s\u1ea3n, \u0111\u01b0\u1eddng ru\u1ed9t c\u1ee7a v\u1eadt nu\u00f4i th\u01b0\u1eddng xuy\u00ean b\u1ecb \u1ea3nh h\u01b0\u1edfng b\u1edfi c\u00e1c sinh v\u1eadt g\u00e2y b\u1ec7nh trong m\u00f4i tr\u01b0\u1eddng n\u01b0\u1edbc. S\u1eed d\u1ee5ng <strong>Mix-Alive <\/strong>gi\u00fap ti\u00eau di\u1ec7t m\u1ea7m b\u1ec7nh, n\u00e2ng cao s\u1ee9c kh\u1ecfe \u0111\u01b0\u1eddng ru\u1ed9t, gi\u00fap c\u1ea3i thi\u1ec7n t\u1ef7 l\u1ec7 s\u1ed1ng c\u1ee7a v\u1eadt nu\u00f4i.<\/li>\r\n<li><strong>Mix-Alive <\/strong>gi\u00fap t\u1ed1i \u01b0u h\u00f3a n\u0103ng su\u1ea5t trong \u0111i\u1ec1u ki\u1ec7n th\u00e1ch th\u1ee9c c\u1ee7a d\u1ecbch b\u1ec7nh v\u00e0 m\u00f4i tr\u01b0\u1eddng.<\/li>\r\n<\/ul>\r\n<h3 style=\"text-align: justify;\"><span style=\"color: #008000;\"><strong>L\u01b0\u1ee3ng s\u1eed d\u1ee5ng:<\/strong><\/span><\/h3>\r\n<ul style=\"text-align: justify;\">\r\n<li><strong><u>S\u1eed d\u1ee5ng trong ph\u00f2ng b\u1ec7nh<\/u><\/strong>: tr\u1ed9n v\u00e0o th\u1ee9c \u0103n.<\/li>\r\n<\/ul>\r\n<p style=\"padding-left: 30px; text-align: justify;\">\u00a0+ Tr\u00ean c\u00e1: tr\u1ed9n 1-2 kg\/t\u1ea5n th\u1ee9c \u0103n, s\u1eed d\u1ee5ng li\u00ean t\u1ee5c.<\/p>\r\n<p style=\"padding-left: 30px; text-align: justify;\">\u00a0+ Tr\u00ean t\u00f4m: tr\u1ed9n 2kg kg\/t\u1ea5n th\u1ee9c \u0103n, s\u1eed d\u1ee5ng li\u00ean t\u1ee5c.<\/p>\r\n<ul style=\"text-align: justify;\">\r\n<li><strong><u>S\u1eed d\u1ee5ng trong \u0111i\u1ec1u tr\u1ecb b\u1ec7nh<\/u>:<\/strong> ph\u1ee7 l\u00ean b\u1ec1 m\u1eb7t vi\u00ean th\u1ee9c \u0103n.<\/li>\r\n<\/ul>\r\n<p style=\"padding-left: 30px; text-align: justify;\">\u00a0+ Tr\u00ean c\u00e1: 4-5 kg\/t\u1ea5n th\u1ee9c \u0103n, s\u1eed d\u1ee5ng \u00edt nh\u1ea5t 2 tu\u1ea7n.<\/p>\r\n<p style=\"padding-left: 30px; text-align: justify;\">\u00a0+ Tr\u00ean t\u00f4m: 5 kg\/t\u1ea5n th\u1ee9c \u0103n, s\u1eed d\u1ee5ng \u00edt nh\u1ea5t 3 tu\u1ea7n.<\/p>\r\n<p style=\"text-align: justify;\"><em><strong>Xem th\u00eam: <\/strong><\/em><a href=\"http:\/\/tanhuuqui.com\/ko\/mix-alive-thao-duoc-hieu-qua-cho-duong-ruot-tom-khoe\/\">C\u00e1ch d\u00f9ng s\u1ea3n ph\u1ea9m Mix-Alive trong ph\u00f2ng v\u00e0 \u0111i\u1ec1u tr\u1ecb b\u1ec7nh \u0111\u01b0\u1eddng ru\u1ed9t tr\u00ean t\u00f4m t\u1ea1i \u0111\u00e2y<\/a><\/p>\r\n<p style=\"text-align: justify;\"><span style=\"color: #008000;\"><strong>Quy c\u00e1ch:<\/strong><\/span>\u00a020 kg\/bao<\/p>\r\n<p><span style=\"color: #008000;\"><strong>B\u1ea3o qu\u1ea3n:<\/strong><\/span>\u00a0N\u01a1i kh\u00f4 r\u00e1o tho\u00e1ng m\u00e1t.<\/p>\r\n<figure id=\"attachment_14756\" aria-describedby=\"caption-attachment-14756\" style=\"width: 1200px\" class=\"wp-caption aligncenter\"><img decoding=\"async\" class=\"wp-image-14756 size-full\" src=\"https:\/\/tanhuuqui.com\/wp-content\/uploads\/2019\/05\/Mix-Alive-Thao-duoc-thay-the-khang-sinh-2-1.jpg\" alt=\"\" width=\"1200\" height=\"675\" srcset=\"https:\/\/tanhuuqui.com\/wp-content\/uploads\/2019\/05\/Mix-Alive-Thao-duoc-thay-the-khang-sinh-2-1.jpg 1200w, https:\/\/tanhuuqui.com\/wp-content\/uploads\/2019\/05\/Mix-Alive-Thao-duoc-thay-the-khang-sinh-2-1-600x338.jpg 600w, https:\/\/tanhuuqui.com\/wp-content\/uploads\/2019\/05\/Mix-Alive-Thao-duoc-thay-the-khang-sinh-2-1-300x169.jpg 300w, https:\/\/tanhuuqui.com\/wp-content\/uploads\/2019\/05\/Mix-Alive-Thao-duoc-thay-the-khang-sinh-2-1-1024x576.jpg 1024w, https:\/\/tanhuuqui.com\/wp-content\/uploads\/2019\/05\/Mix-Alive-Thao-duoc-thay-the-khang-sinh-2-1-768x432.jpg 768w, https:\/\/tanhuuqui.com\/wp-content\/uploads\/2019\/05\/Mix-Alive-Thao-duoc-thay-the-khang-sinh-2-1-370x208.jpg 370w, https:\/\/tanhuuqui.com\/wp-content\/uploads\/2019\/05\/Mix-Alive-Thao-duoc-thay-the-khang-sinh-2-1-840x473.jpg 840w, https:\/\/tanhuuqui.com\/wp-content\/uploads\/2019\/05\/Mix-Alive-Thao-duoc-thay-the-khang-sinh-2-1-410x231.jpg 410w, https:\/\/tanhuuqui.com\/wp-content\/uploads\/2019\/05\/Mix-Alive-Thao-duoc-thay-the-khang-sinh-2-1-270x152.jpg 270w\" sizes=\"(max-width: 1200px) 100vw, 1200px\" \/><figcaption id=\"caption-attachment-14756\" class=\"wp-caption-text\">Bao \u0111\u01b0\u1ee3c \u0111\u00f3ng g\u00f3i v\u1edbi tr\u1ecdng l\u01b0\u1ee3ng t\u1ecbnh l\u00e0 20kg\/bao<\/figcaption><\/figure>\r\n<p style=\"text-align: justify;\"><strong><span style=\"color: #008000;\">Xu\u1ea5t x\u1ee9:<\/span> <a href=\"https:\/\/www.mixscience.eu\/en\/\">T\u1eadp \u0110o\u00e0n MIXSCIENCE- Ph\u00e1p.\u00a0<\/a><\/strong><\/p>\r\n<p><img loading=\"lazy\" decoding=\"async\" class=\"aligncenter wp-image-14633 size-full\" src=\"https:\/\/tanhuuqui.com\/wp-content\/uploads\/2019\/05\/20151221_105507_2769_header.png\" alt=\"\" width=\"998\" height=\"200\" srcset=\"https:\/\/tanhuuqui.com\/wp-content\/uploads\/2019\/05\/20151221_105507_2769_header.png 998w, https:\/\/tanhuuqui.com\/wp-content\/uploads\/2019\/05\/20151221_105507_2769_header-600x120.png 600w, https:\/\/tanhuuqui.com\/wp-content\/uploads\/2019\/05\/20151221_105507_2769_header-300x60.png 300w, https:\/\/tanhuuqui.com\/wp-content\/uploads\/2019\/05\/20151221_105507_2769_header-768x154.png 768w, https:\/\/tanhuuqui.com\/wp-content\/uploads\/2019\/05\/20151221_105507_2769_header-370x74.png 370w, https:\/\/tanhuuqui.com\/wp-content\/uploads\/2019\/05\/20151221_105507_2769_header-840x168.png 840w, https:\/\/tanhuuqui.com\/wp-content\/uploads\/2019\/05\/20151221_105507_2769_header-410x82.png 410w\" sizes=\"(max-width: 998px) 100vw, 998px\" \/><\/p>\r\n<blockquote>\r\n<h3 style=\"text-align: justify;\"><strong>Nh\u00e0 ph\u00e2n ph\u1ed1i ch\u00ednh th\u1ee9c s\u1ea3n ph\u1ea9m Mix-Alive<\/strong><\/h3>\r\n<p style=\"text-align: justify;\"><strong>C\u00d4NG TY TNHH TMDV T\u00c2N H\u1eeeU QU\u00cd<\/strong><br \/>2, \u0110\u01b0\u1eddng s\u1ed1 2, P. Ph\u01b0\u1edbc Long, TP. H\u1ed3 Ch\u00ed Minh<\/p>\r\n\r\n<div class=\"wp-block-jetpack-contact-info\" style=\"text-align: justify;\">\r\n\r\n\r\n\r\n<\/div>\r\n\r\n\r\n\r\n<p style=\"text-align: justify;\"><strong><a href=\"http:\/\/tanhuuqui.com\/ko\/lien-he\/\">T\u01b0 v\u1ea5n h\u1ed7 tr\u1ee3 Mix &#8211; Alive<\/a>:\u00a0<\/strong><\/p>\r\n<p style=\"text-align: justify;\">Ms. <strong>Phalel<\/strong> \u2013 0916.497.717 (zalo\/whatsapp)<\/p>\r\n<\/blockquote>","protected":false},"excerpt":{"rendered":"<h4 style=\"text-align: justify;\"><span style=\"color: #339966;\"><strong>Mi\u00eau t\u1ea3:\u00a0<\/strong><\/span><\/h4>\n<p style=\"text-align: justify;\"><strong>Mix-Alive &#8211; s\u1ea3n ph\u1ea9m th\u1ea3o d\u01b0\u1ee3c thay th\u1ebf kh\u00e1ng sinh<\/strong> l\u00e0 s\u1ea3n ph\u1ea9m thu \u0111\u01b0\u1ee3c sau khi l\u00ean men t\u1ecfi ta, t\u1ecfi t\u00e2y, h\u00e0nh t\u00e2y, h\u00e0nh c\u1ee7, h\u1eb9&#8230; v\u00e0 r\u1ea5t nhi\u1ec1u th\u1ea3o d\u01b0\u1ee3c thu\u1ed9c h\u1ecd h\u00e0nh (Alliaceae), th\u00e0nh ph\u1ea7n c\u00f3 tr\u00ean tr\u00ean 10 lo\u1ea1i th\u1ea3o d\u01b0\u1ee3c.<\/p>\n<h4 style=\"text-align: justify;\"><span style=\"color: #339966;\"><strong>T\u00ednh ch\u1ea5t:<\/strong><\/span><\/h4>\n<p style=\"text-align: justify;\"><strong>Mix-Alive<\/strong> \u0111\u01b0\u1ee3c chi\u1ebft xu\u1ea5t t\u1eeb th\u1ef1c v\u1eadt c\u00f3 t\u00ednh kh\u00e1ng khu\u1ea9n cao, l\u00e0 m\u1ed9t gi\u1ea3i ph\u00e1p thay th\u1ebf kh\u00e1ng sinh \u0111\u1ea7y s\u00e1ng t\u1ea1o \u0111\u1ec3 ti\u00eau di\u1ec7t m\u1ea7m b\u1ec7nh, gi\u00fap duy tr\u00ec v\u00e0 t\u1ed1i \u01b0u s\u1ee9c kh\u1ecfe c\u1ee7a v\u1eadt nu\u00f4i, \u0111\u1eb7c bi\u1ec7t l\u00e0 tr\u00ean c\u00e1c lo\u00e0i th\u1ee7y s\u1ea3n (t\u00f4m, c\u00e1, \u1ebfch,\u2026).<\/p>\n<p style=\"text-align: justify;\">V\u1edbi nh\u1eefng n\u0103m g\u1ea7n \u0111\u00e2y, t\u00ecnh h\u00ecnh s\u1eed d\u1ee5ng kh\u00e1ng sinh trong <a href=\"http:\/\/tanhuuqui.com\/ko\/bao-dong-do-viec-lam-dung-khang-sinh-trong-nuoi-trong-thuy-san\/\">nu\u00f4i tr\u1ed3ng th\u1ee7y s\u1ea3n \u0111\u1ea1t m\u1ee9c b\u00e1o \u0111\u1ed9ng<\/a>, s\u1ea3n ph\u1ea9m Mix &#8211; Alive l\u00e0 m\u1ed9t gi\u1ea3i ph\u00e1p tuy\u1ec7t v\u1eddi cho t\u00ecnh h\u00ecnh <a href=\"http:\/\/tanhuuqui.com\/ko\/bao-dong-do-viec-lam-dung-khang-sinh-trong-nuoi-trong-thuy-san\/\">l\u1ea1m d\u1ee5ng kh\u00e1ng sinh \u0111ang di\u1ec5n ra tr\u00ean th\u1ecb tr\u01b0\u1eddng ch\u0103n nu\u00f4i.<\/a><\/p>\n<p style=\"text-align: justify;\">T\u00ecm hi\u1ec3u th\u00eam v\u1ec1 \u1ea3nh h\u01b0\u1edfng c\u1ee7a s\u1ef1 t\u1ed3n d\u01b0 kh\u00e1ng sinh l\u1ea1i c\u00f3 th\u1ec3 mang \u0111\u1ebfn nh\u1eefng hi\u1ec7u qu\u1ea3 kh\u00f4ng mong mu\u1ed1n <a href=\"http:\/\/tanhuuqui.com\/ko\/tai-sao-ton-du-khang-sinh-trong-chan-nuoi-lai-co-the-anh-huong-den-suc-khoe-con-nguoi\/\">t\u1ea1i \u0111\u00e2y.<\/a><\/p>\n<h4 style=\"text-align: justify;\"><span style=\"color: #339966;\"><strong>T\u00e1c d\u1ee5ng:<\/strong><\/span><\/h4>\n<p style=\"text-align: justify;\"><strong>C\u01a1 ch\u1ebf t\u00e1c \u0111\u1ed9ng<\/strong> Trong h\u1ecd nh\u00e0 h\u00e0nh (Alliaceae) \u0111\u1ec1u c\u00f3 g\u1ed1c Sulfur (l\u01b0u hu\u1ef3nh). V\u00ec b\u1ea3n ch\u1ea5t t\u1ecfi, h\u00e0nh r\u1ea5t d\u1ec5 b\u1ecb oxy h\u00f3a, n\u1ebfu \u0111\u1ec3 c\u00e1c s\u1ea3n ph\u1ea9m t\u1ecfi, h\u00e0nh t\u00e2y t\u01b0\u01a1i ngo\u00e0i kh\u00f4ng kh\u00ed th\u00ec sau 30 ph\u00fat s\u1ebd l\u00e0m gi\u1ea3m h\u00e0m l\u01b0\u1ee3ng h\u1ee3p ch\u1ea5t Allicine 30%. V\u00ec v\u1eady, qu\u00e1 tr\u00ecnh l\u00ean men s\u1ebd l\u00e0m t\u0103ng t\u00e1c d\u1ee5ng c\u1ee7a h\u1ee3p ch\u1ea5t l\u01b0u hu\u1ef3nh, c\u0169ng nh\u01b0 t\u0103ng t\u00ednh \u1ed5n \u0111\u1ecbnh c\u1ee7a h\u1ecda t\u00ednh.<\/p>\n<p style=\"text-align: justify;\">Sau qu\u00e1 tr\u00ecnh l\u00ean men th\u00ec h\u1ee3p ch\u1ea5t ch\u1ee9a l\u01b0u hu\u1ef3nh (trong th\u00e0nh ph\u1ea7n c\u1ee7a h\u1ecd h\u00e0nh) c\u00f3 t\u00e1c d\u1ee5ng m\u1ea1nh m\u1ebd h\u01a1n\u2026 ho\u1ea1t ch\u1ea5t l\u01b0u hu\u1ef3nh trong Mix-Alive s\u1ebd l\u00e0m gi\u00e1n \u0111o\u1ea1n c\u00e1c g\u1ed1c li\u00ean k\u1ebft l\u01b0u hu\u1ef3nh tr\u00ean protein, l\u00e0m \u1ee9c ch\u1ebf bi\u1ec3u hi\u1ec7n gen, gi\u00e1n \u0111o\u1ea1n chuy\u1ec3n h\u00f3a n\u0103ng l\u01b0\u1ee3ng, t\u1eeb \u0111\u00f3 vi khu\u1ea9n kh\u00f4ng th\u1ec3 t\u1ed5ng h\u1ee3p protein v\u00e0 vi khu\u1ea9n b\u1ecb ti\u00eau di\u1ec7t.<\/p>","protected":false},"featured_media":16113,"comment_status":"closed","ping_status":"closed","template":"","meta":{"om_disable_all_campaigns":false,"_mi_skip_tracking":false,"_monsterinsights_sitenote_active":false,"_monsterinsights_sitenote_note":"","_monsterinsights_sitenote_category":0},"product_brand":[],"product_cat":[492,554],"product_tag":[544,545,546,547,548,549,550,551,552,553,555,556,557,558,559,560,561,562,563,564],"class_list":{"0":"post-5038","1":"product","2":"type-product","3":"status-publish","4":"has-post-thumbnail","6":"product_cat-phu-gia","7":"product_cat-phu-gia-bo-sung","8":"product_tag-an-toan-sinh-hoc","9":"product_tag-cac-san-pham-thay-the-khang-sinh","10":"product_tag-giai-phap-thay-the-khang-sinh-trong-chan-nuoi","11":"product_tag-hanh-len-men","12":"product_tag-hanh-toi-len-men","13":"product_tag-huong-hanh-toi","14":"product_tag-huong-toi","15":"product_tag-mix-alive-remix","16":"product_tag-mix-alive","17":"product_tag-nuoi-trong-thuy-san-sinh-hoc","18":"product_tag-thao-duoc","19":"product_tag-thao-duoc-mix-science","20":"product_tag-thao-duoc-thay-the-khang-sinh","21":"product_tag-thao-duoc-thuoc-thu-y","22":"product_tag-thay-the-khang-sinh","23":"product_tag-thay-the-khang-sinh-trong-nuoi-tom","24":"product_tag-thay-the-khang-sinh-tu-nhien","25":"product_tag-thuc-pham-thay-the-thuoc-khang-sinh","26":"product_tag-thuoc-thay-the-khang-sinh","27":"product_tag-toi-len-men","29":"first","30":"instock","31":"shipping-taxable","32":"product-type-simple"},"aioseo_notices":[],"_links":{"self":[{"href":"https:\/\/tanhuuqui.com\/ko\/wp-json\/wp\/v2\/product\/5038","targetHints":{"allow":["GET"]}}],"collection":[{"href":"https:\/\/tanhuuqui.com\/ko\/wp-json\/wp\/v2\/product"}],"about":[{"href":"https:\/\/tanhuuqui.com\/ko\/wp-json\/wp\/v2\/types\/product"}],"replies":[{"embeddable":true,"href":"https:\/\/tanhuuqui.com\/ko\/wp-json\/wp\/v2\/comments?post=5038"}],"version-history":[{"count":5,"href":"https:\/\/tanhuuqui.com\/ko\/wp-json\/wp\/v2\/product\/5038\/revisions"}],"predecessor-version":[{"id":40808,"href":"https:\/\/tanhuuqui.com\/ko\/wp-json\/wp\/v2\/product\/5038\/revisions\/40808"}],"wp:featuredmedia":[{"embeddable":true,"href":"https:\/\/tanhuuqui.com\/ko\/wp-json\/wp\/v2\/media\/16113"}],"wp:attachment":[{"href":"https:\/\/tanhuuqui.com\/ko\/wp-json\/wp\/v2\/media?parent=5038"}],"wp:term":[{"taxonomy":"product_brand","embeddable":true,"href":"https:\/\/tanhuuqui.com\/ko\/wp-json\/wp\/v2\/product_brand?post=5038"},{"taxonomy":"product_cat","embeddable":true,"href":"https:\/\/tanhuuqui.com\/ko\/wp-json\/wp\/v2\/product_cat?post=5038"},{"taxonomy":"product_tag","embeddable":true,"href":"https:\/\/tanhuuqui.com\/ko\/wp-json\/wp\/v2\/product_tag?post=5038"}],"curies":[{"name":"wp","href":"https:\/\/api.w.org\/{rel}","templated":true}]}}