{"id":22015,"date":"2022-11-03T23:55:32","date_gmt":"2022-11-03T16:55:32","guid":{"rendered":"https:\/\/tanhuuqui.com\/?page_id=22015"},"modified":"2023-11-03T10:14:42","modified_gmt":"2023-11-03T10:14:42","slug":"thu-vien-tai-lieu","status":"publish","type":"page","link":"https:\/\/tanhuuqui.com\/th\/thu-vien-tai-lieu\/","title":{"rendered":"Th\u01b0 vi\u1ec7n t\u00e0i li\u1ec7u"},"content":{"rendered":"<p>Tuy\u00ean b\u1ed1 tr\u00e1ch nhi\u1ec7m<br \/>\nV\u1edbi m\u1ee5c ti\u00eau chia s\u1ebb c\u00e1c ki\u1ebfn th\u1ee9c \u0111\u1ec3 g\u00f3p ph\u1ea7n th\u00fac \u0111\u1ea9y cho s\u1ef1 ph\u00e1t tri\u1ec3n v\u1ec1 l\u0129nh v\u1ef1c n\u00f4ng nghi\u1ec7p &#038; ch\u0103n nu\u00f4i, ch\u00fang t\u00f4i t\u1ed5ng h\u1ee3p c\u00e1c t\u00e0i li\u1ec7u \u0111\u01b0\u1ee3c chia s\u1ebb tr\u00ean n\u1ec1n t\u1ea3ng Internet, c\u00e1c h\u1ed9i nh\u00f3m \u0111\u1ec3 c\u00e1c kh\u00e1ch h\u00e0ng quan t\u00e2m c\u00f3 th\u1ec3 ti\u1ebfp c\u1eadn d\u1ec5 d\u00e0ng h\u01a1n, ho\u00e0n to\u00e0n kh\u00f4ng c\u00f3 y\u1ebfu t\u1ed1 th\u01b0\u01a1ng m\u1ea1i c\u00e1c t\u00e0i li\u1ec7u. T\u00e2n H\u1eefu Qu\u00ed s\u1ebd kh\u00f4ng ch\u1ecbu b\u1ea5t k\u1ef3 tr\u00e1ch nhi\u1ec7m n\u00e0o li\u00ean quan \u0111\u1ebfn c\u00e1c n\u1ed9i dung c\u0169ng nh\u01b0 b\u1ea3n quy\u1ec1n c\u1ee7a t\u00e0i li\u1ec7u. Tr\u01b0\u1eddng h\u1ee3p c\u00e1c c\u00e1 nh\u00e2n, t\u1ed5 ch\u1ee9c c\u00f3 nhu c\u1ea7u g\u1ee1 b\u00f5 n\u1ed9i dung, xin vui l\u00f2ng li\u00ean h\u1ec7  ch\u00fang t\u00f4i theo email: marketing@tanhuuqui.com. Xin ch\u00e2n th\u00e0nh c\u00e1m \u01a1n!<br \/>\n<button type=\"button\"><br \/>\n&times;<br \/>\nDismiss this alert.<br \/>\n<\/button><br \/>\n[wpdm_archive_filter items_per_page=&#8221;20&#8243; template=&#8221;page-template-1col-ex cols=1 sidebar=&#8221;right&#8221;]<\/p>\n","protected":false},"excerpt":{"rendered":"<p>Tuy\u00ean b\u1ed1 tr\u00e1ch nhi\u1ec7m V\u1edbi m\u1ee5c ti\u00eau chia s\u1ebb c\u00e1c ki\u1ebfn th\u1ee9c \u0111\u1ec3 g\u00f3p ph\u1ea7n th\u00fac \u0111\u1ea9y cho s\u1ef1 ph\u00e1t tri\u1ec3n v\u1ec1 l\u0129nh v\u1ef1c n\u00f4ng nghi\u1ec7p &#038; ch\u0103n nu\u00f4i, ch\u00fang&hellip;<\/p>","protected":false},"author":1,"featured_media":0,"parent":0,"menu_order":0,"comment_status":"closed","ping_status":"closed","template":"","meta":{"om_disable_all_campaigns":false,"_mi_skip_tracking":false,"_monsterinsights_sitenote_active":false,"_monsterinsights_sitenote_note":"","_monsterinsights_sitenote_category":0,"footnotes":""},"class_list":["post-22015","page","type-page","status-publish","hentry"],"aioseo_notices":[],"_links":{"self":[{"href":"https:\/\/tanhuuqui.com\/th\/wp-json\/wp\/v2\/pages\/22015","targetHints":{"allow":["GET"]}}],"collection":[{"href":"https:\/\/tanhuuqui.com\/th\/wp-json\/wp\/v2\/pages"}],"about":[{"href":"https:\/\/tanhuuqui.com\/th\/wp-json\/wp\/v2\/types\/page"}],"author":[{"embeddable":true,"href":"https:\/\/tanhuuqui.com\/th\/wp-json\/wp\/v2\/users\/1"}],"replies":[{"embeddable":true,"href":"https:\/\/tanhuuqui.com\/th\/wp-json\/wp\/v2\/comments?post=22015"}],"version-history":[{"count":5,"href":"https:\/\/tanhuuqui.com\/th\/wp-json\/wp\/v2\/pages\/22015\/revisions"}],"predecessor-version":[{"id":26125,"href":"https:\/\/tanhuuqui.com\/th\/wp-json\/wp\/v2\/pages\/22015\/revisions\/26125"}],"wp:attachment":[{"href":"https:\/\/tanhuuqui.com\/th\/wp-json\/wp\/v2\/media?parent=22015"}],"curies":[{"name":"wp","href":"https:\/\/api.w.org\/{rel}","templated":true}]}}