{"id":26344,"date":"2023-11-04T08:49:54","date_gmt":"2023-11-04T08:49:54","guid":{"rendered":"https:\/\/tanhuuqui.com\/?page_id=26344"},"modified":"2023-11-04T09:22:53","modified_gmt":"2023-11-04T09:22:53","slug":"videos","status":"publish","type":"page","link":"https:\/\/tanhuuqui.com\/th\/videos\/","title":{"rendered":"TH\u01af VI\u1ec6N VIDEO"},"content":{"rendered":"\t\t<div data-elementor-type=\"wp-page\" data-elementor-id=\"26344\" class=\"elementor elementor-26344\" data-elementor-post-type=\"page\">\n\t\t\t\t\t\t<section class=\"elementor-section elementor-top-section elementor-element elementor-element-61b8176 elementor-section-boxed elementor-section-height-default elementor-section-height-default sc_fly_static\" data-id=\"61b8176\" data-element_type=\"section\" data-e-type=\"section\">\n\t\t\t\t\t\t<div class=\"elementor-container elementor-column-gap-extended\">\n\t\t\t\t\t<div class=\"elementor-column elementor-col-100 elementor-top-column elementor-element elementor-element-da9fded sc_content_align_inherit sc_layouts_column_icons_position_left sc_fly_static\" data-id=\"da9fded\" data-element_type=\"column\" data-e-type=\"column\">\n\t\t\t<div class=\"elementor-widget-wrap elementor-element-populated\">\n\t\t\t\t\t\t<div class=\"elementor-element elementor-element-d16edd7 sc_fly_static elementor-widget elementor-widget-heading\" data-id=\"d16edd7\" data-element_type=\"widget\" data-e-type=\"widget\" data-widget_type=\"heading.default\">\n\t\t\t\t<div class=\"elementor-widget-container\">\n\t\t\t\t\t<h2 class=\"elementor-heading-title elementor-size-default\">HO\u1ea0T \u0110\u1ed8NG C\u00d4NG TY<\/h2>\t\t\t\t<\/div>\n\t\t\t\t<\/div>\n\t\t\t\t\t<\/div>\n\t\t<\/div>\n\t\t\t\t\t<\/div>\n\t\t<\/section>\n\t\t\t\t<section class=\"elementor-section elementor-top-section elementor-element elementor-element-2584279 elementor-section-boxed elementor-section-height-default elementor-section-height-default sc_fly_static\" data-id=\"2584279\" data-element_type=\"section\" data-e-type=\"section\">\n\t\t\t\t\t\t<div class=\"elementor-container elementor-column-gap-extended\">\n\t\t\t\t\t<div class=\"elementor-column elementor-col-100 elementor-top-column elementor-element elementor-element-83d84a6 sc_content_align_inherit sc_layouts_column_icons_position_left sc_fly_static\" data-id=\"83d84a6\" data-element_type=\"column\" data-e-type=\"column\">\n\t\t\t<div class=\"elementor-widget-wrap elementor-element-populated\">\n\t\t\t\t\t\t<div class=\"elementor-element elementor-element-0b51e90 sc_fly_static elementor-widget elementor-widget-spacer\" data-id=\"0b51e90\" data-element_type=\"widget\" data-e-type=\"widget\" data-widget_type=\"spacer.default\">\n\t\t\t\t<div class=\"elementor-widget-container\">\n\t\t\t\t\t\t\t<div class=\"elementor-spacer\">\n\t\t\t<div class=\"elementor-spacer-inner\"><\/div>\n\t\t<\/div>\n\t\t\t\t\t\t<\/div>\n\t\t\t\t<\/div>\n\t\t\t\t\t<\/div>\n\t\t<\/div>\n\t\t\t\t\t<\/div>\n\t\t<\/section>\n\t\t\t\t<section class=\"elementor-section elementor-top-section elementor-element elementor-element-f4e179a elementor-section-boxed elementor-section-height-default elementor-section-height-default sc_fly_static\" data-id=\"f4e179a\" data-element_type=\"section\" data-e-type=\"section\">\n\t\t\t\t\t\t<div class=\"elementor-container elementor-column-gap-extended\">\n\t\t\t\t\t<div class=\"elementor-column elementor-col-100 elementor-top-column elementor-element elementor-element-739a61e sc_content_align_inherit sc_layouts_column_icons_position_left sc_fly_static\" data-id=\"739a61e\" data-element_type=\"column\" data-e-type=\"column\">\n\t\t\t<div class=\"elementor-widget-wrap elementor-element-populated\">\n\t\t\t\t\t\t<div class=\"elementor-element elementor-element-66cf1ee e-tabs-view-vertical sc_fly_static elementor-widget elementor-widget-video-playlist\" data-id=\"66cf1ee\" data-element_type=\"widget\" data-e-type=\"widget\" data-settings=\"{&quot;playlist_title&quot;:&quot;S\\u1ef1 ki\\u1ec7n T\\u00e2n H\\u1eefu Qu\\u00ed&quot;,&quot;tabs&quot;:[{&quot;title&quot;:&quot;\\u1ea4m \\u00e1p \\u0111\\u00eam ti\\u1ec7c T\\u1ea5t Ni\\u00ean T\\u00e2n H\\u1eefu Qu\\u00ed - V\\u1eefng B\\u01b0\\u1edbc V\\u01b0\\u01a1n Xa&quot;,&quot;youtube_url&quot;:&quot;https:\\\/\\\/www.youtube.com\\\/watch?v=HCDCimMmsbQ&quot;,&quot;thumbnail&quot;:{&quot;url&quot;:&quot;https:\\\/\\\/tanhuuqui.com\\\/wp-content\\\/uploads\\\/2023\\\/11\\\/tanhuuqui-1.jpg&quot;,&quot;id&quot;:26245,&quot;size&quot;:&quot;&quot;,&quot;alt&quot;:&quot;&quot;,&quot;source&quot;:&quot;library&quot;},&quot;_id&quot;:&quot;b9e7be8&quot;,&quot;vimeo_url&quot;:null,&quot;type&quot;:&quot;youtube&quot;,&quot;is_external_url&quot;:null,&quot;hosted_url&quot;:null,&quot;external_url&quot;:null,&quot;section_html_tag&quot;:null,&quot;video_html_tag&quot;:&quot;h4&quot;,&quot;duration&quot;:&quot;&quot;,&quot;inner_tab_is_content_visible&quot;:&quot;&quot;,&quot;inner_tab_content_1&quot;:null,&quot;inner_tab_content_2&quot;:null},{&quot;title&quot;:&quot;Nh\\u00ecn l\\u1ea1i h\\u00e0nh tr\\u00ecnh 2022 - T\\u00e2n H\\u1eefu Qu\\u00ed h\\u01b0\\u1edbng t\\u1edbi 2023 \\&quot;V\\u1eefng B\\u01b0\\u1edbc V\\u01b0\\u01a1n Xa\\&quot;&quot;,&quot;youtube_url&quot;:&quot;https:\\\/\\\/www.youtube.com\\\/watch?v=45dvCB-sKq8&quot;,&quot;thumbnail&quot;:{&quot;url&quot;:&quot;https:\\\/\\\/tanhuuqui.com\\\/wp-content\\\/uploads\\\/2023\\\/11\\\/tanhuuqui-1.jpg&quot;,&quot;id&quot;:26245,&quot;size&quot;:&quot;&quot;,&quot;alt&quot;:&quot;&quot;,&quot;source&quot;:&quot;library&quot;},&quot;vimeo_url&quot;:null,&quot;_id&quot;:&quot;1309278&quot;,&quot;type&quot;:&quot;youtube&quot;,&quot;is_external_url&quot;:null,&quot;hosted_url&quot;:null,&quot;external_url&quot;:null,&quot;section_html_tag&quot;:null,&quot;video_html_tag&quot;:&quot;h4&quot;,&quot;duration&quot;:&quot;&quot;,&quot;inner_tab_is_content_visible&quot;:&quot;&quot;,&quot;inner_tab_content_1&quot;:null,&quot;inner_tab_content_2&quot;:null},{&quot;title&quot;:&quot;\\u1ea4m \\u00e1p \\u0111\\u00eam ti\\u1ec7c T\\u1ea5t Ni\\u00ean T\\u00e2n H\\u1eefu Qu\\u00ed - V\\u1eefng B\\u01b0\\u1edbc V\\u01b0\\u01a1n Xa&quot;,&quot;youtube_url&quot;:&quot;https:\\\/\\\/www.youtube.com\\\/watch?v=HCDCimMmsbQ&quot;,&quot;thumbnail&quot;:{&quot;url&quot;:&quot;https:\\\/\\\/tanhuuqui.com\\\/wp-content\\\/uploads\\\/2023\\\/11\\\/tanhuuqui-1.jpg&quot;,&quot;id&quot;:26245,&quot;size&quot;:&quot;&quot;,&quot;alt&quot;:&quot;&quot;,&quot;source&quot;:&quot;library&quot;},&quot;vimeo_url&quot;:null,&quot;_id&quot;:&quot;0805a30&quot;,&quot;type&quot;:&quot;youtube&quot;,&quot;is_external_url&quot;:null,&quot;hosted_url&quot;:null,&quot;external_url&quot;:null,&quot;section_html_tag&quot;:null,&quot;video_html_tag&quot;:&quot;h4&quot;,&quot;duration&quot;:&quot;&quot;,&quot;inner_tab_is_content_visible&quot;:&quot;&quot;,&quot;inner_tab_content_1&quot;:null,&quot;inner_tab_content_2&quot;:null},{&quot;title&quot;:&quot;\\u1ea4m \\u00e1p \\u0111\\u00eam ti\\u1ec7c T\\u1ea5t Ni\\u00ean T\\u00e2n H\\u1eefu Qu\\u00ed - V\\u1eefng B\\u01b0\\u1edbc V\\u01b0\\u01a1n Xa&quot;,&quot;youtube_url&quot;:&quot;https:\\\/\\\/www.youtube.com\\\/watch?v=HCDCimMmsbQ&quot;,&quot;thumbnail&quot;:{&quot;url&quot;:&quot;https:\\\/\\\/tanhuuqui.com\\\/wp-content\\\/uploads\\\/2023\\\/11\\\/tanhuuqui-1.jpg&quot;,&quot;id&quot;:26245,&quot;size&quot;:&quot;&quot;,&quot;alt&quot;:&quot;&quot;,&quot;source&quot;:&quot;library&quot;},&quot;vimeo_url&quot;:null,&quot;_id&quot;:&quot;5d26c93&quot;,&quot;type&quot;:&quot;youtube&quot;,&quot;is_external_url&quot;:null,&quot;hosted_url&quot;:null,&quot;external_url&quot;:null,&quot;section_html_tag&quot;:null,&quot;video_html_tag&quot;:&quot;h4&quot;,&quot;duration&quot;:&quot;&quot;,&quot;inner_tab_is_content_visible&quot;:&quot;&quot;,&quot;inner_tab_content_1&quot;:null,&quot;inner_tab_content_2&quot;:null},{&quot;title&quot;:&quot;\\u1ea4m \\u00e1p \\u0111\\u00eam ti\\u1ec7c T\\u1ea5t Ni\\u00ean T\\u00e2n H\\u1eefu Qu\\u00ed - V\\u1eefng B\\u01b0\\u1edbc V\\u01b0\\u01a1n Xa&quot;,&quot;youtube_url&quot;:&quot;https:\\\/\\\/www.youtube.com\\\/watch?v=HCDCimMmsbQ&quot;,&quot;thumbnail&quot;:{&quot;url&quot;:&quot;https:\\\/\\\/tanhuuqui.com\\\/wp-content\\\/uploads\\\/2023\\\/11\\\/tanhuuqui-1.jpg&quot;,&quot;id&quot;:26245,&quot;size&quot;:&quot;&quot;,&quot;alt&quot;:&quot;&quot;,&quot;source&quot;:&quot;library&quot;},&quot;vimeo_url&quot;:null,&quot;_id&quot;:&quot;f2471b2&quot;,&quot;type&quot;:&quot;youtube&quot;,&quot;is_external_url&quot;:null,&quot;hosted_url&quot;:null,&quot;external_url&quot;:null,&quot;section_html_tag&quot;:null,&quot;video_html_tag&quot;:&quot;h4&quot;,&quot;duration&quot;:&quot;&quot;,&quot;inner_tab_is_content_visible&quot;:&quot;&quot;,&quot;inner_tab_content_1&quot;:null,&quot;inner_tab_content_2&quot;:null}],&quot;inner_tab_title_1&quot;:&quot;Tab #1&quot;,&quot;inner_tab_title_2&quot;:&quot;Tab #2&quot;}\" data-widget_type=\"video-playlist.default\">\n\t\t\t\t<div class=\"elementor-widget-container\">\n\t\t\t\t\t\r\n\t\t<div class=\"e-tabs\" role=\"region\" aria-labelledby=\"e-playlist-66cf1ee\">\r\n\t\t\t<div class=\"e-tabs-main-area\">\r\n\t\t\t\t<div class=\"e-tabs-wrapper\">\r\n\t\t\t\t\t<div class=\"e-tabs-header\">\r\n\t\t\t\t\t\t<h2 class=\"e-tabs-title\" id=\"e-playlist-66cf1ee\">S\u1ef1 ki\u1ec7n T\u00e2n H\u1eefu Qu\u00ed<\/h2>\r\n\t\t\t\t\t\t<div class=\"e-tabs-header-right-side\">\r\n\t\t\t\t\t\t\t\t\t\t\t\t\t\t<i aria-hidden=\"true\" class=\"e-tabs-toggle-videos-display-button rotate-down eicon-caret-down\"><\/i>\t\t\t\t\t\t<\/div>\r\n\t\t\t\t\t<\/div>\r\n\t\t\t\t\t<div class=\"e-tabs-items-wrapper\">\r\n\t\t\t\t\t\t<div class=\"e-tabs-items\" role=\"tablist\">\r\n\t\t\t\t\t\t\t\t\t\t\t\t\t\t\t\t\t\t\t\t\t\t\t\t<div id=\"e-tab-title-1071\" class=\"e-tab-title e-tab-desktop-title\" aria-selected=\"true\" data-tab=\"1\" role=\"tab\" tabindex=\"0\" aria-controls=\"e-tab-content-1071\">\r\n\t\t\t\t\t\t\t\t\t\t\t\t\t\t\t\t\t\t\t\t\t<div class=\"e-tab-thumbnail\">\r\n\t\t\t\t\t\t\t\t\t\t\t\t\t\t\t\t\t\t\t\t\t\t\t\t\t<img decoding=\"async\" src=\"https:\/\/tanhuuqui.com\/wp-content\/uploads\/2023\/11\/tanhuuqui-1.jpg\" alt=\"\u1ea4m \u00e1p \u0111\u00eam ti\u1ec7c T\u1ea5t Ni\u00ean T\u00e2n H\u1eefu Qu\u00ed - V\u1eefng B\u01b0\u1edbc V\u01b0\u01a1n Xa\" loading=\"lazy\" \/>\r\n\t\t\t\t\t\t\t\t\t\t\t\t\t\t\t\t\t\t\t\t\t\t\t\t<span class=\"icon-play\"><i aria-hidden=\"true\" class=\"fas fa-play-circle\"><\/i><\/span>\r\n\t\t\t\t\t\t\t\t\t\t\t\t<span class=\"icon-watched\"><i aria-hidden=\"true\" class=\"fas fa-check-circle\"><\/i><\/span>\r\n\t\t\t\t\t\t\t\t\t\t\t<\/div>\r\n\t\t\t\t\t\t\t\t\t\t\t\t\t\t\t\t\t\t\t\t<h4 class=\"e-tab-title-text\">\r\n\t\t\t\t\t\t\t\t\t\t\t<button type=\"button\">\u1ea4m \u00e1p \u0111\u00eam ti\u1ec7c T\u1ea5t Ni\u00ean T\u00e2n H\u1eefu Qu\u00ed - V\u1eefng B\u01b0\u1edbc V\u01b0\u01a1n Xa<\/button>\r\n\t\t\t\t\t\t\t\t\t\t<\/h4>\r\n\t\t\t\t\t\t\t\t\t\t\t\t\t\t\t\t\t\t\t<\/div>\r\n\t\t\t\t\t\t\t\t\t\t\t\t\t\t\t\t\t\t\t\t\t\t\t\t\t\t\t\t\t\t\t\t<div id=\"e-tab-title-1072\" class=\"e-tab-title e-tab-desktop-title\" aria-selected=\"false\" data-tab=\"2\" role=\"tab\" tabindex=\"-1\" aria-controls=\"e-tab-content-1072\">\r\n\t\t\t\t\t\t\t\t\t\t\t\t\t\t\t\t\t\t\t\t\t<div class=\"e-tab-thumbnail\">\r\n\t\t\t\t\t\t\t\t\t\t\t\t\t\t\t\t\t\t\t\t\t\t\t\t\t<img decoding=\"async\" src=\"https:\/\/tanhuuqui.com\/wp-content\/uploads\/2023\/11\/tanhuuqui-1.jpg\" alt=\"Nh\u00ecn l\u1ea1i h\u00e0nh tr\u00ecnh 2022 - T\u00e2n H\u1eefu Qu\u00ed h\u01b0\u1edbng t\u1edbi 2023 &quot;V\u1eefng B\u01b0\u1edbc V\u01b0\u01a1n Xa&quot;\" loading=\"lazy\" \/>\r\n\t\t\t\t\t\t\t\t\t\t\t\t\t\t\t\t\t\t\t\t\t\t\t\t<span class=\"icon-play\"><i aria-hidden=\"true\" class=\"fas fa-play-circle\"><\/i><\/span>\r\n\t\t\t\t\t\t\t\t\t\t\t\t<span class=\"icon-watched\"><i aria-hidden=\"true\" class=\"fas fa-check-circle\"><\/i><\/span>\r\n\t\t\t\t\t\t\t\t\t\t\t<\/div>\r\n\t\t\t\t\t\t\t\t\t\t\t\t\t\t\t\t\t\t\t\t<h4 class=\"e-tab-title-text\">\r\n\t\t\t\t\t\t\t\t\t\t\t<button type=\"button\">Nh\u00ecn l\u1ea1i h\u00e0nh tr\u00ecnh 2022 - T\u00e2n H\u1eefu Qu\u00ed h\u01b0\u1edbng t\u1edbi 2023 \"V\u1eefng B\u01b0\u1edbc V\u01b0\u01a1n Xa\"<\/button>\r\n\t\t\t\t\t\t\t\t\t\t<\/h4>\r\n\t\t\t\t\t\t\t\t\t\t\t\t\t\t\t\t\t\t\t<\/div>\r\n\t\t\t\t\t\t\t\t\t\t\t\t\t\t\t\t\t\t\t\t\t\t\t\t\t\t\t\t\t\t\t\t<div id=\"e-tab-title-1073\" class=\"e-tab-title e-tab-desktop-title\" aria-selected=\"false\" data-tab=\"3\" role=\"tab\" tabindex=\"-1\" aria-controls=\"e-tab-content-1073\">\r\n\t\t\t\t\t\t\t\t\t\t\t\t\t\t\t\t\t\t\t\t\t<div class=\"e-tab-thumbnail\">\r\n\t\t\t\t\t\t\t\t\t\t\t\t\t\t\t\t\t\t\t\t\t\t\t\t\t<img decoding=\"async\" src=\"https:\/\/tanhuuqui.com\/wp-content\/uploads\/2023\/11\/tanhuuqui-1.jpg\" alt=\"\u1ea4m \u00e1p \u0111\u00eam ti\u1ec7c T\u1ea5t Ni\u00ean T\u00e2n H\u1eefu Qu\u00ed - V\u1eefng B\u01b0\u1edbc V\u01b0\u01a1n Xa\" loading=\"lazy\" \/>\r\n\t\t\t\t\t\t\t\t\t\t\t\t\t\t\t\t\t\t\t\t\t\t\t\t<span class=\"icon-play\"><i aria-hidden=\"true\" class=\"fas fa-play-circle\"><\/i><\/span>\r\n\t\t\t\t\t\t\t\t\t\t\t\t<span class=\"icon-watched\"><i aria-hidden=\"true\" class=\"fas fa-check-circle\"><\/i><\/span>\r\n\t\t\t\t\t\t\t\t\t\t\t<\/div>\r\n\t\t\t\t\t\t\t\t\t\t\t\t\t\t\t\t\t\t\t\t<h4 class=\"e-tab-title-text\">\r\n\t\t\t\t\t\t\t\t\t\t\t<button type=\"button\">\u1ea4m \u00e1p \u0111\u00eam ti\u1ec7c T\u1ea5t Ni\u00ean T\u00e2n H\u1eefu Qu\u00ed - V\u1eefng B\u01b0\u1edbc V\u01b0\u01a1n Xa<\/button>\r\n\t\t\t\t\t\t\t\t\t\t<\/h4>\r\n\t\t\t\t\t\t\t\t\t\t\t\t\t\t\t\t\t\t\t<\/div>\r\n\t\t\t\t\t\t\t\t\t\t\t\t\t\t\t\t\t\t\t\t\t\t\t\t\t\t\t\t\t\t\t\t<div id=\"e-tab-title-1074\" class=\"e-tab-title e-tab-desktop-title\" aria-selected=\"false\" data-tab=\"4\" role=\"tab\" tabindex=\"-1\" aria-controls=\"e-tab-content-1074\">\r\n\t\t\t\t\t\t\t\t\t\t\t\t\t\t\t\t\t\t\t\t\t<div class=\"e-tab-thumbnail\">\r\n\t\t\t\t\t\t\t\t\t\t\t\t\t\t\t\t\t\t\t\t\t\t\t\t\t<img decoding=\"async\" src=\"https:\/\/tanhuuqui.com\/wp-content\/uploads\/2023\/11\/tanhuuqui-1.jpg\" alt=\"\u1ea4m \u00e1p \u0111\u00eam ti\u1ec7c T\u1ea5t Ni\u00ean T\u00e2n H\u1eefu Qu\u00ed - V\u1eefng B\u01b0\u1edbc V\u01b0\u01a1n Xa\" loading=\"lazy\" \/>\r\n\t\t\t\t\t\t\t\t\t\t\t\t\t\t\t\t\t\t\t\t\t\t\t\t<span class=\"icon-play\"><i aria-hidden=\"true\" class=\"fas fa-play-circle\"><\/i><\/span>\r\n\t\t\t\t\t\t\t\t\t\t\t\t<span class=\"icon-watched\"><i aria-hidden=\"true\" class=\"fas fa-check-circle\"><\/i><\/span>\r\n\t\t\t\t\t\t\t\t\t\t\t<\/div>\r\n\t\t\t\t\t\t\t\t\t\t\t\t\t\t\t\t\t\t\t\t<h4 class=\"e-tab-title-text\">\r\n\t\t\t\t\t\t\t\t\t\t\t<button type=\"button\">\u1ea4m \u00e1p \u0111\u00eam ti\u1ec7c T\u1ea5t Ni\u00ean T\u00e2n H\u1eefu Qu\u00ed - V\u1eefng B\u01b0\u1edbc V\u01b0\u01a1n Xa<\/button>\r\n\t\t\t\t\t\t\t\t\t\t<\/h4>\r\n\t\t\t\t\t\t\t\t\t\t\t\t\t\t\t\t\t\t\t<\/div>\r\n\t\t\t\t\t\t\t\t\t\t\t\t\t\t\t\t\t\t\t\t\t\t\t\t\t\t\t\t\t\t\t\t<div id=\"e-tab-title-1075\" class=\"e-tab-title e-tab-desktop-title\" aria-selected=\"false\" data-tab=\"5\" role=\"tab\" tabindex=\"-1\" aria-controls=\"e-tab-content-1075\">\r\n\t\t\t\t\t\t\t\t\t\t\t\t\t\t\t\t\t\t\t\t\t<div class=\"e-tab-thumbnail\">\r\n\t\t\t\t\t\t\t\t\t\t\t\t\t\t\t\t\t\t\t\t\t\t\t\t\t<img decoding=\"async\" src=\"https:\/\/tanhuuqui.com\/wp-content\/uploads\/2023\/11\/tanhuuqui-1.jpg\" alt=\"\u1ea4m \u00e1p \u0111\u00eam ti\u1ec7c T\u1ea5t Ni\u00ean T\u00e2n H\u1eefu Qu\u00ed - V\u1eefng B\u01b0\u1edbc V\u01b0\u01a1n Xa\" loading=\"lazy\" \/>\r\n\t\t\t\t\t\t\t\t\t\t\t\t\t\t\t\t\t\t\t\t\t\t\t\t<span class=\"icon-play\"><i aria-hidden=\"true\" class=\"fas fa-play-circle\"><\/i><\/span>\r\n\t\t\t\t\t\t\t\t\t\t\t\t<span class=\"icon-watched\"><i aria-hidden=\"true\" class=\"fas fa-check-circle\"><\/i><\/span>\r\n\t\t\t\t\t\t\t\t\t\t\t<\/div>\r\n\t\t\t\t\t\t\t\t\t\t\t\t\t\t\t\t\t\t\t\t<h4 class=\"e-tab-title-text\">\r\n\t\t\t\t\t\t\t\t\t\t\t<button type=\"button\">\u1ea4m \u00e1p \u0111\u00eam ti\u1ec7c T\u1ea5t Ni\u00ean T\u00e2n H\u1eefu Qu\u00ed - V\u1eefng B\u01b0\u1edbc V\u01b0\u01a1n Xa<\/button>\r\n\t\t\t\t\t\t\t\t\t\t<\/h4>\r\n\t\t\t\t\t\t\t\t\t\t\t\t\t\t\t\t\t\t\t<\/div>\r\n\t\t\t\t\t\t\t\t\t\t\t\t\t\t\t\t\t\t\t\t\t<\/div>\r\n\t\t\t\t\t\t<div class=\"shadow shadow-top\" aria-hidden=\"true\"><\/div>\r\n\t\t\t\t\t\t<div class=\"shadow shadow-bottom\" aria-hidden=\"true\"><\/div>\r\n\t\t\t\t\t<\/div>\r\n\t\t\t\t<\/div>\r\n\r\n\t\t\t\t<div class=\"e-tabs-content-wrapper\" role=\"tablist\" aria-orientation=\"vertical\">\r\n\t\t\t\t\t\t\t\t\t\t\t<div id=\"e-tab-content-1071\" class=\"e-tab-content elementor-clearfix\" data-tab=\"1\" role=\"tabpanel\" aria-labelledby=\"e-tab-title-1071\" tabindex=\"0\" data-video-url=\"https:\/\/www.youtube.com\/watch?v=HCDCimMmsbQ\" data-video-type=\"youtube\" data-video-title=\"\u1ea4m \u00e1p \u0111\u00eam ti\u1ec7c T\u1ea5t Ni\u00ean T\u00e2n H\u1eefu Qu\u00ed - V\u1eefng B\u01b0\u1edbc V\u01b0\u01a1n Xa\" data-video-duration=\"\">\r\n\t\t\t\t\t\t\t<div><\/div>\r\n\t\t\t\t\t\t\t\t\t\t\t\t\t\t\t<div class=\"elementor-custom-embed-image-overlay elementor-clickable\" style=\"background-image: url('https:\/\/tanhuuqui.com\/wp-content\/uploads\/2023\/11\/tanhuuqui-1.jpg');\">\r\n\t\t\t\t\t\t\t\t\t\t\t\t\t\t\t\t\t\t\t<div class=\"elementor-custom-embed-play\" role=\"button\" tabindex=\"0\" aria-label=\"Play Video\">\r\n\t\t\t\t\t\t\t\t\t\t\t<i aria-hidden=\"true\" class=\"far fa-play-circle\"><\/i>\t\t\t\t\t\t\t\t\t\t<\/div>\r\n\t\t\t\t\t\t\t\t\t\t\t\t\t\t\t\t\t<\/div>\r\n\t\t\t\t\t\t\t\t\t\t\t\t\t<\/div>\r\n\t\t\t\t\t\t\t\t\t\t\t<div id=\"e-tab-content-1072\" class=\"e-tab-content elementor-clearfix\" data-tab=\"2\" role=\"tabpanel\" aria-labelledby=\"e-tab-title-1072\" tabindex=\"0\" data-video-url=\"https:\/\/www.youtube.com\/watch?v=45dvCB-sKq8\" data-video-type=\"youtube\" data-video-title=\"Nh\u00ecn l\u1ea1i h\u00e0nh tr\u00ecnh 2022 - T\u00e2n H\u1eefu Qu\u00ed h\u01b0\u1edbng t\u1edbi 2023 &quot;V\u1eefng B\u01b0\u1edbc V\u01b0\u01a1n Xa&quot;\" data-video-duration=\"\" hidden=\"hidden\">\r\n\t\t\t\t\t\t\t<div><\/div>\r\n\t\t\t\t\t\t\t\t\t\t\t\t\t<\/div>\r\n\t\t\t\t\t\t\t\t\t\t\t<div id=\"e-tab-content-1073\" class=\"e-tab-content elementor-clearfix\" data-tab=\"3\" role=\"tabpanel\" aria-labelledby=\"e-tab-title-1073\" tabindex=\"0\" data-video-url=\"https:\/\/www.youtube.com\/watch?v=HCDCimMmsbQ\" data-video-type=\"youtube\" data-video-title=\"\u1ea4m \u00e1p \u0111\u00eam ti\u1ec7c T\u1ea5t Ni\u00ean T\u00e2n H\u1eefu Qu\u00ed - V\u1eefng B\u01b0\u1edbc V\u01b0\u01a1n Xa\" data-video-duration=\"\" hidden=\"hidden\">\r\n\t\t\t\t\t\t\t<div><\/div>\r\n\t\t\t\t\t\t\t\t\t\t\t\t\t<\/div>\r\n\t\t\t\t\t\t\t\t\t\t\t<div id=\"e-tab-content-1074\" class=\"e-tab-content elementor-clearfix\" data-tab=\"4\" role=\"tabpanel\" aria-labelledby=\"e-tab-title-1074\" tabindex=\"0\" data-video-url=\"https:\/\/www.youtube.com\/watch?v=HCDCimMmsbQ\" data-video-type=\"youtube\" data-video-title=\"\u1ea4m \u00e1p \u0111\u00eam ti\u1ec7c T\u1ea5t Ni\u00ean T\u00e2n H\u1eefu Qu\u00ed - V\u1eefng B\u01b0\u1edbc V\u01b0\u01a1n Xa\" data-video-duration=\"\" hidden=\"hidden\">\r\n\t\t\t\t\t\t\t<div><\/div>\r\n\t\t\t\t\t\t\t\t\t\t\t\t\t<\/div>\r\n\t\t\t\t\t\t\t\t\t\t\t<div id=\"e-tab-content-1075\" class=\"e-tab-content elementor-clearfix\" data-tab=\"5\" role=\"tabpanel\" aria-labelledby=\"e-tab-title-1075\" tabindex=\"0\" data-video-url=\"https:\/\/www.youtube.com\/watch?v=HCDCimMmsbQ\" data-video-type=\"youtube\" data-video-title=\"\u1ea4m \u00e1p \u0111\u00eam ti\u1ec7c T\u1ea5t Ni\u00ean T\u00e2n H\u1eefu Qu\u00ed - V\u1eefng B\u01b0\u1edbc V\u01b0\u01a1n Xa\" data-video-duration=\"\" hidden=\"hidden\">\r\n\t\t\t\t\t\t\t<div><\/div>\r\n\t\t\t\t\t\t\t\t\t\t\t\t\t<\/div>\r\n\t\t\t\t\t\t\t\t\t<\/div>\r\n\t\t\t<\/div>\r\n\r\n\t\t\t<div class=\"e-tabs-inner-tabs\" >\r\n\t\t\t\t\t\t\t\t\t\t\t\t\t\t\t\t\t\t\t\t\t\t\t\t\t\t\t\t\t\t\t\t\t\t\t\t\t\t\t\t\t\t\t\t\t\t\t\t\t\t\t\t<\/div>\r\n\t\t<\/div>\r\n\t\t\t\t\t\t<\/div>\n\t\t\t\t<\/div>\n\t\t\t\t<div class=\"elementor-element elementor-element-eda20bb sc_fly_static elementor-widget elementor-widget-spacer\" data-id=\"eda20bb\" data-element_type=\"widget\" data-e-type=\"widget\" data-widget_type=\"spacer.default\">\n\t\t\t\t<div class=\"elementor-widget-container\">\n\t\t\t\t\t\t\t<div class=\"elementor-spacer\">\n\t\t\t<div class=\"elementor-spacer-inner\"><\/div>\n\t\t<\/div>\n\t\t\t\t\t\t<\/div>\n\t\t\t\t<\/div>\n\t\t\t\t\t<\/div>\n\t\t<\/div>\n\t\t\t\t\t<\/div>\n\t\t<\/section>\n\t\t\t\t<\/div>\n\t\t","protected":false},"excerpt":{"rendered":"<p>HO\u1ea0T \u0110\u1ed8NG C\u00d4NG TY S\u1ef1 ki\u1ec7n T\u00e2n H\u1eefu Qu\u00ed \u1ea4m \u00e1p \u0111\u00eam ti\u1ec7c T\u1ea5t Ni\u00ean T\u00e2n H\u1eefu Qu\u00ed &#8211; V\u1eefng B\u01b0\u1edbc V\u01b0\u01a1n Xa Nh\u00ecn l\u1ea1i h\u00e0nh tr\u00ecnh 2022 &#8211; T\u00e2n&hellip;<\/p>","protected":false},"author":1,"featured_media":0,"parent":0,"menu_order":0,"comment_status":"closed","ping_status":"closed","template":"elementor_header_footer","meta":{"om_disable_all_campaigns":false,"_mi_skip_tracking":false,"_monsterinsights_sitenote_active":false,"_monsterinsights_sitenote_note":"","_monsterinsights_sitenote_category":0,"footnotes":""},"class_list":["post-26344","page","type-page","status-publish","hentry"],"aioseo_notices":[],"_links":{"self":[{"href":"https:\/\/tanhuuqui.com\/th\/wp-json\/wp\/v2\/pages\/26344","targetHints":{"allow":["GET"]}}],"collection":[{"href":"https:\/\/tanhuuqui.com\/th\/wp-json\/wp\/v2\/pages"}],"about":[{"href":"https:\/\/tanhuuqui.com\/th\/wp-json\/wp\/v2\/types\/page"}],"author":[{"embeddable":true,"href":"https:\/\/tanhuuqui.com\/th\/wp-json\/wp\/v2\/users\/1"}],"replies":[{"embeddable":true,"href":"https:\/\/tanhuuqui.com\/th\/wp-json\/wp\/v2\/comments?post=26344"}],"version-history":[{"count":58,"href":"https:\/\/tanhuuqui.com\/th\/wp-json\/wp\/v2\/pages\/26344\/revisions"}],"predecessor-version":[{"id":26404,"href":"https:\/\/tanhuuqui.com\/th\/wp-json\/wp\/v2\/pages\/26344\/revisions\/26404"}],"wp:attachment":[{"href":"https:\/\/tanhuuqui.com\/th\/wp-json\/wp\/v2\/media?parent=26344"}],"curies":[{"name":"wp","href":"https:\/\/api.w.org\/{rel}","templated":true}]}}