{"id":13252,"date":"2021-02-26T16:33:48","date_gmt":"2021-02-26T09:33:48","guid":{"rendered":"http:\/\/tanhuuqui.com\/?post_type=product&#038;p=13252"},"modified":"2025-10-28T15:56:52","modified_gmt":"2025-10-28T08:56:52","slug":"lua-mach-tan-huu-qui","status":"publish","type":"product","link":"https:\/\/tanhuuqui.com\/th\/product\/lua-mach-tan-huu-qui\/","title":{"rendered":"Barley"},"content":{"rendered":"<h4><span style=\"color: #ff6600; font-size: 12pt;\"><strong>\u0110\u1eb7c t\u00ednh v\u1eadt l\u00fd\u00a0<\/strong><\/span><\/h4>\n<ul>\n<li><span style=\"font-size: 12pt;\">M\u00e0u n\u00e2u nh\u1ea1t ho\u1eb7c v\u00e0ng nh\u1ea1t \u0111\u1eb7c tr\u01b0ng c\u1ee7a l\u00faa m\u1ea1ch<\/span><\/li>\n<li><span style=\"font-size: 12pt;\">Kh\u00f4ng nhi\u1ec5m s\u00e2u m\u1ecdt v\u00e0 c\u00f4n tr\u00f9ng s\u1ed1ng<\/span><\/li>\n<\/ul>\n<h4><span style=\"color: #ff6600; font-size: 12pt;\"><strong>\u0110\u1eb7c t\u00ednh h\u00f3a h\u1ecdc<\/strong><\/span><\/h4>\n<ul>\n<li><span style=\"font-size: 12pt;\"><span style=\"font-size: 12pt;\">\u0110\u1ed9 \u1ea9m \u2264<\/span><\/span>\u00a0<span style=\"font-size: 12pt; letter-spacing: 0px;\">12.5%\u00a0<\/span><\/li>\n<li><span style=\"font-size: 12pt;\">Tr\u1ecdng l\u01b0\u1ee3ng \u2265 62kg\/HL\u00a0<\/span><\/li>\n<li><span style=\"font-size: 12pt;\">T\u1ea1p ch\u1ea5t \u2264 2.5%\u00a0<\/span><\/li>\n<li><span style=\"font-size: 12pt;\">Aflatoxin \u2264 30ppb\u00a0<\/span><\/li>\n<\/ul>\n<p><span style=\"font-size: 12pt;\"><strong><span style=\"color: #ff6600;\">C\u00f4ng d\u1ee5ng:<\/span><\/strong> L\u00faa m\u1ea1ch l\u00e0 nguy\u00ean li\u1ec7u cung c\u1ea5p n\u0103ng l\u01b0\u1ee3ng trong th\u1ee9c \u0103n gia s\u00fac \u2013 gia c\u1ea7m \u2013 th\u1ee7y s\u1ea3n<\/span><\/p>\n<p><span style=\"font-size: 12pt;\"><strong><span style=\"color: #ff6600;\">Quy c\u00e1ch:<\/span><\/strong>\u00a0H\u00e0ng x\u00e1<\/span><\/p>\n<p><span style=\"font-size: 12pt;\"><strong><span style=\"color: #ff6600;\">Xu\u1ea5t x\u1ee9:<\/span><\/strong>\u00a0\u00dac<\/span><\/p>\n<p><span style=\"font-size: 12pt;\"><strong><span style=\"color: #ff6600;\">B\u1ea3o qu\u1ea3n:<\/span><\/strong>\u00a0N\u01a1i kh\u00f4 r\u00e1o tho\u00e1ng m\u00e1t<\/span><\/p>\n<h4><span style=\"color: #ff6600;\"><strong>NH\u00c0 PH\u00c2N PH\u1ed0I:<\/strong><\/span><\/h4>\n<p><strong>C\u00d4NG TY TNHH TH\u01af\u01a0NG M\u1ea0I D\u1ecaCH V\u1ee4 T\u00c2N H\u1eeeU QU\u00cd<\/strong><\/p>\n<p>2, \u0110\u01b0\u1eddng s\u1ed1 2, P. Ph\u01b0\u1edbc Long, TP. H\u1ed3 Ch\u00ed Minh<\/p>\n<p><strong>LI\u00caN H\u1ec6 \u0110\u1eb6T H\u00c0NG S\u1ea2N PH\u1ea8M L\u00daA M\u1ea0CH C\u1ee6A CH\u00daNG T\u00d4I:<\/strong><\/p>\n<ul>\n<li>S\u1ed1 hotline:\u00a0<strong>0916.313.069 (Ms. H\u1ed3ng T\u01b0\u01a1i)<\/strong><\/li>\n<li>Webstie:\u00a0<a href=\"http:\/\/tanhuuqui.com\/th\/\">www.tanhuuqui.com<\/a><\/li>\n<li>Fanpage:<strong>\u00a0<a href=\"https:\/\/www.facebook.com\/tanhuuqui\">C\u00f4ng ty TNHH TM DV T\u00e2n H\u1eefu Qu\u00ed<\/a><\/strong><\/li>\n<\/ul>\n<p>&nbsp;<\/p>\n<p>&nbsp;<\/p>","protected":false},"excerpt":{"rendered":"<h4><span style=\"color: #ff6600;\"><strong>L\u00daA M\u1ea0CH &#8211; Chi ti\u1ebft v\u1ec1 s\u1ea3n ph\u1ea9m:<\/strong><\/span><\/h4>\n<h4><span style=\"color: #ff6600; font-size: 12pt;\"><strong>\u0110\u1eb7c t\u00ednh v\u1eadt l\u00fd\u00a0<\/strong><\/span><\/h4>\n<ul>\n<li><span style=\"font-size: 12pt;\">M\u00e0u n\u00e2u nh\u1ea1t ho\u1eb7c v\u00e0ng nh\u1ea1t \u0111\u1eb7c tr\u01b0ng c\u1ee7a l\u00faa m\u1ea1ch<\/span><\/li>\n<li><span style=\"font-size: 12pt;\">Kh\u00f4ng nhi\u1ec5m s\u00e2u m\u1ecdt v\u00e0 c\u00f4n tr\u00f9ng s\u1ed1ng<\/span><\/li>\n<\/ul>\n<h4><span style=\"color: #ff6600; font-size: 12pt;\"><strong>\u0110\u1eb7c t\u00ednh h\u00f3a h\u1ecdc<\/strong><\/span><\/h4>\n<ul>\n<li><span style=\"font-size: 12pt;\"><span style=\"font-size: 12pt;\">\u0110\u1ed9 \u1ea9m \u2264<\/span><\/span>\u00a0<span style=\"font-size: 12pt; letter-spacing: 0px;\">12.5%\u00a0<\/span><\/li>\n<li><span style=\"font-size: 12pt;\">Tr\u1ecdng l\u01b0\u1ee3ng \u2265 62kg\/HL\u00a0<\/span><\/li>\n<li><span style=\"font-size: 12pt;\">T\u1ea1p ch\u1ea5t \u2264 2.5%\u00a0<\/span><\/li>\n<li><span style=\"font-size: 12pt;\">Aflatoxin \u2264 30ppb\u00a0<\/span><\/li>\n<\/ul>","protected":false},"featured_media":16071,"comment_status":"closed","ping_status":"closed","template":"","meta":{"om_disable_all_campaigns":false,"_mi_skip_tracking":false,"_monsterinsights_sitenote_active":false,"_monsterinsights_sitenote_note":"","_monsterinsights_sitenote_category":0},"product_brand":[],"product_cat":[470,471],"product_tag":[474,475,566,567,485,477,479,568],"class_list":{"0":"post-13252","1":"product","2":"type-product","3":"status-publish","4":"has-post-thumbnail","6":"product_cat-nguyen-lieu","7":"product_cat-nong-san-chinh","8":"product_tag-gia-cam","9":"product_tag-gia-suc","10":"product_tag-hang-xa","11":"product_tag-lua-mach","12":"product_tag-nguyen-lieu","13":"product_tag-tan-huu-qui","14":"product_tag-thuy-san","15":"product_tag-uc","17":"first","18":"instock","19":"shipping-taxable","20":"product-type-simple"},"aioseo_notices":[],"_links":{"self":[{"href":"https:\/\/tanhuuqui.com\/th\/wp-json\/wp\/v2\/product\/13252","targetHints":{"allow":["GET"]}}],"collection":[{"href":"https:\/\/tanhuuqui.com\/th\/wp-json\/wp\/v2\/product"}],"about":[{"href":"https:\/\/tanhuuqui.com\/th\/wp-json\/wp\/v2\/types\/product"}],"replies":[{"embeddable":true,"href":"https:\/\/tanhuuqui.com\/th\/wp-json\/wp\/v2\/comments?post=13252"}],"version-history":[{"count":5,"href":"https:\/\/tanhuuqui.com\/th\/wp-json\/wp\/v2\/product\/13252\/revisions"}],"predecessor-version":[{"id":40789,"href":"https:\/\/tanhuuqui.com\/th\/wp-json\/wp\/v2\/product\/13252\/revisions\/40789"}],"wp:featuredmedia":[{"embeddable":true,"href":"https:\/\/tanhuuqui.com\/th\/wp-json\/wp\/v2\/media\/16071"}],"wp:attachment":[{"href":"https:\/\/tanhuuqui.com\/th\/wp-json\/wp\/v2\/media?parent=13252"}],"wp:term":[{"taxonomy":"product_brand","embeddable":true,"href":"https:\/\/tanhuuqui.com\/th\/wp-json\/wp\/v2\/product_brand?post=13252"},{"taxonomy":"product_cat","embeddable":true,"href":"https:\/\/tanhuuqui.com\/th\/wp-json\/wp\/v2\/product_cat?post=13252"},{"taxonomy":"product_tag","embeddable":true,"href":"https:\/\/tanhuuqui.com\/th\/wp-json\/wp\/v2\/product_tag?post=13252"}],"curies":[{"name":"wp","href":"https:\/\/api.w.org\/{rel}","templated":true}]}}