{"id":13471,"date":"2016-06-22T07:31:54","date_gmt":"2016-06-22T07:31:54","guid":{"rendered":"http:\/\/tanhuuqui.com\/san-pham\/ddgs\/"},"modified":"2025-10-28T16:00:24","modified_gmt":"2025-10-28T09:00:24","slug":"ddgs-tan-huu-qui","status":"publish","type":"product","link":"https:\/\/tanhuuqui.com\/th\/product\/ddgs-tan-huu-qui\/","title":{"rendered":"DDGS"},"content":{"rendered":"<h4><span style=\"color: #ff6600;\"><strong>DDGS<\/strong><\/span><\/h4>\n<p>DDGS th\u01b0\u1eddng \u0111\u01b0\u1ee3c g\u1ecdi l\u00e0 B\u00e3 r\u01b0\u1ee3u kh\u00f4, l\u00e0 ph\u1ee5 ph\u1ea9m c\u1ee7a qu\u00e1 tr\u00ecnh chi\u1ebft xu\u1ea5t ethanol t\u1eeb ng\u0169 c\u1ed1c l\u00ean men. Tinh b\u1ed9t trong b\u1ed9t ng\u0169 c\u1ed1c \u0111\u01b0\u1ee3c chuy\u1ec3n \u0111\u1ed5i th\u00e0nh ethanol v\u00e0 CO2. Sau khi chi\u1ebft t\u00e1ch ethanol, ph\u1ea7n c\u00f2n l\u1ea1i g\u1ecdi l\u00e0 DDGS c\u00f3 h\u00e0m l\u01b0\u1ee3ng c\u00e1c ch\u1ea5t dinh d\u01b0\u1ee1ng cao do \u0111\u01b0\u1ee3c tr\u1ea3i qua qu\u00e1 tr\u00ecnh c\u00f4 \u0111\u1eb7c.<\/p>\n<h4><span style=\"color: #ff6600;\"><b>\u0110\u1eb7c t\u00ednh c\u1ee7a DDGS<\/b><\/span><\/h4>\n<p>V\u1edbi h\u00e0m l\u01b0\u1ee3ng dinh d\u01b0\u1ee1ng cao, DDGS \u0111\u01b0\u1ee3c s\u1eed d\u1ee5ng ph\u1ed5 bi\u1ebfn trong th\u1ee9c \u0103n ch\u0103n nu\u00f4i. Tuy nhi\u00ean s\u1ef1 kh\u00e1c bi\u1ec7t v\u1ec1 ngu\u1ed3n nguy\u00ean li\u1ec7u \u0111\u1ea7u v\u00e0o c\u0169ng \u1ea3nh h\u01b0\u1edfng \u0111\u1ebfn c\u00e1c h\u00e0m l\u01b0\u1ee3ng ch\u1ea5t dinh d\u01b0\u1ee1ng trong DDGS.<\/p>\n<p><strong>\u0110\u1eb7c t\u00ednh v\u1eadt l\u00fd<\/strong><\/p>\n<ul>\n<li>M\u00e0u s\u1eafc: V\u00e0ng s\u00e1ng<\/li>\n<li>D\u1ea1ng m\u1ea3nh<\/li>\n<li>M\u00f9i l\u00ean men \u0111\u1eb7c tr\u01b0ng<\/li>\n<\/ul>\n<p><strong>\u0110\u1eb7c t\u00ednh h\u00f3a h\u1ecdc<\/strong><\/p>\n<ul>\n<li>\u0110\u1ed9 \u1ea9m \u2264 13%<\/li>\n<li>\u0110\u1ea1m th\u00f4 \u2265 26%<\/li>\n<li>B\u00e9o \u2264 6%<\/li>\n<li>X\u01a1 \u2264 12%<\/li>\n<li>Tro \u2264 7%<\/li>\n<\/ul>\n<p><strong>C\u00f4ng d\u1ee5ng:<\/strong> DDGS cung c\u1ea5p n\u0103ng l\u01b0\u1ee3ng v\u00e0 protein cho s\u1ea3n xu\u1ea5t th\u1ee9c \u0103n gia s\u00fac \u2013 gia c\u1ea7m \u2013 th\u1ee7y s\u1ea3n.<\/p>\n<p><strong>Quy c\u00e1ch:<\/strong> H\u00e0ng x\u00e1<\/p>\n<p><strong>Xu\u1ea5t x\u1ee9:<\/strong> USA<\/p>\n<p><strong>B\u1ea3o qu\u1ea3n:<\/strong> N\u01a1i kh\u00f4 r\u00e1o tho\u00e1ng m\u00e1t<\/p>\n<h4><span style=\"color: #ff6600;\"><strong>NH\u00c0 PH\u00c2N PH\u1ed0I<\/strong><strong>:<\/strong><\/span><\/h4>\n<p><strong>C\u00d4NG TY TNHH TH\u01af\u01a0NG M\u1ea0I D\u1ecaCH V\u1ee4 T\u00c2N H\u1eeeU QU\u00cd<\/strong><\/p>\n<p>2, \u0110\u01b0\u1eddng s\u1ed1 2, P. Ph\u01b0\u1edbc Long, TP. H\u1ed3 Ch\u00ed Minh<\/p>\n<h4><span style=\"color: #ff6600;\"><strong>LI\u00caN H\u1ec6 \u0110\u1eb6T H\u00c0NG S\u1ea2N PH\u1ea8M DDGS C\u1ee6A CH\u00daNG T\u00d4I:<\/strong><\/span><\/h4>\n<ul>\n<li>S\u1ed1 hotline:\u00a0<strong>0916.313.069 (Ms. H\u1ed3ng T\u01b0\u01a1i)<\/strong><\/li>\n<li>Webstie:\u00a0<a href=\"http:\/\/tanhuuqui.com\/th\/\">www.tanhuuqui.com<\/a><\/li>\n<li>Fanpage:<strong>\u00a0<a href=\"https:\/\/www.facebook.com\/tanhuuqui\">C\u00f4ng ty TNHH TM DV T\u00e2n H\u1eefu Qu\u00ed<\/a><\/strong><\/li>\n<\/ul>","protected":false},"excerpt":{"rendered":"<h4><span style=\"color: #ff6600;\"><strong>DDGS<\/strong><\/span><\/h4>\n<p><strong>\u0110\u1eb7c t\u00ednh v\u1eadt l\u00fd<\/strong><\/p>\n<ul>\n<li>M\u00e0u s\u1eafc: V\u00e0ng s\u00e1ng<\/li>\n<li>D\u1ea1ng m\u1ea3nh<\/li>\n<li>M\u00f9i l\u00ean men \u0111\u1eb7c tr\u01b0ng<\/li>\n<\/ul>\n<p><strong>\u0110\u1eb7c t\u00ednh h\u00f3a h\u1ecdc<\/strong><\/p>\n<ul>\n<li>\u0110\u1ed9 \u1ea9m \u2264 13%<\/li>\n<li>\u0110\u1ea1m th\u00f4 \u2265 26%<\/li>\n<li>B\u00e9o \u2264 6%<\/li>\n<li>X\u01a1 \u2264 12%<\/li>\n<li>Tro \u2264 7%<\/li>\n<\/ul>","protected":false},"featured_media":16086,"comment_status":"closed","ping_status":"closed","template":"","meta":{"om_disable_all_campaigns":false,"_mi_skip_tracking":false,"_monsterinsights_sitenote_active":false,"_monsterinsights_sitenote_note":"","_monsterinsights_sitenote_category":0},"product_brand":[],"product_cat":[470,471],"product_tag":[569,474,476,507,477,570,479,499,480],"class_list":{"0":"post-13471","1":"product","2":"type-product","3":"status-publish","4":"has-post-thumbnail","6":"product_cat-nguyen-lieu","7":"product_cat-nong-san-chinh","8":"product_tag-ddgs","9":"product_tag-gia-cam","10":"product_tag-hoa-hoc","11":"product_tag-protein","12":"product_tag-tan-huu-qui","13":"product_tag-thuc-an-gia-suc","14":"product_tag-thuy-san","15":"product_tag-usa","16":"product_tag-vat-ly","18":"first","19":"instock","20":"shipping-taxable","21":"product-type-simple"},"aioseo_notices":[],"_links":{"self":[{"href":"https:\/\/tanhuuqui.com\/th\/wp-json\/wp\/v2\/product\/13471","targetHints":{"allow":["GET"]}}],"collection":[{"href":"https:\/\/tanhuuqui.com\/th\/wp-json\/wp\/v2\/product"}],"about":[{"href":"https:\/\/tanhuuqui.com\/th\/wp-json\/wp\/v2\/types\/product"}],"replies":[{"embeddable":true,"href":"https:\/\/tanhuuqui.com\/th\/wp-json\/wp\/v2\/comments?post=13471"}],"version-history":[{"count":3,"href":"https:\/\/tanhuuqui.com\/th\/wp-json\/wp\/v2\/product\/13471\/revisions"}],"predecessor-version":[{"id":40792,"href":"https:\/\/tanhuuqui.com\/th\/wp-json\/wp\/v2\/product\/13471\/revisions\/40792"}],"wp:featuredmedia":[{"embeddable":true,"href":"https:\/\/tanhuuqui.com\/th\/wp-json\/wp\/v2\/media\/16086"}],"wp:attachment":[{"href":"https:\/\/tanhuuqui.com\/th\/wp-json\/wp\/v2\/media?parent=13471"}],"wp:term":[{"taxonomy":"product_brand","embeddable":true,"href":"https:\/\/tanhuuqui.com\/th\/wp-json\/wp\/v2\/product_brand?post=13471"},{"taxonomy":"product_cat","embeddable":true,"href":"https:\/\/tanhuuqui.com\/th\/wp-json\/wp\/v2\/product_cat?post=13471"},{"taxonomy":"product_tag","embeddable":true,"href":"https:\/\/tanhuuqui.com\/th\/wp-json\/wp\/v2\/product_tag?post=13471"}],"curies":[{"name":"wp","href":"https:\/\/api.w.org\/{rel}","templated":true}]}}