{"id":13476,"date":"2016-06-22T06:18:59","date_gmt":"2016-06-21T23:18:59","guid":{"rendered":"http:\/\/tanhuuqui.com\/san-pham\/l-lysine-hcl-98-5\/"},"modified":"2025-10-28T16:20:43","modified_gmt":"2025-10-28T09:20:43","slug":"l-lysine-hcl-98-5-tan-huu-qui","status":"publish","type":"product","link":"https:\/\/tanhuuqui.com\/th\/product\/l-lysine-hcl-98-5-tan-huu-qui\/","title":{"rendered":"L-LYSINE HCL 98.5%\u2013\u0e43\u0e2b\u0e49\u0e2a\u0e34\u0e48\u0e07\u0e2a\u0e33\u0e04\u0e31\u0e0d\u0e21\u0e32\u0e01\u0e02\u0e2d\u0e07\u0e21\u0e38"},"content":{"rendered":"<h4><span style=\"color: #ff6600;\"><strong>L \u2013 Lysine HCL 98.5%<\/strong><\/span><\/h4>\n<p><strong>\u0110\u1eb7c t\u00ednh v\u1eadt l\u00fd:<\/strong> M\u00e0u v\u00e0ng s\u00e1ng<\/p>\n<p><strong>\u0110\u1eb7c t\u00ednh h\u00f3a h\u1ecdc:<\/strong> \u0110\u1ed9 tinh khi\u1ebft 98.5%<\/p>\n<p><strong>C\u00f4ng d\u1ee5ng:<\/strong> L &#8211; Lysine HCL 98.5% cung c\u1ea5p acid amin thi\u1ebft y\u1ebfu cho th\u1ee9c \u0103n ch\u0103n nu\u00f4i \u2013 th\u1ee7y s\u1ea3n<\/p>\n<h4><span style=\"color: #ff6600;\"><strong>NH\u00c0 PH\u00c2N PH\u1ed0I<\/strong><\/span><\/h4>\n<p><strong>C\u00d4NG TY TNHH TH\u01af\u01a0NG M\u1ea0I D\u1ecaCH V\u1ee4 T\u00c2N H\u1eeeU QU\u00cd<\/strong><\/p>\n<p>2, \u0110\u01b0\u1eddng s\u1ed1 2, P. Ph\u01b0\u1edbc Long, TP. H\u00f4\u0300 Chi\u0301 Minh<\/p>\n<h4><span style=\"color: #ff6600;\"><strong>LI\u00caN H\u1ec6 \u0110\u1eb6T H\u00c0NG S\u1ea2N PH\u1ea8M\u00a0<\/strong><strong>C\u1ee6A CH\u00daNG T\u00d4I:<\/strong><\/span><\/h4>\n<p>Tel:\u00a0<strong>Ms. Phalel \u2013<\/strong>\u00a0\u00a0\u00a0<em><b>0916.497.717<\/b><\/em>\u00a0\u00a0\u00a0\u00a0\u00a0\u00a0 Email:\u00a0<a href=\"mailto:kinhdoanh03@tanhuuqui.com\">kinhdoanh03@tanhuuqui.com<\/a><\/p>\n<p><strong>Webstie:<\/strong>\u00a0<a href=\"http:\/\/tanhuuqui.com\/th\/\">www.tanhuuqui.com<\/a><\/p>\n<p><strong>Fanpage:<\/strong>\u00a0<a href=\"https:\/\/www.facebook.com\/tanhuuqui\"><strong>C\u00f4ng ty TNHH TM DV T\u00e2n H\u1eefu Qu\u00ed<\/strong><\/a><\/p>\n<p>&nbsp;<\/p>","protected":false},"excerpt":{"rendered":"<h4><span style=\"color: #ff6600;\"><strong>L \u2013 Lysine HCL 98.5%<\/strong><\/span><\/h4>\n<p><strong>\u0110\u1eb7c t\u00ednh v\u1eadt l\u00fd:<\/strong> M\u00e0u v\u00e0ng s\u00e1ng<\/p>\n<p><strong>\u0110\u1eb7c t\u00ednh h\u00f3a h\u1ecdc:<\/strong> \u0110\u1ed9 tinh khi\u1ebft 98.5%<\/p>\n<p><strong>C\u00f4ng d\u1ee5ng:<\/strong> L &#8211; Lysine HCL 98.5% cung c\u1ea5p Lysine &#8211; acid amin thi\u1ebft y\u1ebfu cho th\u1ee9c \u0103n ch\u0103n nu\u00f4i \u2013 th\u1ee7y s\u1ea3n<\/p>\n<p><strong>Quy c\u00e1ch:<\/strong> H\u00e0ng bao PE, bao gi\u1ea5y (25 kg\/bao)<\/p>\n<p><strong>Xu\u1ea5t x\u1ee9:<\/strong> Ajinomoto, CJ, Trung Qu\u1ed1c<\/p>\n<p><strong>B\u1ea3o qu\u1ea3n:<\/strong> N\u01a1i kh\u00f4 r\u00e1o tho\u00e1ng m\u00e1t.<\/p>","protected":false},"featured_media":16126,"comment_status":"closed","ping_status":"closed","template":"","meta":{"om_disable_all_campaigns":false,"_mi_skip_tracking":false,"_monsterinsights_sitenote_active":false,"_monsterinsights_sitenote_note":"","_monsterinsights_sitenote_category":0},"product_brand":[],"product_cat":[492,529,493],"product_tag":[510,592,528,593,477],"class_list":{"0":"post-13476","1":"product","2":"type-product","3":"status-publish","4":"has-post-thumbnail","6":"product_cat-phu-gia","7":"product_cat-phu-gia-chinh","8":"product_cat-phu-gia-khac","9":"product_tag-chan-nuoi","10":"product_tag-l-lysine-hcl-98-5","11":"product_tag-nguyen-lieu-thuc-an-chan-nuoi","12":"product_tag-nuoi-trong-thuy-san","13":"product_tag-tan-huu-qui","15":"first","16":"instock","17":"shipping-taxable","18":"product-type-simple"},"aioseo_notices":[],"_links":{"self":[{"href":"https:\/\/tanhuuqui.com\/th\/wp-json\/wp\/v2\/product\/13476","targetHints":{"allow":["GET"]}}],"collection":[{"href":"https:\/\/tanhuuqui.com\/th\/wp-json\/wp\/v2\/product"}],"about":[{"href":"https:\/\/tanhuuqui.com\/th\/wp-json\/wp\/v2\/types\/product"}],"replies":[{"embeddable":true,"href":"https:\/\/tanhuuqui.com\/th\/wp-json\/wp\/v2\/comments?post=13476"}],"version-history":[{"count":6,"href":"https:\/\/tanhuuqui.com\/th\/wp-json\/wp\/v2\/product\/13476\/revisions"}],"predecessor-version":[{"id":40821,"href":"https:\/\/tanhuuqui.com\/th\/wp-json\/wp\/v2\/product\/13476\/revisions\/40821"}],"wp:featuredmedia":[{"embeddable":true,"href":"https:\/\/tanhuuqui.com\/th\/wp-json\/wp\/v2\/media\/16126"}],"wp:attachment":[{"href":"https:\/\/tanhuuqui.com\/th\/wp-json\/wp\/v2\/media?parent=13476"}],"wp:term":[{"taxonomy":"product_brand","embeddable":true,"href":"https:\/\/tanhuuqui.com\/th\/wp-json\/wp\/v2\/product_brand?post=13476"},{"taxonomy":"product_cat","embeddable":true,"href":"https:\/\/tanhuuqui.com\/th\/wp-json\/wp\/v2\/product_cat?post=13476"},{"taxonomy":"product_tag","embeddable":true,"href":"https:\/\/tanhuuqui.com\/th\/wp-json\/wp\/v2\/product_tag?post=13476"}],"curies":[{"name":"wp","href":"https:\/\/api.w.org\/{rel}","templated":true}]}}