{"id":13477,"date":"2016-06-22T07:19:43","date_gmt":"2016-06-22T00:19:43","guid":{"rendered":"http:\/\/tanhuuqui.com\/san-pham\/l-threonine-98-5\/"},"modified":"2025-10-28T16:19:51","modified_gmt":"2025-10-28T09:19:51","slug":"l-threonine-98-5-tan-huu-qui","status":"publish","type":"product","link":"https:\/\/tanhuuqui.com\/th\/product\/l-threonine-98-5-tan-huu-qui\/","title":{"rendered":"L\u2013THREONINE 98.5%\u2013\u0e40\u0e1e\u0e34\u0e48\u0e21\u0e04\u0e27\u0e32\u0e21\u0e2a\u0e32\u0e21\u0e32\u0e23\u0e16\u0e2d\u0e32\u0e2b\u0e32\u0e23\u0e2d\u0e22\u0e39\u0e48\u0e43\u0e19\u0e2d\u0e32\u0e2b\u0e32\u0e23"},"content":{"rendered":"<p><span style=\"color: #ff6600;\"><strong>L &#8211; Threonine 98.5%<\/strong><\/span><\/p>\n<p>L\u00e0 ch\u1ea5t\u00a0 b\u1ed5 sung trong th\u1ee9c \u0103n ch\u0103n nu\u00f4i &#8211; th\u1ee7y s\u1ea3n, gi\u00fap c\u00e2n \u0111\u1ed1i acid amin, t\u0103ng c\u01b0\u1eddng hi\u1ec7u qu\u1ea3 h\u1ea5p thu protein trong th\u1ee9c \u0103n, t\u1eeb \u0111\u00f3 l\u00e0m gi\u1ea3m m\u00f9i h\u00f4i ph\u00e2n &#8211; gi\u1ea3m \u00f4 nhi\u1ec5m kh\u00f4ng kh\u00ed v\u00e0 m\u00f4i tr\u01b0\u1eddng ch\u0103n nu\u00f4i. Th\u00fac \u0111\u1ea9y qu\u00e1 tr\u00ecnh sinh tr\u01b0\u1edfng c\u1ee7a v\u1eadt nu\u00f4i v\u00e0 th\u1ee7y s\u1ea3n.<\/p>\n<p><strong>\u0110\u1eb7c t\u00ednh v\u1eadt l\u00fd:<\/strong><\/p>\n<p>&#8211; D\u1ea1ng b\u1ed9t<\/p>\n<p>&#8211; M\u00e0u tr\u1eafng ng\u00e0 t\u1edbi v\u00e0ng nh\u1ea1t<\/p>\n<p><strong>\u0110\u1eb7c t\u00ednh h\u00f3a h\u1ecdc:<\/strong> \u0110\u1ed9 tinh khi\u1ebft 98.5%<\/p>\n<p><strong>C\u00f4ng d\u1ee5ng:<\/strong><\/p>\n<ul>\n<li>L &#8211; Threonine 98.5% cung c\u1ea5p Threonine &#8211; acid amin thi\u1ebft y\u1ebfu cho th\u1ee9c \u0103n ch\u0103n nu\u00f4i \u2013 th\u1ee7y s\u1ea3n<\/li>\n<li>Th\u00fac \u0111\u1ea9y qu\u00e1 tr\u00ecnh sinh tr\u01b0\u1edfng c\u1ee7a v\u1eadt nu\u00f4i, th\u1ee7y s\u1ea3n<\/li>\n<li>L\u00e0 m\u1ed9t acid amin c\u1ea7n thi\u1ebft cho s\u1ef1 sinh tr\u01b0\u1edfng, ch\u1ed1ng stress cho v\u1eadt nu\u00f4i<\/li>\n<li>C\u1ea3i thi\u1ec7n kh\u1ea3 n\u0103ng h\u1ea5p thu protein<\/li>\n<\/ul>\n<p><strong>Quy c\u00e1ch:<\/strong> H\u00e0ng bao PE (25 kg\/bao)<\/p>\n<p><strong>Xu\u1ea5t x\u1ee9:<\/strong> Ajinomoto, CJ, Evonik<\/p>\n<p><strong>B\u1ea3o qu\u1ea3n:<\/strong> N\u01a1i kh\u00f4 r\u00e1o tho\u00e1ng m\u00e1t<\/p>\n<h4><span style=\"color: #ff6600;\"><strong>NH\u00c0 PH\u00c2N PH\u1ed0I <\/strong><\/span><span style=\"color: #ff6600;\"><strong>L &#8211; Threonine 98.5%<\/strong><\/span><\/h4>\n<p><strong>C\u00d4NG TY TNHH TH\u01af\u01a0NG M\u1ea0I D\u1ecaCH V\u1ee4 T\u00c2N H\u1eeeU QU\u00cd<\/strong><\/p>\n<p>2, \u0110\u01b0\u1eddng s\u1ed1 2, P. Ph\u01b0\u1edbc Long, TP. H\u1ed3 Ch\u00ed Minh<\/p>\n<h4><strong>LI\u00caN H\u1ec6 \u0110\u1eb6T H\u00c0NG S\u1ea2N PH\u1ea8M\u00a0<\/strong><strong>C\u1ee6A CH\u00daNG T\u00d4I:<\/strong><\/h4>\n<p>Tel:\u00a0<strong>Ms. Phalel \u2013<\/strong>\u00a0\u00a0\u00a0<em><b>0916.497.717<\/b><\/em>\u00a0\u00a0\u00a0\u00a0\u00a0\u00a0 Email:\u00a0<a href=\"mailto:kinhdoanh03@tanhuuqui.com\">kinhdoanh03@tanhuuqui.com<\/a><\/p>\n<p>Webstie:\u00a0<a href=\"http:\/\/tanhuuqui.com\/th\/\">www.tanhuuqui.com<\/a><\/p>\n<p>Fanpage:\u00a0<a href=\"https:\/\/www.facebook.com\/tanhuuqui\"><strong>C\u00f4ng ty TNHH TM DV T\u00e2n H\u1eefu Qu\u00ed<\/strong><\/a><\/p>\n<p>Xem th\u00eam s\u1ea3n ph\u1ea9m:\u00a0<a href=\"http:\/\/tanhuuqui.com\/th\/product\/mix-alive-thao-duoc-thay-khang-sinh\/\">Mix-Alive<\/a><\/p>","protected":false},"excerpt":{"rendered":"<h4><span style=\"color: #ff6600;\"><strong>L &#8211; Threonine 98.5%<\/strong><\/span><\/h4>\n<p><strong>\u0110\u1eb7c t\u00ednh v\u1eadt l\u00fd:<\/strong><\/p>\n<p>&#8211; D\u1ea1ng b\u1ed9t<\/p>\n<p>&#8211; M\u00e0u tr\u1eafng ng\u00e0 t\u1edbi v\u00e0ng nh\u1ea1t<\/p>\n<p><strong>\u0110\u1eb7c t\u00ednh h\u00f3a h\u1ecdc:<\/strong> \u0110\u1ed9 tinh khi\u1ebft 98.5%<\/p>\n<p><strong>C\u00f4ng d\u1ee5ng:<\/strong> L &#8211; Threonine 98.5% cung c\u1ea5p acid amin Threonine thi\u1ebft y\u1ebfu cho th\u1ee9c \u0103n ch\u0103n nu\u00f4i \u2013 th\u1ee7y s\u1ea3n<\/p>\n<p><strong>Quy c\u00e1ch:<\/strong> H\u00e0ng bao PE (25 kg\/bao)<\/p>\n<p><strong>Xu\u1ea5t x\u1ee9:<\/strong> Ajinomoto, CJ, Evonik<\/p>\n<p><strong>B\u1ea3o qu\u1ea3n:<\/strong> N\u01a1i kh\u00f4 r\u00e1o tho\u00e1ng m\u00e1t<\/p>","protected":false},"featured_media":16111,"comment_status":"closed","ping_status":"closed","template":"","meta":{"om_disable_all_campaigns":false,"_mi_skip_tracking":false,"_monsterinsights_sitenote_active":false,"_monsterinsights_sitenote_note":"","_monsterinsights_sitenote_category":0},"product_brand":[],"product_cat":[492,529,493],"product_tag":[],"class_list":{"0":"post-13477","1":"product","2":"type-product","3":"status-publish","4":"has-post-thumbnail","6":"product_cat-phu-gia","7":"product_cat-phu-gia-chinh","8":"product_cat-phu-gia-khac","10":"first","11":"instock","12":"shipping-taxable","13":"product-type-simple"},"aioseo_notices":[],"_links":{"self":[{"href":"https:\/\/tanhuuqui.com\/th\/wp-json\/wp\/v2\/product\/13477","targetHints":{"allow":["GET"]}}],"collection":[{"href":"https:\/\/tanhuuqui.com\/th\/wp-json\/wp\/v2\/product"}],"about":[{"href":"https:\/\/tanhuuqui.com\/th\/wp-json\/wp\/v2\/types\/product"}],"replies":[{"embeddable":true,"href":"https:\/\/tanhuuqui.com\/th\/wp-json\/wp\/v2\/comments?post=13477"}],"version-history":[{"count":3,"href":"https:\/\/tanhuuqui.com\/th\/wp-json\/wp\/v2\/product\/13477\/revisions"}],"predecessor-version":[{"id":40820,"href":"https:\/\/tanhuuqui.com\/th\/wp-json\/wp\/v2\/product\/13477\/revisions\/40820"}],"wp:featuredmedia":[{"embeddable":true,"href":"https:\/\/tanhuuqui.com\/th\/wp-json\/wp\/v2\/media\/16111"}],"wp:attachment":[{"href":"https:\/\/tanhuuqui.com\/th\/wp-json\/wp\/v2\/media?parent=13477"}],"wp:term":[{"taxonomy":"product_brand","embeddable":true,"href":"https:\/\/tanhuuqui.com\/th\/wp-json\/wp\/v2\/product_brand?post=13477"},{"taxonomy":"product_cat","embeddable":true,"href":"https:\/\/tanhuuqui.com\/th\/wp-json\/wp\/v2\/product_cat?post=13477"},{"taxonomy":"product_tag","embeddable":true,"href":"https:\/\/tanhuuqui.com\/th\/wp-json\/wp\/v2\/product_tag?post=13477"}],"curies":[{"name":"wp","href":"https:\/\/api.w.org\/{rel}","templated":true}]}}