{"id":13478,"date":"2016-06-22T08:21:56","date_gmt":"2016-06-22T01:21:56","guid":{"rendered":"http:\/\/tanhuuqui.com\/san-pham\/l-methionine-dl-methionine\/"},"modified":"2025-10-28T16:19:08","modified_gmt":"2025-10-28T09:19:08","slug":"l-methionine-dl-methionine-tan-huu-qui","status":"publish","type":"product","link":"https:\/\/tanhuuqui.com\/th\/product\/l-methionine-dl-methionine-tan-huu-qui\/","title":{"rendered":"L-METHIONINE,DL-METHIONINE\u2013\u0e43\u0e2b\u0e49\u0e2a\u0e34\u0e48\u0e07\u0e2a\u0e33\u0e04\u0e31\u0e0d\u0e21\u0e32\u0e01\u0e02\u0e2d\u0e07\u0e21\u0e38"},"content":{"rendered":"<div data-elementor-type=\"product-post\" data-elementor-id=\"13478\" class=\"elementor elementor-13478\" data-elementor-post-type=\"product\">\n\t\t\t\t\t\t<section class=\"elementor-section elementor-top-section elementor-element elementor-element-62969ee2 elementor-section-boxed elementor-section-height-default elementor-section-height-default sc_fly_static\" data-id=\"62969ee2\" data-element_type=\"section\" data-e-type=\"section\">\n\t\t\t\t\t\t<div class=\"elementor-container elementor-column-gap-extended\">\n\t\t\t\t\t<div class=\"elementor-column elementor-col-100 elementor-top-column elementor-element elementor-element-22215cb5 sc_content_align_inherit sc_layouts_column_icons_position_left sc_fly_static\" data-id=\"22215cb5\" data-element_type=\"column\" data-e-type=\"column\">\n\t\t\t<div class=\"elementor-widget-wrap elementor-element-populated\">\n\t\t\t\t\t\t<div class=\"elementor-element elementor-element-21647dbf sc_fly_static elementor-widget elementor-widget-text-editor\" data-id=\"21647dbf\" data-element_type=\"widget\" data-e-type=\"widget\" data-widget_type=\"text-editor.default\">\n\t\t\t\t<div class=\"elementor-widget-container\">\n\t\t\t\t\t\t\t\t\t<h4><span style=\"color: #ff6600;\"><strong>L-Methionine, DL-Methionine<\/strong><\/span><\/h4><p>Methionine l\u00e0 m\u1ed9t acid amin thi\u1ebft y\u1ebfu cho v\u1eadt nu\u00f4i. \u0110\u00e2y l\u00e0 m\u1ed9t acid amin r\u1ea5t quan tr\u1ecdng thi\u1ebft y\u1ebfu \u0111\u1ed1i v\u1edbi s\u1ee9c kh\u1ecfe v\u00e0 nhi\u1ec1u ch\u1ee9c n\u0103ng kh\u00e1c trong c\u01a1 th\u1ec3 v\u1eadt nu\u00f4i. N\u1ebfu kh\u1ea9u ph\u1ea7n thi\u1ebfu Methionine kh\u00f4ng nh\u1eefng \u1ea3nh h\u01b0\u1edfng \u0111\u1ebfn c\u00e1c ch\u1ee9c n\u0103ng do Methionine \u0111\u1ea3m nh\u1eadn m\u00e0 c\u00f2n \u1ea3nh h\u01b0\u1edfng \u0111\u1ebfn s\u1ef1 h\u1ea5p thu c\u00e1c acid amin kh\u00e1c, g\u00e2y \u1ea3nh h\u01b0\u1edfng \u0111\u1ebfn s\u1ef1 h\u1ea5p thu c\u00e1c acid amin kh\u00e1c.<\/p><p>B\u00ean c\u1ea1nh \u0111\u00f3, Methionine c\u00f2n c\u00f3 nhi\u1ec1u ch\u1ee9c n\u0103ng sinh h\u1ecdc kh\u00e1c nh\u01b0: cung c\u1ea5p c\u00e1c nh\u00f3m methyl (-CH<sub>3<\/sub>) c\u1ea7n thi\u1ebft cho s\u1ef1 chuy\u1ec3n h\u00f3a c\u00e1c ch\u1ea5t, gi\u1ea3m stress oxy h\u00f3a, tham gia v\u00e0o qu\u00e1 tr\u00ecnh gi\u1ea3i \u0111\u1ed9c c\u1ee7a c\u01a1 th\u1ec3 b\u1eb1ng c\u00e1ch t\u0103ng c\u00e1c h\u1ee3p glutathione.<\/p><p><strong>\u0110\u1eb7c t\u00ednh v\u1eadt l\u00fd:<\/strong> B\u1ed9t m\u00e0u tr\u1eafng<\/p><p><strong>\u0110\u1eb7c t\u00ednh h\u00f3a h\u1ecdc:<\/strong> \u0110\u1ed9 tinh khi\u1ebft 99%<\/p><p><strong>C\u00f4ng d\u1ee5ng:<\/strong> L-Methionine, DL-Methionine cung c\u1ea5p acid amin Methionine thi\u1ebft y\u1ebfu cho th\u1ee9c \u0103n ch\u0103n nu\u00f4i \u2013 th\u1ee7y s\u1ea3n<\/p><p><strong>Quy c\u00e1ch:<\/strong> H\u00e0ng bao gi\u1ea5y (25 kg\/bao)<\/p><p><strong>Xu\u1ea5t x\u1ee9:<\/strong> Evonik, CJ, Sumitomo<\/p><p><strong>B\u1ea3o qu\u1ea3n:<\/strong> N\u01a1i kh\u00f4 r\u00e1o tho\u00e1ng m\u00e1t<\/p><h4><span style=\"color: #ff6600;\"><strong>NH\u00c0 PH\u00c2N PH\u1ed0I:<\/strong><\/span><\/h4><p><strong>C\u00d4NG TY TNHH TH\u01af\u01a0NG M\u1ea0I D\u1ecaCH V\u1ee4 T\u00c2N H\u1eeeU QU\u00cd<\/strong><\/p><p>2, \u0110\u01b0\u1eddng s\u1ed1 2, P. Ph\u01b0\u1edbc Long, TP. H\u00f4\u0300 Chi\u0301 Minh<\/p><h4><span style=\"color: #ff6600;\"><strong>LI\u00caN H\u1ec6 \u0110\u1eb6T H\u00c0NG S\u1ea2N PH\u1ea8M <\/strong><strong>C\u1ee6A CH\u00daNG T\u00d4I:<\/strong><\/span><\/h4><p>Tel:\u00a0<strong>Ms. Phalel \u2013<\/strong>\u00a0\u00a0\u00a0<em><b>0916.497.717<\/b><\/em>\u00a0\u00a0\u00a0\u00a0\u00a0\u00a0 Email:\u00a0<a href=\"mailto:kinhdoanh03@tanhuuqui.com\">kinhdoanh03@tanhuuqui.com\u00a0<\/a><\/p><p>Webstie:\u00a0<a href=\"http:\/\/tanhuuqui.com\/th\/\">www.tanhuuqui.com<\/a><\/p><p>Fanpage:\u00a0<a href=\"https:\/\/www.facebook.com\/tanhuuqui\"><strong>C\u00f4ng ty TNHH TM DV T\u00e2n H\u1eefu Qu\u00ed<\/strong><\/a><\/p><p>Xem th\u00eam s\u1ea3n ph\u1ea9m:\u00a0<a href=\"http:\/\/tanhuuqui.com\/th\/product\/mix-alive-thao-duoc-thay-khang-sinh\/\">Mix-Alive<\/a><\/p>\t\t\t\t\t\t\t\t<\/div>\n\t\t\t\t<\/div>\n\t\t\t\t\t<\/div>\n\t\t<\/div>\n\t\t\t\t\t<\/div>\n\t\t<\/section>\n\t\t\t\t<\/div>","protected":false},"excerpt":{"rendered":"<h4><span style=\"color: #ff6600;\"><strong>L-Methionine, DL-Methionine<\/strong><\/span><\/h4>\n<p><strong>\u0110\u1eb7c t\u00ednh v\u1eadt l\u00fd:<\/strong> B\u1ed9t m\u00e0u tr\u1eafng<\/p>\n<p><strong>\u0110\u1eb7c t\u00ednh h\u00f3a h\u1ecdc:<\/strong> \u0110\u1ed9 tinh khi\u1ebft 99%<\/p>\n<p><strong>C\u00f4ng d\u1ee5ng:<\/strong> L-Methionine, DL-Methionine\u00a0cung c\u1ea5p acid amin Methionine thi\u1ebft y\u1ebfu cho th\u1ee9c \u0103n ch\u0103n nu\u00f4i \u2013 th\u1ee7y s\u1ea3n<\/p>\n<p><strong>Quy c\u00e1ch:<\/strong> H\u00e0ng bao gi\u1ea5y (25 kg\/bao)<\/p>\n<p><strong>Xu\u1ea5t x\u1ee9:<\/strong> Evonik, CJ, Sumitomo<\/p>\n<p><strong>B\u1ea3o qu\u1ea3n:<\/strong> N\u01a1i kh\u00f4 r\u00e1o tho\u00e1ng m\u00e1t<\/p>","protected":false},"featured_media":16128,"comment_status":"closed","ping_status":"closed","template":"","meta":{"om_disable_all_campaigns":false,"_mi_skip_tracking":false,"_monsterinsights_sitenote_active":false,"_monsterinsights_sitenote_note":"","_monsterinsights_sitenote_category":0},"product_brand":[],"product_cat":[492,529,493],"product_tag":[594,595,596,476,597,598,477,487,479,599],"class_list":{"0":"post-13478","1":"product","2":"type-product","3":"status-publish","4":"has-post-thumbnail","6":"product_cat-phu-gia","7":"product_cat-phu-gia-chinh","8":"product_cat-phu-gia-khac","9":"product_tag-acid-amin","10":"product_tag-dl-methionine","11":"product_tag-evonik","12":"product_tag-hoa-hoc","13":"product_tag-l-methionine","14":"product_tag-methionin","15":"product_tag-tan-huu-qui","16":"product_tag-thuc-an-chan-nuoi","17":"product_tag-thuy-san","18":"product_tag-vay-ly","20":"first","21":"instock","22":"shipping-taxable","23":"product-type-simple"},"aioseo_notices":[],"_links":{"self":[{"href":"https:\/\/tanhuuqui.com\/th\/wp-json\/wp\/v2\/product\/13478","targetHints":{"allow":["GET"]}}],"collection":[{"href":"https:\/\/tanhuuqui.com\/th\/wp-json\/wp\/v2\/product"}],"about":[{"href":"https:\/\/tanhuuqui.com\/th\/wp-json\/wp\/v2\/types\/product"}],"replies":[{"embeddable":true,"href":"https:\/\/tanhuuqui.com\/th\/wp-json\/wp\/v2\/comments?post=13478"}],"version-history":[{"count":8,"href":"https:\/\/tanhuuqui.com\/th\/wp-json\/wp\/v2\/product\/13478\/revisions"}],"predecessor-version":[{"id":40819,"href":"https:\/\/tanhuuqui.com\/th\/wp-json\/wp\/v2\/product\/13478\/revisions\/40819"}],"wp:featuredmedia":[{"embeddable":true,"href":"https:\/\/tanhuuqui.com\/th\/wp-json\/wp\/v2\/media\/16128"}],"wp:attachment":[{"href":"https:\/\/tanhuuqui.com\/th\/wp-json\/wp\/v2\/media?parent=13478"}],"wp:term":[{"taxonomy":"product_brand","embeddable":true,"href":"https:\/\/tanhuuqui.com\/th\/wp-json\/wp\/v2\/product_brand?post=13478"},{"taxonomy":"product_cat","embeddable":true,"href":"https:\/\/tanhuuqui.com\/th\/wp-json\/wp\/v2\/product_cat?post=13478"},{"taxonomy":"product_tag","embeddable":true,"href":"https:\/\/tanhuuqui.com\/th\/wp-json\/wp\/v2\/product_tag?post=13478"}],"curies":[{"name":"wp","href":"https:\/\/api.w.org\/{rel}","templated":true}]}}