{"id":56,"date":"2016-06-22T05:22:58","date_gmt":"2016-06-22T05:22:58","guid":{"rendered":"http:\/\/tanhuuqui.com\/?post_type=product&#038;p=56"},"modified":"2025-10-28T16:02:15","modified_gmt":"2025-10-28T09:02:15","slug":"ba-dau-nanh","status":"publish","type":"product","link":"https:\/\/tanhuuqui.com\/th\/product\/ba-dau-nanh\/","title":{"rendered":"Soybean \u0e2d\u0e32\u0e2b\u0e32\u0e23"},"content":{"rendered":"<h4><span style=\"color: #ff6600;\"><strong>B\u00e3 \u0111\u1eadu n\u00e0nh<\/strong><\/span><\/h4>\n<p><strong>\u0110\u1eb7c t\u00ednh v\u1eadt l\u00fd<\/strong><\/p>\n<ul>\n<li>M\u00e0u s\u1eafc: V\u00e0ng s\u00e1ng \u0111\u1ebfn v\u00e0ng s\u1eadm<\/li>\n<li>M\u00f9i th\u01a1m \u0111\u1eb7c tr\u01b0ng<\/li>\n<li>Kh\u00f4ng c\u00f3 s\u00e2u m\u1ecdt v\u00e0 c\u00f4n tr\u00f9ng s\u1ed1ng, kh\u00f4ng b\u1ecb m\u1ed1c, kh\u00f4ng l\u1eabn \u0111\u00e1, v\u1eadt s\u1eaft nh\u1ecdn<\/li>\n<\/ul>\n<p><strong>\u0110\u1eb7c t\u00ednh h\u00f3a h\u1ecdc<\/strong><\/p>\n<ul>\n<li>\u0110\u1ed9 \u1ea9m \u2264 12.5%<\/li>\n<li>\u0110\u1ea1m th\u00f4 \u2265 45.5%<\/li>\n<li>X\u01a1 \u2264 4%<\/li>\n<li>T\u1ea1p ch\u1ea5t \u2264 2.5%<\/li>\n<li>Afltatoxin: \u2264 50ppb<\/li>\n<\/ul>\n<p><strong>C\u00f4ng d\u1ee5ng:<\/strong> B\u00e3 \u0111\u1eadu n\u00e0nh l\u00e0 nguy\u00ean li\u1ec7u cung c\u1ea5p protein cho s\u1ea3n xu\u1ea5t th\u1ee9c \u0103n gia s\u00fac \u2013 gia c\u1ea7m \u2013 th\u1ee7y s\u1ea3n<\/p>\n<p><strong>Quy c\u00e1ch:<\/strong> H\u00e0ng x\u00e1<\/p>\n<p><strong>Xu\u1ea5t x\u1ee9:<\/strong> USA, Argentina,&#8230;<\/p>\n<p><strong>B\u1ea3o qu\u1ea3n:<\/strong> N\u01a1i kh\u00f4 r\u00e1o tho\u00e1ng m\u00e1t<\/p>\n<h4><span style=\"color: #ff6600;\"><strong>NH\u00c0 PH\u00c2N PH\u1ed0I<\/strong><strong>:<\/strong><\/span><\/h4>\n<p><strong>C\u00d4NG TY TNHH TH\u01af\u01a0NG M\u1ea0I D\u1ecaCH V\u1ee4 T\u00c2N H\u1eeeU QU\u00cd<\/strong><\/p>\n<p>2, \u0110\u01b0\u1eddng s\u1ed1 2, P. Ph\u01b0\u1edbc Long, TP. H\u1ed3 Ch\u00ed Minh<\/p>\n<h4><span style=\"color: #ff6600;\"><strong>LI\u00caN H\u1ec6 \u0110\u1eb6T H\u00c0NG S\u1ea2N PH\u1ea8M C\u1ee6A CH\u00daNG T\u00d4I:<\/strong><\/span><\/h4>\n<p>S\u1ed1 hotline:\u00a0<strong>0916.313.069 (Ms. H\u1ed3ng T\u01b0\u01a1i)<\/strong><\/p>\n<p>Webstie:\u00a0<a href=\"http:\/\/tanhuuqui.com\/th\/\">www.tanhuuqui.com<\/a><\/p>\n<p>Fanpage:<strong>\u00a0<a href=\"https:\/\/www.facebook.com\/tanhuuqui\">C\u00f4ng ty TNHH TM DV T\u00e2n H\u1eefu Qu\u00ed<\/a><\/strong><\/p>","protected":false},"excerpt":{"rendered":"<h4><span style=\"color: #ff6600;\"><strong>B\u00e3 \u0111\u1eadu n\u00e0nh<\/strong><\/span><\/h4>\n<p><strong>\u0110\u1eb7c t\u00ednh v\u1eadt l\u00fd<\/strong><\/p>\n<ul>\n<li>M\u00e0u s\u1eafc: V\u00e0ng s\u00e1ng \u0111\u1ebfn v\u00e0ng s\u1eadm<\/li>\n<li>M\u00f9i th\u01a1m \u0111\u1eb7c tr\u01b0ng<\/li>\n<li>Kh\u00f4ng c\u00f3 s\u00e2u m\u1ecdt v\u00e0 c\u00f4n tr\u00f9ng s\u1ed1ng, kh\u00f4ng b\u1ecb m\u1ed1c, kh\u00f4ng l\u1eabn \u0111\u00e1, v\u1eadt s\u1eaft nh\u1ecdn<\/li>\n<\/ul>\n<p><strong>\u0110\u1eb7c t\u00ednh h\u00f3a h\u1ecdc<\/strong><\/p>\n<ul>\n<li>\u0110\u1ed9 \u1ea9m \u2264 12.5%<\/li>\n<li>\u0110\u1ea1m th\u00f4 \u2265 45.5%<\/li>\n<li>X\u01a1 \u2264 4%<\/li>\n<li>T\u1ea1p ch\u1ea5t \u2264 2.5%<\/li>\n<li>Afltatoxin \u2264 50ppb<\/li>\n<\/ul>","protected":false},"featured_media":16074,"comment_status":"closed","ping_status":"closed","template":"","meta":{"om_disable_all_campaigns":false,"_mi_skip_tracking":false,"_monsterinsights_sitenote_active":false,"_monsterinsights_sitenote_note":"","_monsterinsights_sitenote_category":0},"product_brand":[],"product_cat":[470,471],"product_tag":[],"class_list":{"0":"post-56","1":"product","2":"type-product","3":"status-publish","4":"has-post-thumbnail","6":"product_cat-nguyen-lieu","7":"product_cat-nong-san-chinh","9":"first","10":"instock","11":"shipping-taxable","12":"product-type-simple"},"aioseo_notices":[],"_links":{"self":[{"href":"https:\/\/tanhuuqui.com\/th\/wp-json\/wp\/v2\/product\/56","targetHints":{"allow":["GET"]}}],"collection":[{"href":"https:\/\/tanhuuqui.com\/th\/wp-json\/wp\/v2\/product"}],"about":[{"href":"https:\/\/tanhuuqui.com\/th\/wp-json\/wp\/v2\/types\/product"}],"replies":[{"embeddable":true,"href":"https:\/\/tanhuuqui.com\/th\/wp-json\/wp\/v2\/comments?post=56"}],"version-history":[{"count":5,"href":"https:\/\/tanhuuqui.com\/th\/wp-json\/wp\/v2\/product\/56\/revisions"}],"predecessor-version":[{"id":40793,"href":"https:\/\/tanhuuqui.com\/th\/wp-json\/wp\/v2\/product\/56\/revisions\/40793"}],"wp:featuredmedia":[{"embeddable":true,"href":"https:\/\/tanhuuqui.com\/th\/wp-json\/wp\/v2\/media\/16074"}],"wp:attachment":[{"href":"https:\/\/tanhuuqui.com\/th\/wp-json\/wp\/v2\/media?parent=56"}],"wp:term":[{"taxonomy":"product_brand","embeddable":true,"href":"https:\/\/tanhuuqui.com\/th\/wp-json\/wp\/v2\/product_brand?post=56"},{"taxonomy":"product_cat","embeddable":true,"href":"https:\/\/tanhuuqui.com\/th\/wp-json\/wp\/v2\/product_cat?post=56"},{"taxonomy":"product_tag","embeddable":true,"href":"https:\/\/tanhuuqui.com\/th\/wp-json\/wp\/v2\/product_tag?post=56"}],"curies":[{"name":"wp","href":"https:\/\/api.w.org\/{rel}","templated":true}]}}