{"id":25894,"date":"2021-09-13T09:24:25","date_gmt":"2021-09-13T09:24:25","guid":{"rendered":"https:\/\/tanhuuqui.com\/?page_id=17342"},"modified":"2025-10-08T22:58:32","modified_gmt":"2025-10-08T15:58:32","slug":"lien-he","status":"publish","type":"page","link":"https:\/\/tanhuuqui.com\/zh\/lien-he\/","title":{"rendered":"Th\u00f4ng tin li\u00ean h\u1ec7"},"content":{"rendered":"\t\t<div data-elementor-type=\"wp-page\" data-elementor-id=\"25894\" class=\"elementor elementor-25894\" data-elementor-post-type=\"page\">\n\t\t\t\t\t\t<section class=\"elementor-section elementor-top-section elementor-element elementor-element-85ecb29 elementor-section-boxed elementor-section-height-default elementor-section-height-default sc_fly_static\" data-id=\"85ecb29\" data-element_type=\"section\" data-e-type=\"section\">\n\t\t\t\t\t\t<div class=\"elementor-container elementor-column-gap-no\">\n\t\t\t\t\t<div class=\"elementor-column elementor-col-100 elementor-top-column elementor-element elementor-element-117df8d sc_content_align_inherit sc_layouts_column_icons_position_left sc_fly_static\" data-id=\"117df8d\" data-element_type=\"column\" data-e-type=\"column\">\n\t\t\t<div class=\"elementor-widget-wrap elementor-element-populated\">\n\t\t\t\t\t\t<div class=\"elementor-element elementor-element-aa78199 sc_fly_static elementor-widget elementor-widget-spacer\" data-id=\"aa78199\" data-element_type=\"widget\" data-e-type=\"widget\" data-widget_type=\"spacer.default\">\n\t\t\t\t<div class=\"elementor-widget-container\">\n\t\t\t\t\t\t\t<div class=\"elementor-spacer\">\n\t\t\t<div class=\"elementor-spacer-inner\"><\/div>\n\t\t<\/div>\n\t\t\t\t\t\t<\/div>\n\t\t\t\t<\/div>\n\t\t\t\t<div class=\"elementor-element elementor-element-22a03ae sc_fly_static elementor-widget elementor-widget-heading\" data-id=\"22a03ae\" data-element_type=\"widget\" data-e-type=\"widget\" data-widget_type=\"heading.default\">\n\t\t\t\t<div class=\"elementor-widget-container\">\n\t\t\t\t\t<h2 class=\"elementor-heading-title elementor-size-default\">T\u00e2n H\u1eefu Qu\u00ed<br>\nc\u1ea3m \u01a1n b\u1ea1n \u0111\u00e3 quan t\u00e2m!<\/h2>\t\t\t\t<\/div>\n\t\t\t\t<\/div>\n\t\t\t\t<div class=\"elementor-element elementor-element-2c3b5d7 sc_fly_static elementor-widget elementor-widget-spacer\" data-id=\"2c3b5d7\" data-element_type=\"widget\" data-e-type=\"widget\" data-widget_type=\"spacer.default\">\n\t\t\t\t<div class=\"elementor-widget-container\">\n\t\t\t\t\t\t\t<div class=\"elementor-spacer\">\n\t\t\t<div class=\"elementor-spacer-inner\"><\/div>\n\t\t<\/div>\n\t\t\t\t\t\t<\/div>\n\t\t\t\t<\/div>\n\t\t\t\t<section class=\"elementor-section elementor-inner-section elementor-element elementor-element-d45079d elementor-section-boxed elementor-section-height-default elementor-section-height-default sc_fly_static\" data-id=\"d45079d\" data-element_type=\"section\" data-e-type=\"section\">\n\t\t\t\t\t\t<div class=\"elementor-container elementor-column-gap-no\">\n\t\t\t\t\t<div class=\"elementor-column elementor-col-50 elementor-inner-column elementor-element elementor-element-9f0ca0c sc_content_align_inherit sc_layouts_column_icons_position_left sc_fly_static\" data-id=\"9f0ca0c\" data-element_type=\"column\" data-e-type=\"column\">\n\t\t\t<div class=\"elementor-widget-wrap elementor-element-populated\">\n\t\t\t\t\t\t<div class=\"elementor-element elementor-element-f9c0b76 sc_fly_static elementor-widget elementor-widget-trx_sc_title\" data-id=\"f9c0b76\" data-element_type=\"widget\" data-e-type=\"widget\" data-widget_type=\"trx_sc_title.default\">\n\t\t\t\t<div class=\"elementor-widget-container\">\n\t\t\t\t\t<div\t\tclass=\"sc_title sc_title_default\" ><span class=\"sc_item_subtitle sc_title_subtitle sc_item_subtitle_above sc_item_title_style_default\">TH\u00d4NG TIN LI\u00caN H\u1ec6<\/span><\/div>\t\t\t\t<\/div>\n\t\t\t\t<\/div>\n\t\t\t\t<div class=\"elementor-element elementor-element-914ce88 sc_fly_static elementor-widget elementor-widget-text-editor\" data-id=\"914ce88\" data-element_type=\"widget\" data-e-type=\"widget\" data-widget_type=\"text-editor.default\">\n\t\t\t\t<div class=\"elementor-widget-container\">\n\t\t\t\t\t\t\t\t\t<p style=\"text-align: justify;\">T\u00e2n H\u1eefu Qu\u00ed lu\u00f4n s\u1eb5n s\u00e0ng \u0111\u1ec3 ph\u1ee5c v\u1ee5 c\u00e1c nhu c\u1ea7u h\u1ee3p t\u00e1c kinh doanh, xin vui l\u00f2ng li\u00ean h\u1ec7:<\/p>\t\t\t\t\t\t\t\t<\/div>\n\t\t\t\t<\/div>\n\t\t\t\t<div class=\"elementor-element elementor-element-d547fd6 sc_fly_static elementor-widget elementor-widget-spacer\" data-id=\"d547fd6\" data-element_type=\"widget\" data-e-type=\"widget\" data-widget_type=\"spacer.default\">\n\t\t\t\t<div class=\"elementor-widget-container\">\n\t\t\t\t\t\t\t<div class=\"elementor-spacer\">\n\t\t\t<div class=\"elementor-spacer-inner\"><\/div>\n\t\t<\/div>\n\t\t\t\t\t\t<\/div>\n\t\t\t\t<\/div>\n\t\t\t\t<div class=\"elementor-element elementor-element-68f0ec8 sc_fly_static elementor-widget elementor-widget-toggle\" data-id=\"68f0ec8\" data-element_type=\"widget\" data-e-type=\"widget\" data-widget_type=\"toggle.default\">\n\t\t\t\t<div class=\"elementor-widget-container\">\n\t\t\t\t\t\t\t<div class=\"elementor-toggle\">\n\t\t\t\t\t\t\t<div class=\"elementor-toggle-item\">\n\t\t\t\t\t<div id=\"elementor-tab-title-1101\" class=\"elementor-tab-title\" data-tab=\"1\" role=\"button\" aria-controls=\"elementor-tab-content-1101\" aria-expanded=\"false\">\n\t\t\t\t\t\t\t\t\t\t\t\t<span class=\"elementor-toggle-icon elementor-toggle-icon-left\" aria-hidden=\"true\">\n\t\t\t\t\t\t\t\t\t\t\t\t\t\t\t<span class=\"elementor-toggle-icon-closed\"><i class=\"fas fa-caret-right\"><\/i><\/span>\n\t\t\t\t\t\t\t\t<span class=\"elementor-toggle-icon-opened\"><i class=\"elementor-toggle-icon-opened fas fa-caret-up\"><\/i><\/span>\n\t\t\t\t\t\t\t\t\t\t\t\t\t<\/span>\n\t\t\t\t\t\t\t\t\t\t\t\t<a class=\"elementor-toggle-title\" tabindex=\"0\">Ph\u00f2ng Kinh Doanh N\u00f4ng S\u1ea3n<\/a>\n\t\t\t\t\t<\/div>\n\n\t\t\t\t\t<div id=\"elementor-tab-content-1101\" class=\"elementor-tab-content elementor-clearfix\" data-tab=\"1\" role=\"region\" aria-labelledby=\"elementor-tab-title-1101\"><p><span class=\"icon-user\" style=\"color: #000000;\">\u00a0\u2014 Ms. <strong>H\u1ed2NG T\u01af\u01a0I<\/strong> &#8211; TP. N\u00f4ng S\u1ea3n<\/span><\/p><p><span class=\"icon-phone\" style=\"color: #000000;\"> \u2014\u00a0\u00a0<strong><a style=\"color: #000000;\" href=\"tel:0916313069\">0916 313 069<\/a><\/strong><\/span><\/p><p><span class=\"icon-mail\" style=\"color: #000000;\"> \u2014 <a style=\"color: #000000;\" href=\"mailto:kinhdoanh02@tanhuuqui.com\">kinhdoanh02@tanhuuqui.com<\/a><\/span><\/p><\/div>\n\t\t\t\t<\/div>\n\t\t\t\t\t\t\t<div class=\"elementor-toggle-item\">\n\t\t\t\t\t<div id=\"elementor-tab-title-1102\" class=\"elementor-tab-title\" data-tab=\"2\" role=\"button\" aria-controls=\"elementor-tab-content-1102\" aria-expanded=\"false\">\n\t\t\t\t\t\t\t\t\t\t\t\t<span class=\"elementor-toggle-icon elementor-toggle-icon-left\" aria-hidden=\"true\">\n\t\t\t\t\t\t\t\t\t\t\t\t\t\t\t<span class=\"elementor-toggle-icon-closed\"><i class=\"fas fa-caret-right\"><\/i><\/span>\n\t\t\t\t\t\t\t\t<span class=\"elementor-toggle-icon-opened\"><i class=\"elementor-toggle-icon-opened fas fa-caret-up\"><\/i><\/span>\n\t\t\t\t\t\t\t\t\t\t\t\t\t<\/span>\n\t\t\t\t\t\t\t\t\t\t\t\t<a class=\"elementor-toggle-title\" tabindex=\"0\">Ph\u00f2ng Kinh Doanh Ph\u1ee5 Gia<\/a>\n\t\t\t\t\t<\/div>\n\n\t\t\t\t\t<div id=\"elementor-tab-content-1102\" class=\"elementor-tab-content elementor-clearfix\" data-tab=\"2\" role=\"region\" aria-labelledby=\"elementor-tab-title-1102\"><p><span class=\"icon-user\">\u00a0\u2014 Ms. <strong>PHA LEL<\/strong> &#8211; Tr\u01b0\u1edfng ph\u00f2ng Ph\u1ee5 Gia<\/span><\/p><p><span class=\"icon-phone\"> \u2014\u00a0\u00a0<strong><a href=\"tel:0916313069\">0949 123 347<\/a><\/strong><\/span><\/p><p><span class=\"icon-mail\"> \u2014 <a href=\"mailto:dieuphoi01@tanhuuqui.com\">dieuphoi01@tanhuuqui.com<\/a><\/span><\/p><\/div>\n\t\t\t\t<\/div>\n\t\t\t\t\t\t\t<div class=\"elementor-toggle-item\">\n\t\t\t\t\t<div id=\"elementor-tab-title-1103\" class=\"elementor-tab-title\" data-tab=\"3\" role=\"button\" aria-controls=\"elementor-tab-content-1103\" aria-expanded=\"false\">\n\t\t\t\t\t\t\t\t\t\t\t\t<span class=\"elementor-toggle-icon elementor-toggle-icon-left\" aria-hidden=\"true\">\n\t\t\t\t\t\t\t\t\t\t\t\t\t\t\t<span class=\"elementor-toggle-icon-closed\"><i class=\"fas fa-caret-right\"><\/i><\/span>\n\t\t\t\t\t\t\t\t<span class=\"elementor-toggle-icon-opened\"><i class=\"elementor-toggle-icon-opened fas fa-caret-up\"><\/i><\/span>\n\t\t\t\t\t\t\t\t\t\t\t\t\t<\/span>\n\t\t\t\t\t\t\t\t\t\t\t\t<a class=\"elementor-toggle-title\" tabindex=\"0\">Ph\u00f2ng T\u00e0i Ch\u00ednh K\u1ebf To\u00e1n<\/a>\n\t\t\t\t\t<\/div>\n\n\t\t\t\t\t<div id=\"elementor-tab-content-1103\" class=\"elementor-tab-content elementor-clearfix\" data-tab=\"3\" role=\"region\" aria-labelledby=\"elementor-tab-title-1103\"><p><span class=\"icon-user\">\u00a0\u2014 Ms. <strong>H\u1ed2NG LAM<\/strong> &#8211; Tr\u01b0\u1edfng ph\u00f2ng K\u1ebf To\u00e1n<\/span><\/p><p><span class=\"icon-phone\"> \u2014\u00a0\u00a0<strong><a href=\"tel:0916140033\">0916 140 033<\/a><\/strong><\/span><\/p><p><span class=\"icon-mail\"> \u2014 <a href=\"mailto:ketoan01@tanhuuqui.com\">ketoan01@tanhuuqui.com<\/a><\/span><\/p><\/div>\n\t\t\t\t<\/div>\n\t\t\t\t\t\t\t<div class=\"elementor-toggle-item\">\n\t\t\t\t\t<div id=\"elementor-tab-title-1104\" class=\"elementor-tab-title\" data-tab=\"4\" role=\"button\" aria-controls=\"elementor-tab-content-1104\" aria-expanded=\"false\">\n\t\t\t\t\t\t\t\t\t\t\t\t<span class=\"elementor-toggle-icon elementor-toggle-icon-left\" aria-hidden=\"true\">\n\t\t\t\t\t\t\t\t\t\t\t\t\t\t\t<span class=\"elementor-toggle-icon-closed\"><i class=\"fas fa-caret-right\"><\/i><\/span>\n\t\t\t\t\t\t\t\t<span class=\"elementor-toggle-icon-opened\"><i class=\"elementor-toggle-icon-opened fas fa-caret-up\"><\/i><\/span>\n\t\t\t\t\t\t\t\t\t\t\t\t\t<\/span>\n\t\t\t\t\t\t\t\t\t\t\t\t<a class=\"elementor-toggle-title\" tabindex=\"0\">Ph\u00f2ng H\u00e0nh Ch\u00ednh Nh\u00e2n S\u1ef1<\/a>\n\t\t\t\t\t<\/div>\n\n\t\t\t\t\t<div id=\"elementor-tab-content-1104\" class=\"elementor-tab-content elementor-clearfix\" data-tab=\"4\" role=\"region\" aria-labelledby=\"elementor-tab-title-1104\"><p><span class=\"icon-user\">\u00a0\u2014 Ms. <strong>H\u1ed2NG NH\u00c2N<\/strong> &#8211; Chuy\u00ean vi\u00ean HCNS<\/span><\/p><p><span class=\"icon-phone\"> \u2014\u00a0\u00a0<strong><a href=\"tel:0918434039\">0918 434 039<\/a><\/strong><\/span><\/p><p><span class=\"icon-mail\"> \u2014 <a href=\"mailto:nhansu01@tanhuuqui.com\">nhansu01@tanhuuqui.com<\/a><\/span><\/p><\/div>\n\t\t\t\t<\/div>\n\t\t\t\t\t\t\t\t<\/div>\n\t\t\t\t\t\t<\/div>\n\t\t\t\t<\/div>\n\t\t\t\t\t<\/div>\n\t\t<\/div>\n\t\t\t\t<div class=\"elementor-column elementor-col-50 elementor-inner-column elementor-element elementor-element-9a39704 sc_content_align_inherit sc_layouts_column_icons_position_left sc_fly_static\" data-id=\"9a39704\" data-element_type=\"column\" data-e-type=\"column\">\n\t\t\t<div class=\"elementor-widget-wrap elementor-element-populated\">\n\t\t\t\t\t\t<div class=\"elementor-element elementor-element-4bafa57 sc_fly_static elementor-widget elementor-widget-spacer\" data-id=\"4bafa57\" data-element_type=\"widget\" data-e-type=\"widget\" data-widget_type=\"spacer.default\">\n\t\t\t\t<div class=\"elementor-widget-container\">\n\t\t\t\t\t\t\t<div class=\"elementor-spacer\">\n\t\t\t<div class=\"elementor-spacer-inner\"><\/div>\n\t\t<\/div>\n\t\t\t\t\t\t<\/div>\n\t\t\t\t<\/div>\n\t\t\t\t<div class=\"elementor-element elementor-element-332a0fc sc_fly_static elementor-widget elementor-widget-text-editor\" data-id=\"332a0fc\" data-element_type=\"widget\" data-e-type=\"widget\" data-widget_type=\"text-editor.default\">\n\t\t\t\t<div class=\"elementor-widget-container\">\n\t\t\t\t\t\t\t\t\t<p>Ho\u1eb7c vui l\u00f2ng \u0111\u1ec3 l\u1ea1i th\u00f4ng tin cho ch\u00fang t\u00f4i b\u00ean d\u01b0\u1edbi:<\/p>\t\t\t\t\t\t\t\t<\/div>\n\t\t\t\t<\/div>\n\t\t\t\t<div class=\"elementor-element elementor-element-b7adc3c elementor-button-align-stretch sc_fly_static elementor-widget elementor-widget-form\" data-id=\"b7adc3c\" data-element_type=\"widget\" data-e-type=\"widget\" data-settings=\"{&quot;step_next_label&quot;:&quot;Next&quot;,&quot;step_previous_label&quot;:&quot;Previous&quot;,&quot;button_width&quot;:&quot;100&quot;,&quot;step_type&quot;:&quot;number_text&quot;,&quot;step_icon_shape&quot;:&quot;circle&quot;}\" data-widget_type=\"form.default\">\n\t\t\t\t<div class=\"elementor-widget-container\">\n\t\t\t\t\t\t\t<form class=\"elementor-form\" method=\"post\" name=\"New Form\" aria-label=\"New Form\">\r\n\t\t\t<input type=\"hidden\" name=\"post_id\" value=\"25894\"\/>\r\n\t\t\t<input type=\"hidden\" name=\"form_id\" value=\"b7adc3c\"\/>\r\n\t\t\t<input type=\"hidden\" name=\"referer_title\" value=\"\" \/>\r\n\r\n\t\t\t\r\n\t\t\t<div class=\"elementor-form-fields-wrapper elementor-labels-\">\r\n\t\t\t\t\t\t\t\t<div class=\"elementor-field-type-select elementor-field-group elementor-column elementor-field-group-field_019be1d elementor-col-100 elementor-field-required\">\r\n\t\t\t\t\t\t\t\t\t\t\t\t<label for=\"form-field-field_019be1d\" class=\"elementor-field-label elementor-screen-only\">\r\n\t\t\t\t\t\t\t\tPh\u00f2ng ban li\u00ean h\u1ec7\t\t\t\t\t\t\t<\/label>\r\n\t\t\t\t\t\t\t\t<div class=\"elementor-field elementor-select-wrapper remove-before \">\r\n\t\t\t<div class=\"select-caret-down-wrapper\">\r\n\t\t\t\t<i aria-hidden=\"true\" class=\"eicon-caret-down\"><\/i>\t\t\t<\/div>\r\n\t\t\t<select name=\"form_fields[field_019be1d]\" id=\"form-field-field_019be1d\" class=\"elementor-field-textual elementor-size-md\" required=\"required\">\r\n\t\t\t\t\t\t\t\t\t<option value=\"\"><\/option>\r\n\t\t\t\t\t\t\t\t\t<option value=\"Ph\u00f2ng N\u00f4ng S\u1ea3n\">Ph\u00f2ng N\u00f4ng S\u1ea3n<\/option>\r\n\t\t\t\t\t\t\t\t\t<option value=\"Ph\u00f2ng Ph\u1ee5 Gia\">Ph\u00f2ng Ph\u1ee5 Gia<\/option>\r\n\t\t\t\t\t\t\t\t\t<option value=\"Ph\u00f2ng T\u00e0i Ch\u00ednh K\u1ebf To\u00e1n\">Ph\u00f2ng T\u00e0i Ch\u00ednh K\u1ebf To\u00e1n<\/option>\r\n\t\t\t\t\t\t\t\t\t<option value=\"Ph\u00f2ng H\u00e0nh Ch\u00ednh Nh\u00e2n S\u1ef1\">Ph\u00f2ng H\u00e0nh Ch\u00ednh Nh\u00e2n S\u1ef1<\/option>\r\n\t\t\t\t\t\t\t\t\t<option value=\"Ph\u00f2ng Marketing\">Ph\u00f2ng Marketing<\/option>\r\n\t\t\t\t\t\t\t<\/select>\r\n\t\t<\/div>\r\n\t\t\t\t\t\t<\/div>\r\n\t\t\t\t\t\t\t\t<div class=\"elementor-field-type-text elementor-field-group elementor-column elementor-field-group-name elementor-col-50\">\r\n\t\t\t\t\t\t\t\t\t\t\t\t<label for=\"form-field-name\" class=\"elementor-field-label elementor-screen-only\">\r\n\t\t\t\t\t\t\t\tH\u1ecd v\u00e0 t\u00ean li\u00ean h\u1ec7\t\t\t\t\t\t\t<\/label>\r\n\t\t\t\t\t\t\t\t\t\t\t\t\t\t<input size=\"1\" type=\"text\" name=\"form_fields[name]\" id=\"form-field-name\" class=\"elementor-field elementor-size-md  elementor-field-textual\" placeholder=\"Vui l\u00f2ng ghi h\u1ecd t\u00ean\">\r\n\t\t\t\t\t\t\t\t\t\t\t<\/div>\r\n\t\t\t\t\t\t\t\t<div class=\"elementor-field-type-tel elementor-field-group elementor-column elementor-field-group-field_33a5c8c elementor-col-50 elementor-field-required\">\r\n\t\t\t\t\t\t\t\t\t\t\t\t<label for=\"form-field-field_33a5c8c\" class=\"elementor-field-label elementor-screen-only\">\r\n\t\t\t\t\t\t\t\t\u0110i\u1ec7n tho\u1ea1i\t\t\t\t\t\t\t<\/label>\r\n\t\t\t\t\t\t\t\t<input size=\"1\" type=\"tel\" name=\"form_fields[field_33a5c8c]\" id=\"form-field-field_33a5c8c\" class=\"elementor-field elementor-size-md  elementor-field-textual\" placeholder=\"\u0110i\u1ec7n tho\u1ea1i li\u00ean h\u1ec7\" required=\"required\" pattern=\"[0-9()#&amp;+*-=.]+\" title=\"Only numbers and phone characters (#, -, *, etc) are accepted.\">\r\n\r\n\t\t\t\t\t\t<\/div>\r\n\t\t\t\t\t\t\t\t<div class=\"elementor-field-type-email elementor-field-group elementor-column elementor-field-group-email elementor-col-50 elementor-field-required\">\r\n\t\t\t\t\t\t\t\t\t\t\t\t<label for=\"form-field-email\" class=\"elementor-field-label elementor-screen-only\">\r\n\t\t\t\t\t\t\t\tEmail\t\t\t\t\t\t\t<\/label>\r\n\t\t\t\t\t\t\t\t\t\t\t\t\t\t<input size=\"1\" type=\"email\" name=\"form_fields[email]\" id=\"form-field-email\" class=\"elementor-field elementor-size-md  elementor-field-textual\" placeholder=\"\u0110\u1ecba ch\u1ec9 Email\" required=\"required\">\r\n\t\t\t\t\t\t\t\t\t\t\t<\/div>\r\n\t\t\t\t\t\t\t\t<div class=\"elementor-field-type-text elementor-field-group elementor-column elementor-field-group-field_0f6437d elementor-col-50 elementor-field-required\">\r\n\t\t\t\t\t\t\t\t\t\t\t\t<label for=\"form-field-field_0f6437d\" class=\"elementor-field-label elementor-screen-only\">\r\n\t\t\t\t\t\t\t\t\u0110\u1ecba ch\u1ec9\t\t\t\t\t\t\t<\/label>\r\n\t\t\t\t\t\t\t\t\t\t\t\t\t\t<input size=\"1\" type=\"text\" name=\"form_fields[field_0f6437d]\" id=\"form-field-field_0f6437d\" class=\"elementor-field elementor-size-md  elementor-field-textual\" placeholder=\"\u0110\u1ecba ch\u1ec9 c\u1ee7a b\u1ea1n\" required=\"required\">\r\n\t\t\t\t\t\t\t\t\t\t\t<\/div>\r\n\t\t\t\t\t\t\t\t<div class=\"elementor-field-type-textarea elementor-field-group elementor-column elementor-field-group-message elementor-col-100 elementor-field-required\">\r\n\t\t\t\t\t\t\t\t\t\t\t\t<label for=\"form-field-message\" class=\"elementor-field-label elementor-screen-only\">\r\n\t\t\t\t\t\t\t\tN\u1ed9i dung\t\t\t\t\t\t\t<\/label>\r\n\t\t\t\t\t\t<textarea class=\"elementor-field-textual elementor-field  elementor-size-md\" name=\"form_fields[message]\" id=\"form-field-message\" rows=\"4\" placeholder=\"Vui l\u00f2ng ghi r\u00f5 th\u00f4ng tin c\u1ea7n trao \u0111\u1ed5i h\u1ed7 tr\u1ee3\" required=\"required\"><\/textarea>\t\t\t\t<\/div>\r\n\t\t\t\t\t\t\t\t<div class=\"elementor-field-group elementor-column elementor-field-type-submit elementor-col-100 e-form__buttons\">\r\n\t\t\t\t\t<button class=\"elementor-button elementor-size-sm\" type=\"submit\">\r\n\t\t\t\t\t\t<span class=\"elementor-button-content-wrapper\">\r\n\t\t\t\t\t\t\t\t\t\t\t\t\t\t\t\t\t\t\t\t\t\t<span class=\"elementor-button-text\">G\u1eedi tin nh\u1eafn<\/span>\r\n\t\t\t\t\t\t\t\t\t\t\t\t\t<\/span>\r\n\t\t\t\t\t<\/button>\r\n\t\t\t\t<\/div>\r\n\t\t\t<\/div>\r\n\t\t<\/form>\r\n\t\t\t\t\t\t<\/div>\n\t\t\t\t<\/div>\n\t\t\t\t\t<\/div>\n\t\t<\/div>\n\t\t\t\t\t<\/div>\n\t\t<\/section>\n\t\t\t\t<div class=\"elementor-element elementor-element-337b774 sc_height_medium sc_fly_static elementor-widget elementor-widget-spacer\" data-id=\"337b774\" data-element_type=\"widget\" data-e-type=\"widget\" data-widget_type=\"spacer.default\">\n\t\t\t\t<div class=\"elementor-widget-container\">\n\t\t\t\t\t\t\t<div class=\"elementor-spacer\">\n\t\t\t<div class=\"elementor-spacer-inner\"><\/div>\n\t\t<\/div>\n\t\t\t\t\t\t<\/div>\n\t\t\t\t<\/div>\n\t\t\t\t\t<\/div>\n\t\t<\/div>\n\t\t\t\t\t<\/div>\n\t\t<\/section>\n\t\t\t\t<section class=\"elementor-section elementor-top-section elementor-element elementor-element-5f3c057 elementor-section-full_width elementor-section-height-default elementor-section-height-default sc_fly_static\" data-id=\"5f3c057\" data-element_type=\"section\" data-e-type=\"section\">\n\t\t\t\t\t\t<div class=\"elementor-container elementor-column-gap-extended\">\n\t\t\t\t\t<div class=\"elementor-column elementor-col-100 elementor-top-column elementor-element elementor-element-fc993d1 sc_content_align_inherit sc_layouts_column_icons_position_left sc_fly_static\" data-id=\"fc993d1\" data-element_type=\"column\" data-e-type=\"column\">\n\t\t\t<div class=\"elementor-widget-wrap elementor-element-populated\">\n\t\t\t\t\t\t<div class=\"elementor-element elementor-element-1b65b65 sc_fly_static elementor-widget elementor-widget-text-editor\" data-id=\"1b65b65\" data-element_type=\"widget\" data-e-type=\"widget\" data-settings=\"{&quot;motion_fx_motion_fx_mouse&quot;:&quot;yes&quot;}\" data-widget_type=\"text-editor.default\">\n\t\t\t\t<div class=\"elementor-widget-container\">\n\t\t\t\t\t\t\t\t\t<iframe src=\"https:\/\/www.google.com\/maps\/embed?pb=!1m18!1m12!1m3!1d3918.7717208683966!2d106.77119901438527!3d10.82877396118735!2m3!1f0!2f0!3f0!3m2!1i1024!2i768!4f13.1!3m3!1m2!1s0x317527002a57287f%3A0xed71819e1aaa005e!2zQ8O0bmcgdHkgVE5ISCBUaMawxqFuZyBN4bqhaSBE4buLY2ggVuG7pSBUw6JuIEjhu691IFF1w60!5e0!3m2!1svi!2s!4v1656751783726!5m2!1svi!2s\" width=\"600\" height=\"300\" style=\"border:0;\" allowfullscreen=\"\" loading=\"lazy\" referrerpolicy=\"no-referrer-when-downgrade\"><\/iframe>\t\t\t\t\t\t\t\t<\/div>\n\t\t\t\t<\/div>\n\t\t\t\t\t<\/div>\n\t\t<\/div>\n\t\t\t\t\t<\/div>\n\t\t<\/section>\n\t\t\t\t<section class=\"elementor-section elementor-top-section elementor-element elementor-element-e84db8a elementor-section-full_width elementor-section-content-middle elementor-section-height-default elementor-section-height-default sc_fly_static\" data-id=\"e84db8a\" data-element_type=\"section\" data-e-type=\"section\">\n\t\t\t\t\t\t<div class=\"elementor-container elementor-column-gap-extended\">\n\t\t\t\t\t<div class=\"elementor-column elementor-col-100 elementor-top-column elementor-element elementor-element-082cdc4 sc_content_align_inherit sc_layouts_column_icons_position_left sc_fly_static\" data-id=\"082cdc4\" data-element_type=\"column\" data-e-type=\"column\">\n\t\t\t<div class=\"elementor-widget-wrap elementor-element-populated\">\n\t\t\t\t\t\t\t<\/div>\n\t\t<\/div>\n\t\t\t\t\t<\/div>\n\t\t<\/section>\n\t\t\t\t<\/div>\n\t\t","protected":false},"excerpt":{"rendered":"<p>T\u00e2n H\u1eefu Qu\u00ed c\u1ea3m \u01a1n b\u1ea1n \u0111\u00e3 quan t\u00e2m! TH\u00d4NG TIN LI\u00caN H\u1ec6 T\u00e2n H\u1eefu Qu\u00ed lu\u00f4n s\u1eb5n s\u00e0ng \u0111\u1ec3 ph\u1ee5c v\u1ee5 c\u00e1c nhu c\u1ea7u h\u1ee3p t\u00e1c kinh doanh, xin&hellip;<\/p>","protected":false},"author":1,"featured_media":0,"parent":0,"menu_order":0,"comment_status":"closed","ping_status":"closed","template":"","meta":{"om_disable_all_campaigns":false,"_mi_skip_tracking":false,"_monsterinsights_sitenote_active":false,"_monsterinsights_sitenote_note":"","_monsterinsights_sitenote_category":0,"footnotes":""},"class_list":["post-25894","page","type-page","status-publish","hentry"],"aioseo_notices":[],"_links":{"self":[{"href":"https:\/\/tanhuuqui.com\/zh\/wp-json\/wp\/v2\/pages\/25894","targetHints":{"allow":["GET"]}}],"collection":[{"href":"https:\/\/tanhuuqui.com\/zh\/wp-json\/wp\/v2\/pages"}],"about":[{"href":"https:\/\/tanhuuqui.com\/zh\/wp-json\/wp\/v2\/types\/page"}],"author":[{"embeddable":true,"href":"https:\/\/tanhuuqui.com\/zh\/wp-json\/wp\/v2\/users\/1"}],"replies":[{"embeddable":true,"href":"https:\/\/tanhuuqui.com\/zh\/wp-json\/wp\/v2\/comments?post=25894"}],"version-history":[{"count":39,"href":"https:\/\/tanhuuqui.com\/zh\/wp-json\/wp\/v2\/pages\/25894\/revisions"}],"predecessor-version":[{"id":40738,"href":"https:\/\/tanhuuqui.com\/zh\/wp-json\/wp\/v2\/pages\/25894\/revisions\/40738"}],"wp:attachment":[{"href":"https:\/\/tanhuuqui.com\/zh\/wp-json\/wp\/v2\/media?parent=25894"}],"curies":[{"name":"wp","href":"https:\/\/api.w.org\/{rel}","templated":true}]}}