{"id":13480,"date":"2016-06-22T06:07:59","date_gmt":"2016-06-22T06:07:59","guid":{"rendered":"http:\/\/tanhuuqui.com\/?post_type=product&#038;p=98"},"modified":"2025-10-28T16:05:15","modified_gmt":"2025-10-28T09:05:15","slug":"dau-nanh-hat","status":"publish","type":"product","link":"https:\/\/tanhuuqui.com\/zh\/product\/dau-nanh-hat\/","title":{"rendered":"\u5927\u8c46\u575a\u679c"},"content":{"rendered":"<h4><span style=\"color: #ff6600;\"><strong>\u5927\u8c46\u575a\u679c<\/strong><\/span><\/h4>\n<p><strong>\u0110\u1eb7c t\u00ednh v\u1eadt l\u00fd<\/strong><\/p>\n<ul>\n<li>M\u00e0u tr\u1eafng s\u1eefa \u0111\u1ebfn v\u00e0ng ng\u00e0<\/li>\n<li>M\u00f9i th\u01a1m \u0111\u1eb7c tr\u01b0ng<\/li>\n<li>H\u1ea1t h\u01b0 h\u1ecfng \u2264 <span style=\"letter-spacing: 0px;\">2%<\/span><\/li>\n<li>H\u1ea1t v\u1ee1 \u2264 6%<\/li>\n<li>H\u1ea1t kh\u00e1c m\u00e0u \u2264 2%<\/li>\n<li>T\u1ea1p ch\u1ea5t \u2264 1%<\/li>\n<\/ul>\n<p><strong>\u0110\u1eb7c t\u00ednh h\u00f3a h\u1ecdc<\/strong><\/p>\n<ul>\n<li>\u0110\u1ed9 \u1ea9m \u2264 14%<\/li>\n<\/ul>\n<p><strong>C\u00f4ng d\u1ee5ng:<\/strong> \u0110\u1eadu n\u00e0nh h\u1ea1t cung c\u1ea5p protein th\u1ef1c v\u1eadt cho s\u1ea3n xu\u1ea5t th\u1ee9c \u0103n gia s\u00fac \u2013 gia c\u1ea7m \u2013 th\u1ee7y s\u1ea3n<\/p>\n<p><strong>Quy c\u00e1ch:<\/strong>\u00a0H\u00e0ng x\u00e1\/bao 50kg<\/p>\n<p><strong>B\u1ea3o qu\u1ea3n:<\/strong> N\u01a1i kh\u00f4 r\u00e1o tho\u00e1ng m\u00e1t<\/p>\n<h4><span style=\"color: #ff6600;\"><strong>NH\u00c0 PH\u00c2N PH\u1ed0I<\/strong><strong>:<\/strong><\/span><\/h4>\n<p><strong>C\u00d4NG TY TNHH TH\u01af\u01a0NG M\u1ea0I D\u1ecaCH V\u1ee4 T\u00c2N H\u1eeeU QU\u00cd<\/strong><\/p>\n<p>2, \u0110\u01b0\u1eddng s\u1ed1 2, P. Ph\u01b0\u1edbc Long, TP. H\u1ed3 Ch\u00ed Minh<\/p>\n<h4><strong>LI\u00caN H\u1ec6 \u0110\u1eb6T H\u00c0NG S\u1ea2N PH\u1ea8M C\u1ee6A CH\u00daNG T\u00d4I:<\/strong><\/h4>\n<p>S\u1ed1 hotline:\u00a0<strong>0916.313.069 (Ms. H\u1ed3ng T\u01b0\u01a1i)<\/strong><\/p>\n<p>Webstie:\u00a0<a href=\"http:\/\/tanhuuqui.com\/zh\/\">www.tanhuuqui.com<\/a><\/p>\n<p>Fanpage:<strong>\u00a0<a href=\"https:\/\/www.facebook.com\/tanhuuqui\">C\u00f4ng ty TNHH TM DV T\u00e2n H\u1eefu Qu\u00ed<\/a><\/strong><\/p>","protected":false},"excerpt":{"rendered":"<h4><span style=\"color: #ff6600;\"><strong>\u5927\u8c46\u575a\u679c<\/strong><\/span><\/h4>\n<p><strong>\u0110\u1eb7c t\u00ednh v\u1eadt l\u00fd<\/strong><\/p>\n<ul>\n<li>M\u00e0u tr\u1eafng s\u1eefa \u0111\u1ebfn v\u00e0ng ng\u00e0<\/li>\n<li>M\u00f9i th\u01a1m \u0111\u1eb7c tr\u01b0ng<\/li>\n<li>H\u1ea1t h\u01b0 h\u1ecfng \u2264 <span style=\"letter-spacing: 0px;\">2%<\/span><\/li>\n<li>H\u1ea1t v\u1ee1 \u2264 6%<\/li>\n<li>H\u1ea1t kh\u00e1c m\u00e0u \u2264 2%<\/li>\n<li>T\u1ea1p ch\u1ea5t \u2264 1%<\/li>\n<\/ul>\n<p><strong>\u0110\u1eb7c t\u00ednh h\u00f3a h\u1ecdc<\/strong><\/p>\n<ul>\n<li>\u0110\u1ed9 \u1ea9m \u2264 14%<\/li>\n<\/ul>","protected":false},"featured_media":16085,"comment_status":"closed","ping_status":"closed","template":"","meta":{"om_disable_all_campaigns":false,"_mi_skip_tracking":false,"_monsterinsights_sitenote_active":false,"_monsterinsights_sitenote_note":"","_monsterinsights_sitenote_category":0},"product_brand":[],"product_cat":[470],"product_tag":[606,474,476,507,477,607,570,479,480],"class_list":{"0":"post-13480","1":"product","2":"type-product","3":"status-publish","4":"has-post-thumbnail","6":"product_cat-nguyen-lieu","7":"product_tag-dau-nanh-hat","8":"product_tag-gia-cam","9":"product_tag-hoa-hoc","10":"product_tag-protein","11":"product_tag-tan-huu-qui","12":"product_tag-thu-cvat","13":"product_tag-thuc-an-gia-suc","14":"product_tag-thuy-san","15":"product_tag-vat-ly","17":"first","18":"instock","19":"shipping-taxable","20":"product-type-simple"},"aioseo_notices":[],"_links":{"self":[{"href":"https:\/\/tanhuuqui.com\/zh\/wp-json\/wp\/v2\/product\/13480","targetHints":{"allow":["GET"]}}],"collection":[{"href":"https:\/\/tanhuuqui.com\/zh\/wp-json\/wp\/v2\/product"}],"about":[{"href":"https:\/\/tanhuuqui.com\/zh\/wp-json\/wp\/v2\/types\/product"}],"replies":[{"embeddable":true,"href":"https:\/\/tanhuuqui.com\/zh\/wp-json\/wp\/v2\/comments?post=13480"}],"version-history":[{"count":4,"href":"https:\/\/tanhuuqui.com\/zh\/wp-json\/wp\/v2\/product\/13480\/revisions"}],"predecessor-version":[{"id":40797,"href":"https:\/\/tanhuuqui.com\/zh\/wp-json\/wp\/v2\/product\/13480\/revisions\/40797"}],"wp:featuredmedia":[{"embeddable":true,"href":"https:\/\/tanhuuqui.com\/zh\/wp-json\/wp\/v2\/media\/16085"}],"wp:attachment":[{"href":"https:\/\/tanhuuqui.com\/zh\/wp-json\/wp\/v2\/media?parent=13480"}],"wp:term":[{"taxonomy":"product_brand","embeddable":true,"href":"https:\/\/tanhuuqui.com\/zh\/wp-json\/wp\/v2\/product_brand?post=13480"},{"taxonomy":"product_cat","embeddable":true,"href":"https:\/\/tanhuuqui.com\/zh\/wp-json\/wp\/v2\/product_cat?post=13480"},{"taxonomy":"product_tag","embeddable":true,"href":"https:\/\/tanhuuqui.com\/zh\/wp-json\/wp\/v2\/product_tag?post=13480"}],"curies":[{"name":"wp","href":"https:\/\/api.w.org\/{rel}","templated":true}]}}