{"id":13481,"date":"2016-06-22T10:25:48","date_gmt":"2016-06-22T03:25:48","guid":{"rendered":"http:\/\/tanhuuqui.com\/?post_type=product&#038;p=72"},"modified":"2025-10-28T16:17:39","modified_gmt":"2025-10-28T09:17:39","slug":"dcp-huu-co-tan-huu-qui","status":"publish","type":"product","link":"https:\/\/tanhuuqui.com\/zh\/product\/dcp-huu-co-tan-huu-qui\/","title":{"rendered":"DCP\u6709\u989d\u5916\u7684Ca,P\u6599\u6e14\u4e1a"},"content":{"rendered":"<div data-elementor-type=\"product-post\" data-elementor-id=\"13481\" class=\"elementor elementor-13481\" data-elementor-post-type=\"product\">\n\t\t\t\t\t\t<section class=\"elementor-section elementor-top-section elementor-element elementor-element-3fbd555a elementor-section-boxed elementor-section-height-default elementor-section-height-default sc_fly_static\" data-id=\"3fbd555a\" data-element_type=\"section\" data-e-type=\"section\">\n\t\t\t\t\t\t<div class=\"elementor-container elementor-column-gap-extended\">\n\t\t\t\t\t<div class=\"elementor-column elementor-col-100 elementor-top-column elementor-element elementor-element-27a80b98 sc_content_align_inherit sc_layouts_column_icons_position_left sc_fly_static\" data-id=\"27a80b98\" data-element_type=\"column\" data-e-type=\"column\">\n\t\t\t<div class=\"elementor-widget-wrap elementor-element-populated\">\n\t\t\t\t\t\t<div class=\"elementor-element elementor-element-7b94a2d3 sc_fly_static elementor-widget elementor-widget-text-editor\" data-id=\"7b94a2d3\" data-element_type=\"widget\" data-e-type=\"widget\" data-widget_type=\"text-editor.default\">\n\t\t\t\t<div class=\"elementor-widget-container\">\n\t\t\t\t\t\t\t\t\t<h4><span style=\"color: #ff6600;\"><strong>DCP h\u1eefu c\u01a1<\/strong><\/span><\/h4><p><strong>\u0110\u1eb7c t\u00ednh v\u1eadt l\u00fd:<\/strong><\/p><p>B\u1ed9t m\u00e0u tr\u1eafng ng\u00e0<\/p><p><strong>\u0110\u1eb7c t\u00ednh h\u00f3a h\u1ecdc<\/strong><\/p><ul><li>Ca: 22%<\/li><li>P: 11%<\/li><li>\u0110\u1ea1m: 20%<\/li><li>\u0110\u1ea1m ti\u00eau h\u00f3a: 86.5%<\/li><\/ul><p><strong>C\u00f4ng d\u1ee5ng:<\/strong> DCP h\u1eefu c\u01a1 cung c\u1ea5p Ca, P cho th\u1ee9c \u0103n ch\u0103n nu\u00f4i \u2013 th\u1ee7y s\u1ea3n<\/p><p><strong>Quy c\u00e1ch:<\/strong> H\u00e0ng bao PP (50 kg\/bao)<\/p><p><strong>Xu\u1ea5t x\u1ee9:<\/strong> H\u00e0 Lan<\/p><p><strong>B\u1ea3o qu\u1ea3n:<\/strong> N\u01a1i kh\u00f4 r\u00e1o tho\u00e1ng m\u00e1t<\/p><h4><span style=\"color: #ff6600;\"><strong>NH\u00c0 PH\u00c2N PH\u1ed0I:<\/strong><\/span><\/h4><p><strong>C\u00d4NG TY TNHH TH\u01af\u01a0NG M\u1ea0I D\u1ecaCH V\u1ee4 T\u00c2N H\u1eeeU QU\u00cd<\/strong><\/p><p>2 \u0110\u01b0\u1eddng s\u1ed1 2, P. Ph\u01b0\u1edbc Long, TP. H\u00f4\u0300 Chi\u0301 Minh<\/p><h4><span style=\"color: #ff6600;\"><strong>LI\u00caN H\u1ec6 \u0110\u1eb6T H\u00c0NG S\u1ea2N PH\u1ea8M\u00a0<\/strong><strong>C\u1ee6A CH\u00daNG T\u00d4I:<\/strong><\/span><\/h4><p><strong>Ph\u00f2ng Kinh doanh Ph\u1ee5 Gia<\/strong><\/p><p>Tel:\u00a0<strong>Ms. Phalel \u2013<\/strong>\u00a0\u00a0\u00a0<em><b>0916.497.717<\/b><\/em>\u00a0\u00a0\u00a0\u00a0\u00a0\u00a0 Email:\u00a0<a href=\"mailto:kinhdoanh03@tanhuuqui.com\">kinhdoanh03@tanhuuqui.com<\/a><\/p><p>Webstie:\u00a0<a href=\"http:\/\/tanhuuqui.com\/zh\/\">www.tanhuuqui.com<\/a><\/p><p>Fanpage:\u00a0<a href=\"https:\/\/www.facebook.com\/tanhuuqui\"><strong>C\u00f4ng ty TNHH TM DV T\u00e2n H\u1eefu Qu\u00ed<\/strong><\/a><\/p><p>Xem th\u00eam s\u1ea3n ph\u1ea9m:\u00a0<a href=\"http:\/\/tanhuuqui.com\/zh\/product\/mix-alive-thao-duoc-thay-khang-sinh\/\">Mix-Alive<\/a><\/p>\t\t\t\t\t\t\t\t<\/div>\n\t\t\t\t<\/div>\n\t\t\t\t\t<\/div>\n\t\t<\/div>\n\t\t\t\t\t<\/div>\n\t\t<\/section>\n\t\t\t\t<\/div>","protected":false},"excerpt":{"rendered":"<h4><span style=\"color: #ff6600\"><strong>DCP h\u1eefu c\u01a1<\/strong><\/span><\/h4>\n<p><strong>\u0110\u1eb7c t\u00ednh v\u1eadt l\u00fd:<\/strong><\/p>\n<p>B\u1ed9t m\u00e0u tr\u1eafng ng\u00e0<\/p>\n<p><strong>\u0110\u1eb7c t\u00ednh h\u00f3a h\u1ecdc<\/strong><\/p>\n<ul>\n<li>Ca: 22%<\/li>\n<li>P: 11%<\/li>\n<li>\u0110\u1ea1m: 20%<\/li>\n<li>\u0110\u1ea1m ti\u00eau h\u00f3a: 86.5%<\/li>\n<\/ul>","protected":false},"featured_media":16109,"comment_status":"closed","ping_status":"closed","template":"","meta":{"om_disable_all_campaigns":false,"_mi_skip_tracking":false,"_monsterinsights_sitenote_active":false,"_monsterinsights_sitenote_note":"","_monsterinsights_sitenote_category":0},"product_brand":[],"product_cat":[492,493],"product_tag":[608,489,576,609,610,476,603,477,487,479,480],"class_list":{"0":"post-13481","1":"product","2":"type-product","3":"status-publish","4":"has-post-thumbnail","6":"product_cat-phu-gia","7":"product_cat-phu-gia-khac","8":"product_tag-c","9":"product_tag-dam","10":"product_tag-dam-tieu-hoa","11":"product_tag-dcp-huu-co","12":"product_tag-ha-lan","13":"product_tag-hoa-hoc","14":"product_tag-p","15":"product_tag-tan-huu-qui","16":"product_tag-thuc-an-chan-nuoi","17":"product_tag-thuy-san","18":"product_tag-vat-ly","20":"first","21":"instock","22":"shipping-taxable","23":"product-type-simple"},"aioseo_notices":[],"_links":{"self":[{"href":"https:\/\/tanhuuqui.com\/zh\/wp-json\/wp\/v2\/product\/13481","targetHints":{"allow":["GET"]}}],"collection":[{"href":"https:\/\/tanhuuqui.com\/zh\/wp-json\/wp\/v2\/product"}],"about":[{"href":"https:\/\/tanhuuqui.com\/zh\/wp-json\/wp\/v2\/types\/product"}],"replies":[{"embeddable":true,"href":"https:\/\/tanhuuqui.com\/zh\/wp-json\/wp\/v2\/comments?post=13481"}],"version-history":[{"count":8,"href":"https:\/\/tanhuuqui.com\/zh\/wp-json\/wp\/v2\/product\/13481\/revisions"}],"predecessor-version":[{"id":40813,"href":"https:\/\/tanhuuqui.com\/zh\/wp-json\/wp\/v2\/product\/13481\/revisions\/40813"}],"wp:featuredmedia":[{"embeddable":true,"href":"https:\/\/tanhuuqui.com\/zh\/wp-json\/wp\/v2\/media\/16109"}],"wp:attachment":[{"href":"https:\/\/tanhuuqui.com\/zh\/wp-json\/wp\/v2\/media?parent=13481"}],"wp:term":[{"taxonomy":"product_brand","embeddable":true,"href":"https:\/\/tanhuuqui.com\/zh\/wp-json\/wp\/v2\/product_brand?post=13481"},{"taxonomy":"product_cat","embeddable":true,"href":"https:\/\/tanhuuqui.com\/zh\/wp-json\/wp\/v2\/product_cat?post=13481"},{"taxonomy":"product_tag","embeddable":true,"href":"https:\/\/tanhuuqui.com\/zh\/wp-json\/wp\/v2\/product_tag?post=13481"}],"curies":[{"name":"wp","href":"https:\/\/api.w.org\/{rel}","templated":true}]}}