{"id":60,"date":"2016-06-22T04:59:24","date_gmt":"2016-06-22T04:59:24","guid":{"rendered":"http:\/\/tanhuuqui.com\/san-pham\/cam-dua\/"},"modified":"2025-10-28T16:06:14","modified_gmt":"2025-10-28T09:06:14","slug":"cam-dua","status":"publish","type":"product","link":"https:\/\/tanhuuqui.com\/zh\/product\/cam-dua\/","title":{"rendered":"\u9eb8\u3001\u6930\u5b50"},"content":{"rendered":"<h4><span style=\"color: #ff6600;\"><strong>\u9eb8\u3001\u6930\u5b50<\/strong><\/span><\/h4>\n<p><strong>\u0110\u1eb7c t\u00ednh v\u1eadt l\u00fd<\/strong><\/p>\n<ul>\n<li>M\u00e0u s\u1eafc: N\u00e2u nh\u1ea1t \u0111\u1ebfn n\u00e2u s\u1eadm<\/li>\n<li>M\u00f9i th\u01a1m \u0111\u1eb7c tr\u01b0ng<\/li>\n<\/ul>\n<p><strong>\u0110\u1eb7c t\u00ednh h\u00f3a h\u1ecdc<\/strong><\/p>\n<ul>\n<li>\u0110\u1ed9 \u1ea9m \u2264 13%<\/li>\n<li>\u0110\u1ea1m th\u00f4 \u226519%<\/li>\n<li>B\u00e9o \u2264 6%<\/li>\n<li>X\u01a1 \u2264 16%<\/li>\n<li>Aflatoxin \u2264 50ppb<\/li>\n<li>C\u00e1t s\u1ea1n \u2264 2.5%<\/li>\n<\/ul>\n<p><strong>C\u00f4ng d\u1ee5ng:<\/strong> C\u00e1m d\u1eeba l\u00e0 nguy\u00ean li\u1ec7u cung c\u1ea5p protein trong th\u1ee9c \u0103n ch\u0103n nu\u00f4i, th\u1ee7y s\u1ea3n.<\/p>\n<p><strong>Quy c\u00e1ch:<\/strong> H\u00e0ng x\u00e1<\/p>\n<p><strong>Xu\u1ea5t x\u1ee9:<\/strong> Philippines, Indonesia<\/p>\n<p><strong>B\u1ea3o qu\u1ea3n:<\/strong> N\u01a1i kh\u00f4 r\u00e1o tho\u00e1ng m\u00e1t<\/p>\n<h4><span style=\"color: #ff6600;\"><strong>NH\u00c0 PH\u00c2N PH\u1ed0I<\/strong><strong>:<\/strong><\/span><\/h4>\n<p><strong>C\u00d4NG TY TNHH TH\u01af\u01a0NG M\u1ea0I D\u1ecaCH V\u1ee4 T\u00c2N H\u1eeeU QU\u00cd<\/strong><\/p>\n<p>2, \u0110\u01b0\u1eddng s\u1ed1 2, P. Ph\u01b0\u1edbc Long, TP. H\u1ed3 Ch\u00ed Minh<\/p>\n<h4><span style=\"color: #ff6600;\"><strong>LI\u00caN H\u1ec6 \u0110\u1eb6T H\u00c0NG S\u1ea2N PH\u1ea8M C\u1ee6A CH\u00daNG T\u00d4I:<\/strong><\/span><\/h4>\n<p>S\u1ed1 hotline:\u00a0<strong>0916.313.069 (Ms. H\u1ed3ng T\u01b0\u01a1i)<\/strong><\/p>\n<p>Webstie:\u00a0<a href=\"http:\/\/tanhuuqui.com\/zh\/\">www.tanhuuqui.com<\/a><\/p>\n<p>Fanpage:<strong>\u00a0<a href=\"https:\/\/www.facebook.com\/tanhuuqui\">C\u00f4ng ty TNHH TM DV T\u00e2n H\u1eefu Qu\u00ed<\/a><\/strong><\/p>","protected":false},"excerpt":{"rendered":"<h4><span style=\"color: #ff6600;\"><strong>\u9eb8\u3001\u6930\u5b50<\/strong><\/span><\/h4>\n<p><strong>\u0110\u1eb7c t\u00ednh v\u1eadt l\u00fd<\/strong><\/p>\n<ul>\n<li>M\u00e0u s\u1eafc: N\u00e2u nh\u1ea1t \u0111\u1ebfn n\u00e2u s\u1eadm<\/li>\n<li>M\u00f9i th\u01a1m \u0111\u1eb7c tr\u01b0ng<\/li>\n<\/ul>\n<p><strong>\u0110\u1eb7c t\u00ednh h\u00f3a h\u1ecdc<\/strong><\/p>\n<ul>\n<li>\u0110\u1ed9 \u1ea9m \u2264 13%<\/li>\n<li>\u0110\u1ea1m th\u00f4 \u226519%<\/li>\n<li>B\u00e9o \u2264 6%<\/li>\n<li>X\u01a1 \u2264 16%<\/li>\n<li>Aflatoxin \u2264 50ppb<\/li>\n<li>C\u00e1t s\u1ea1n \u2264 2.5%<\/li>\n<\/ul>","protected":false},"featured_media":16082,"comment_status":"closed","ping_status":"closed","template":"","meta":{"om_disable_all_campaigns":false,"_mi_skip_tracking":false,"_monsterinsights_sitenote_active":false,"_monsterinsights_sitenote_note":"","_monsterinsights_sitenote_category":0},"product_brand":[],"product_cat":[470],"product_tag":[481,482,483,484,476,485,486,477,487,479,480],"class_list":{"0":"post-60","1":"product","2":"type-product","3":"status-publish","4":"has-post-thumbnail","6":"product_cat-nguyen-lieu","7":"product_tag-aflatoxin","8":"product_tag-beo","9":"product_tag-cam-dua","10":"product_tag-dam-tho","11":"product_tag-hoa-hoc","12":"product_tag-nguyen-lieu","13":"product_tag-philippin","14":"product_tag-tan-huu-qui","15":"product_tag-thuc-an-chan-nuoi","16":"product_tag-thuy-san","17":"product_tag-vat-ly","19":"first","20":"instock","21":"shipping-taxable","22":"product-type-simple"},"aioseo_notices":[],"_links":{"self":[{"href":"https:\/\/tanhuuqui.com\/zh\/wp-json\/wp\/v2\/product\/60","targetHints":{"allow":["GET"]}}],"collection":[{"href":"https:\/\/tanhuuqui.com\/zh\/wp-json\/wp\/v2\/product"}],"about":[{"href":"https:\/\/tanhuuqui.com\/zh\/wp-json\/wp\/v2\/types\/product"}],"replies":[{"embeddable":true,"href":"https:\/\/tanhuuqui.com\/zh\/wp-json\/wp\/v2\/comments?post=60"}],"version-history":[{"count":3,"href":"https:\/\/tanhuuqui.com\/zh\/wp-json\/wp\/v2\/product\/60\/revisions"}],"predecessor-version":[{"id":40798,"href":"https:\/\/tanhuuqui.com\/zh\/wp-json\/wp\/v2\/product\/60\/revisions\/40798"}],"wp:featuredmedia":[{"embeddable":true,"href":"https:\/\/tanhuuqui.com\/zh\/wp-json\/wp\/v2\/media\/16082"}],"wp:attachment":[{"href":"https:\/\/tanhuuqui.com\/zh\/wp-json\/wp\/v2\/media?parent=60"}],"wp:term":[{"taxonomy":"product_brand","embeddable":true,"href":"https:\/\/tanhuuqui.com\/zh\/wp-json\/wp\/v2\/product_brand?post=60"},{"taxonomy":"product_cat","embeddable":true,"href":"https:\/\/tanhuuqui.com\/zh\/wp-json\/wp\/v2\/product_cat?post=60"},{"taxonomy":"product_tag","embeddable":true,"href":"https:\/\/tanhuuqui.com\/zh\/wp-json\/wp\/v2\/product_tag?post=60"}],"curies":[{"name":"wp","href":"https:\/\/api.w.org\/{rel}","templated":true}]}}